{"id":2657,"date":"2019-03-07T17:32:21","date_gmt":"2019-03-07T15:32:21","guid":{"rendered":"http:\/\/www.ksttukku.fi\/kauppa\/?post_type=product&#038;p=2657"},"modified":"2022-04-05T12:52:51","modified_gmt":"2022-04-05T09:52:51","slug":"pilkkijan-kairasetti-iskeva-akkuporakone-jaakaira","status":"publish","type":"product","link":"https:\/\/www.ksttukku.fi\/kauppa\/tuote\/pilkkijan-kairasetti-iskeva-akkuporakone-jaakaira\/","title":{"rendered":"Einhell j\u00e4\u00e4kairapaketti"},"content":{"rendered":"<p>Sis\u00e4lt\u00e4\u00e4 tuotteet:<\/p>\n<p>Akkuiskuporakone TE-CD 18 Li-i Brushless Solo (4513860)<br \/>\nHiiliharjaton moottori<br \/>\nKaksi vaihdetta<br \/>\nMaksimiv\u00e4\u00e4nt\u00f6momentti: 60 Nm<br \/>\nMetalli-istukka: 13 mm<\/p>\n<p>4530010: Einhellin kest\u00e4v\u00e4, kankainen kantokassi 28 cm x 40 cm<\/p>\n<p>4512041: Einhell Power X-Change 3 Ah akku + pikalaturi<\/p>\n<p>4511396: 4 Ah Power X-Change akku<\/p>\n<p>Rapala Mora Ice Easy Cordless-kaira<\/p>\n","protected":false},"excerpt":{"rendered":"<p>J\u00e4\u00e4kairapakettiin kuuluu laadukas, hiiliharjattomalla moottorilla varustettu Einhell-akkuiskuporakone, kaksi akkua, k\u00e4tev\u00e4 kantokassi sek\u00e4 tietenkin Jyv\u00e4skyl\u00e4ss\u00e4 valmistettu Mora Ice Easy Cordless -j\u00e4\u00e4kaira.<\/p>\n","protected":false},"featured_media":2658,"comment_status":"closed","ping_status":"closed","template":"","meta":[],"product_brand":[],"product_cat":[208],"product_tag":[],"class_list":{"0":"post-2657","1":"product","2":"type-product","3":"status-publish","4":"has-post-thumbnail","6":"product_cat-akkutyokalut","8":"first","9":"outofstock","10":"taxable","11":"shipping-taxable","12":"purchasable","13":"product-type-simple"},"_links":{"self":[{"href":"https:\/\/www.ksttukku.fi\/kauppa\/wp-json\/wp\/v2\/product\/2657","targetHints":{"allow":["GET"]}}],"collection":[{"href":"https:\/\/www.ksttukku.fi\/kauppa\/wp-json\/wp\/v2\/product"}],"about":[{"href":"https:\/\/www.ksttukku.fi\/kauppa\/wp-json\/wp\/v2\/types\/product"}],"replies":[{"embeddable":true,"href":"https:\/\/www.ksttukku.fi\/kauppa\/wp-json\/wp\/v2\/comments?post=2657"}],"wp:featuredmedia":[{"embeddable":true,"href":"https:\/\/www.ksttukku.fi\/kauppa\/wp-json\/wp\/v2\/media\/2658"}],"wp:attachment":[{"href":"https:\/\/www.ksttukku.fi\/kauppa\/wp-json\/wp\/v2\/media?parent=2657"}],"wp:term":[{"taxonomy":"product_brand","embeddable":true,"href":"https:\/\/www.ksttukku.fi\/kauppa\/wp-json\/wp\/v2\/product_brand?post=2657"},{"taxonomy":"product_cat","embeddable":true,"href":"https:\/\/www.ksttukku.fi\/kauppa\/wp-json\/wp\/v2\/product_cat?post=2657"},{"taxonomy":"product_tag","embeddable":true,"href":"https:\/\/www.ksttukku.fi\/kauppa\/wp-json\/wp\/v2\/product_tag?post=2657"}],"curies":[{"name":"wp","href":"https:\/\/api.w.org\/{rel}","templated":true}]}}