{"id":2659,"date":"2019-03-07T17:44:59","date_gmt":"2019-03-07T15:44:59","guid":{"rendered":"http:\/\/www.ksttukku.fi\/kauppa\/?post_type=product&#038;p=2659"},"modified":"2020-03-02T17:15:04","modified_gmt":"2020-03-02T15:15:04","slug":"akkuporakone-tc-cd-18-35","status":"publish","type":"product","link":"https:\/\/www.ksttukku.fi\/kauppa\/tuote\/akkuporakone-tc-cd-18-35\/","title":{"rendered":"Akkuporakone TC-CD 18\/35"},"content":{"rendered":"<p>Einhell Power X-Change akkuporakoneessa on elektroninen kierrosnopeuden s\u00e4\u00e4t\u00f6 ja led-valo.<br \/>\nAkku: 18 V 1,5 Ah Li-Ion<br \/>\nV\u00e4\u00e4nt\u00f6: 35 Nm<br \/>\nVaihteet: 1<br \/>\nKierrokset: 0-550 min-1<br \/>\nMomentit: 21<br \/>\nIstukka: 10 mm<\/p>\n","protected":false},"excerpt":{"rendered":"<p>Akkuporakone TC-CD 18\/35 Li (1&#215;1,5 Ah) on ansioituneeseen Einhell Power X-Change tuoteperheeseen kuuluva ns. joka kodin peruskone ruuvauksiin ja porauksiin. Toimitus sis. 18 V 1,5 Ah PXC-akun ja 1 h laturin. Koneessa on 35 Nm v\u00e4\u00e4nt\u00f6.<\/p>\n","protected":false},"featured_media":2660,"comment_status":"closed","ping_status":"closed","template":"","meta":[],"product_brand":[],"product_cat":[208],"product_tag":[],"class_list":{"0":"post-2659","1":"product","2":"type-product","3":"status-publish","4":"has-post-thumbnail","6":"product_cat-akkutyokalut","8":"first","9":"instock","10":"taxable","11":"shipping-taxable","12":"purchasable","13":"product-type-simple"},"_links":{"self":[{"href":"https:\/\/www.ksttukku.fi\/kauppa\/wp-json\/wp\/v2\/product\/2659","targetHints":{"allow":["GET"]}}],"collection":[{"href":"https:\/\/www.ksttukku.fi\/kauppa\/wp-json\/wp\/v2\/product"}],"about":[{"href":"https:\/\/www.ksttukku.fi\/kauppa\/wp-json\/wp\/v2\/types\/product"}],"replies":[{"embeddable":true,"href":"https:\/\/www.ksttukku.fi\/kauppa\/wp-json\/wp\/v2\/comments?post=2659"}],"wp:featuredmedia":[{"embeddable":true,"href":"https:\/\/www.ksttukku.fi\/kauppa\/wp-json\/wp\/v2\/media\/2660"}],"wp:attachment":[{"href":"https:\/\/www.ksttukku.fi\/kauppa\/wp-json\/wp\/v2\/media?parent=2659"}],"wp:term":[{"taxonomy":"product_brand","embeddable":true,"href":"https:\/\/www.ksttukku.fi\/kauppa\/wp-json\/wp\/v2\/product_brand?post=2659"},{"taxonomy":"product_cat","embeddable":true,"href":"https:\/\/www.ksttukku.fi\/kauppa\/wp-json\/wp\/v2\/product_cat?post=2659"},{"taxonomy":"product_tag","embeddable":true,"href":"https:\/\/www.ksttukku.fi\/kauppa\/wp-json\/wp\/v2\/product_tag?post=2659"}],"curies":[{"name":"wp","href":"https:\/\/api.w.org\/{rel}","templated":true}]}}