{"id":2664,"date":"2019-03-08T12:29:35","date_gmt":"2019-03-08T10:29:35","guid":{"rendered":"http:\/\/www.ksttukku.fi\/kauppa\/?post_type=product&#038;p=2664"},"modified":"2024-05-06T14:29:03","modified_gmt":"2024-05-06T11:29:03","slug":"akkumonitoimikone-varrito","status":"publish","type":"product","link":"https:\/\/www.ksttukku.fi\/kauppa\/tuote\/akkumonitoimikone-varrito\/","title":{"rendered":"Akkumonitoimikone Varrito"},"content":{"rendered":"<p>Mukana toimitettavien tarvikkeiden avulla Varrito soveltuu kaikenlaisille materiaaleille, kuten puulle, muoville, metallille ja silikonille. Tarvikkeiden vaihto onnistuu nopeasti pikalukituksella ja ter\u00e4n vaihto on vaivatonta magneettisen istukan ansiosta. Istukka s\u00e4\u00e4tyy 12 asentoon. Kierrosnopeus on s\u00e4\u00e4dett\u00e4viss\u00e4 materiaali- ja ty\u00f6kohtaisesti. Ty\u00f6skentely t\u00e4rin\u00e4vaimennetulla Varrito-monitoimity\u00f6kalulla tuntuu mukavalta.<\/p>\n<p>Tekniset tiedot:<br \/>\nAkun j\u00e4nnite: 18 V<br \/>\nKierrokset: 11000-20000 min-1<br \/>\nOskillointikulma: 3,2 astetta<br \/>\nHiomapaperin koko: 90x90x90 mm<\/p>\n<p>Varustus:<br \/>\nMagneettinen istukka<br \/>\nPikalukitus<br \/>\nT\u00e4rin\u00e4nvaimennus<br \/>\nElektroninen vakionopeudens\u00e4\u00e4din<br \/>\nPehmustettu kahva<\/p>\n<p>Mukana tulevat tarvikkeet:<br \/>\nKolmiotalla<br \/>\nKaavin<br \/>\n9 hiomapaperia (karkeudet 3&#215;60, 3&#215;80, 3&#215;120)<br \/>\nUpotussahanter\u00e4 (HCS) puulle ja muoville<br \/>\nUpotussahanter\u00e4 (BIM) metallille<br \/>\nSegmenttisahanter\u00e4 (HSS) puulle, muoville ja metallille<br \/>\nTimanttisegmenttiter\u00e4 kaakeleiden saumoille<\/p>\n<p>Huom.!<br \/>\nVARRITO monitoimity\u00f6kalu on Starlock-kiinnityksen ansiosta yhteensopiva my\u00f6s muiden valmistajien tarvikkeiden kanssa eli n\u00e4in entist\u00e4kin monipuolisempi!<\/p>\n","protected":false},"excerpt":{"rendered":"<p>Sahaus, hionta, kaavinta &#8211; kaikki yhdell\u00e4 ty\u00f6kalulla! Einhell PXC-akkutuoteperheen VARRITO on todellinen monitoimity\u00f6kalu ja erinomainen apu kodin sis\u00e4tilaremontteihin ja kunnostushommiin! Mukana runsaasti tarvikkeita. PXC-akku ja laturi ei sis.<\/p>\n","protected":false},"featured_media":2665,"comment_status":"closed","ping_status":"closed","template":"","meta":[],"product_brand":[],"product_cat":[208],"product_tag":[],"class_list":{"0":"post-2664","1":"product","2":"type-product","3":"status-publish","4":"has-post-thumbnail","6":"product_cat-akkutyokalut","8":"first","9":"outofstock","10":"taxable","11":"shipping-taxable","12":"purchasable","13":"product-type-simple"},"_links":{"self":[{"href":"https:\/\/www.ksttukku.fi\/kauppa\/wp-json\/wp\/v2\/product\/2664","targetHints":{"allow":["GET"]}}],"collection":[{"href":"https:\/\/www.ksttukku.fi\/kauppa\/wp-json\/wp\/v2\/product"}],"about":[{"href":"https:\/\/www.ksttukku.fi\/kauppa\/wp-json\/wp\/v2\/types\/product"}],"replies":[{"embeddable":true,"href":"https:\/\/www.ksttukku.fi\/kauppa\/wp-json\/wp\/v2\/comments?post=2664"}],"wp:featuredmedia":[{"embeddable":true,"href":"https:\/\/www.ksttukku.fi\/kauppa\/wp-json\/wp\/v2\/media\/2665"}],"wp:attachment":[{"href":"https:\/\/www.ksttukku.fi\/kauppa\/wp-json\/wp\/v2\/media?parent=2664"}],"wp:term":[{"taxonomy":"product_brand","embeddable":true,"href":"https:\/\/www.ksttukku.fi\/kauppa\/wp-json\/wp\/v2\/product_brand?post=2664"},{"taxonomy":"product_cat","embeddable":true,"href":"https:\/\/www.ksttukku.fi\/kauppa\/wp-json\/wp\/v2\/product_cat?post=2664"},{"taxonomy":"product_tag","embeddable":true,"href":"https:\/\/www.ksttukku.fi\/kauppa\/wp-json\/wp\/v2\/product_tag?post=2664"}],"curies":[{"name":"wp","href":"https:\/\/api.w.org\/{rel}","templated":true}]}}