{"id":2672,"date":"2019-03-08T15:58:40","date_gmt":"2019-03-08T13:58:40","guid":{"rendered":"http:\/\/www.ksttukku.fi\/kauppa\/?post_type=product&#038;p=2672"},"modified":"2025-05-26T10:49:32","modified_gmt":"2025-05-26T07:49:32","slug":"akkuimuri-marka-kuiva-tc-vc-18-20-li-s-solo","status":"publish","type":"product","link":"https:\/\/www.ksttukku.fi\/kauppa\/tuote\/akkuimuri-marka-kuiva-tc-vc-18-20-li-s-solo\/","title":{"rendered":"Akkuimuri m\u00e4rk\u00e4\/kuiva TC-VC 18\/20 Li S-Solo"},"content":{"rendered":"<p>S\u00e4ili\u00f6: ruostumatonta ter\u00e4st\u00e4 20 l<br \/>\nMaksimi-imuteho: 80 mbar<br \/>\n\u00c4\u00e4nentaso: 86 dB (A)<br \/>\nPuhallustoiminto omalla liit\u00e4nn\u00e4ll\u00e4<br \/>\n4 pient\u00e4 rullapy\u00f6r\u00e4\u00e4<br \/>\nK\u00e4tev\u00e4 teline tarvikkeille<br \/>\n36 mm letkuliit\u00e4nt\u00e4<br \/>\nRunsaaseen varustukseen sis\u00e4ltyv\u00e4t:<br \/>\n&#8211; imuletku pituus 1,5 m<br \/>\n&#8211; 3-osainen imuletku<br \/>\n&#8211; yhdistelm\u00e4suulake<br \/>\n&#8211; rakosuulake<br \/>\n&#8211; verhosuulake<br \/>\n&#8211; vaahtomuovisuodatin<br \/>\n&#8211; p\u00f6lypussi<br \/>\n&#8211; alumiininen v\u00e4likappale<br \/>\nEinhell Power-X-Change akkutuoteperheen akku ja laturi ostettavissa erikseen.<\/p>\n","protected":false},"excerpt":{"rendered":"<p>Einhell m\u00e4rk\u00e4\/kuivaimuri TC-VC 18\/20 Li Solo on korvaamaton apu tee-se-itse-puuhiin, sill\u00e4 se on akkuk\u00e4ytt\u00f6isen\u00e4 k\u00e4ytett\u00e4viss\u00e4 kaikkialla ja ilman johtosotkuja! Akkuimuri imee irtolikaa ja nesteit\u00e4. Runsas varustus.PXC-akku ja -laturi ei sis.<\/p>\n","protected":false},"featured_media":2673,"comment_status":"closed","ping_status":"closed","template":"","meta":[],"product_brand":[],"product_cat":[208],"product_tag":[],"class_list":{"0":"post-2672","1":"product","2":"type-product","3":"status-publish","4":"has-post-thumbnail","6":"product_cat-akkutyokalut","8":"first","9":"outofstock","10":"taxable","11":"shipping-taxable","12":"purchasable","13":"product-type-simple"},"_links":{"self":[{"href":"https:\/\/www.ksttukku.fi\/kauppa\/wp-json\/wp\/v2\/product\/2672","targetHints":{"allow":["GET"]}}],"collection":[{"href":"https:\/\/www.ksttukku.fi\/kauppa\/wp-json\/wp\/v2\/product"}],"about":[{"href":"https:\/\/www.ksttukku.fi\/kauppa\/wp-json\/wp\/v2\/types\/product"}],"replies":[{"embeddable":true,"href":"https:\/\/www.ksttukku.fi\/kauppa\/wp-json\/wp\/v2\/comments?post=2672"}],"wp:featuredmedia":[{"embeddable":true,"href":"https:\/\/www.ksttukku.fi\/kauppa\/wp-json\/wp\/v2\/media\/2673"}],"wp:attachment":[{"href":"https:\/\/www.ksttukku.fi\/kauppa\/wp-json\/wp\/v2\/media?parent=2672"}],"wp:term":[{"taxonomy":"product_brand","embeddable":true,"href":"https:\/\/www.ksttukku.fi\/kauppa\/wp-json\/wp\/v2\/product_brand?post=2672"},{"taxonomy":"product_cat","embeddable":true,"href":"https:\/\/www.ksttukku.fi\/kauppa\/wp-json\/wp\/v2\/product_cat?post=2672"},{"taxonomy":"product_tag","embeddable":true,"href":"https:\/\/www.ksttukku.fi\/kauppa\/wp-json\/wp\/v2\/product_tag?post=2672"}],"curies":[{"name":"wp","href":"https:\/\/api.w.org\/{rel}","templated":true}]}}