{"id":2676,"date":"2019-03-09T11:57:47","date_gmt":"2019-03-09T09:57:47","guid":{"rendered":"http:\/\/www.ksttukku.fi\/kauppa\/?post_type=product&#038;p=2676"},"modified":"2024-05-06T14:16:12","modified_gmt":"2024-05-06T11:16:12","slug":"akkuiskuporakone-te-cd-18-li-i-solo","status":"publish","type":"product","link":"https:\/\/www.ksttukku.fi\/kauppa\/tuote\/akkuiskuporakone-te-cd-18-li-i-solo\/","title":{"rendered":"Akkuiskuporakone TE-CD 18 Li-i-Solo"},"content":{"rendered":"<p>Pikapys\u00e4ytystoiminto mahdollistaa terien vaihdot nopeasti laadukkaaseen 13 mm metalli-istukkaan. Lis\u00e4kahva, pehmustetut kahvapinnat ja ergonominen muotoilu lis\u00e4\u00e4v\u00e4t ty\u00f6skentelymukavuutta. LED-valo valaisee ty\u00f6kohteen. Kone toimitetaan ilman akkua ja latauslaitetta.<br \/>\nOminaisuudet:<br \/>\nEinhell Power-X-Change akkutuoteperheen j\u00e4sen<br \/>\nhiiliharjaton moottori &#8211; enemm\u00e4n tehoa ja pitemm\u00e4ksi aikaa<br \/>\niskuporaustoiminto<br \/>\nlaadukas 13 mm metalli-istukka<br \/>\nkaksi vaihdetta voimalliseen poraukseen ja nopeaan ruuvaukseen<br \/>\npikapys\u00e4ytys<br \/>\nergonominen muoto ja pehmustetut kahvat<br \/>\nlis\u00e4kahva<br \/>\nLED-valo<br \/>\ntoimitus ilman akkua ja latauslaitetta<br \/>\nTekniset tiedot:<br \/>\nkierrokset I vaihde: 0 &#8211; 500 kierrosta\/min<br \/>\nkierrokset II vaihde: 0 &#8211; 1800 kierrosta\/min<br \/>\nmaksimiv\u00e4\u00e4nt\u00f6momentti: 60 Nm<br \/>\nmomentit: 22<br \/>\nIstukka: 13 mm<br \/>\nporaus betoniin 10 mm<br \/>\niskuluku I vaihde: 0 &#8211; 8000 min-1<br \/>\niskuluku II vaihde:0 &#8211; 28800 min-1<\/p>\n","protected":false},"excerpt":{"rendered":"<p>Akkuiskuporakone TE-CD 18 Li-i Brushless Solo antaa hiiliharjattoman moottorinsa ansiosta enemm\u00e4n tehoa ja pitemm\u00e4ksi aikaa. Einhell Power-X-Change tuoteperheen kaikki akut k\u00e4yv\u00e4t koneeseen. Koneessa on kaksi vaihdetta.<\/p>\n","protected":false},"featured_media":2677,"comment_status":"closed","ping_status":"closed","template":"","meta":[],"product_brand":[],"product_cat":[208],"product_tag":[],"class_list":{"0":"post-2676","1":"product","2":"type-product","3":"status-publish","4":"has-post-thumbnail","6":"product_cat-akkutyokalut","8":"first","9":"outofstock","10":"taxable","11":"shipping-taxable","12":"purchasable","13":"product-type-simple"},"_links":{"self":[{"href":"https:\/\/www.ksttukku.fi\/kauppa\/wp-json\/wp\/v2\/product\/2676","targetHints":{"allow":["GET"]}}],"collection":[{"href":"https:\/\/www.ksttukku.fi\/kauppa\/wp-json\/wp\/v2\/product"}],"about":[{"href":"https:\/\/www.ksttukku.fi\/kauppa\/wp-json\/wp\/v2\/types\/product"}],"replies":[{"embeddable":true,"href":"https:\/\/www.ksttukku.fi\/kauppa\/wp-json\/wp\/v2\/comments?post=2676"}],"wp:featuredmedia":[{"embeddable":true,"href":"https:\/\/www.ksttukku.fi\/kauppa\/wp-json\/wp\/v2\/media\/2677"}],"wp:attachment":[{"href":"https:\/\/www.ksttukku.fi\/kauppa\/wp-json\/wp\/v2\/media?parent=2676"}],"wp:term":[{"taxonomy":"product_brand","embeddable":true,"href":"https:\/\/www.ksttukku.fi\/kauppa\/wp-json\/wp\/v2\/product_brand?post=2676"},{"taxonomy":"product_cat","embeddable":true,"href":"https:\/\/www.ksttukku.fi\/kauppa\/wp-json\/wp\/v2\/product_cat?post=2676"},{"taxonomy":"product_tag","embeddable":true,"href":"https:\/\/www.ksttukku.fi\/kauppa\/wp-json\/wp\/v2\/product_tag?post=2676"}],"curies":[{"name":"wp","href":"https:\/\/api.w.org\/{rel}","templated":true}]}}