{"id":2682,"date":"2019-03-09T13:43:24","date_gmt":"2019-03-09T11:43:24","guid":{"rendered":"http:\/\/www.ksttukku.fi\/kauppa\/?post_type=product&#038;p=2682"},"modified":"2024-05-06T14:08:57","modified_gmt":"2024-05-06T11:08:57","slug":"akkuporakone-te-cd-18-li-e-solo","status":"publish","type":"product","link":"https:\/\/www.ksttukku.fi\/kauppa\/tuote\/akkuporakone-te-cd-18-li-e-solo\/","title":{"rendered":"Akkuporakone TE-CD 18 Li E-Solo"},"content":{"rendered":"<p>Ominaisuudet:<br \/>\nEinhell Power X-Change tuoteperheen j\u00e4sen<br \/>\nLaadukas pikaistukka nopeaan ty\u00f6kalun vaihtoon<br \/>\nOptimaalinen voima elektronisen v\u00e4\u00e4nt\u00f6momentins\u00e4\u00e4d\u00f6n ansiosta<br \/>\nKaksi vaihdetta voimakkaaseen ruuvaukseen ja nopeaan poraukseen<br \/>\nAutomaattinen karalukitus helpottaa ty\u00f6kalun vaihtoa<br \/>\nTehokas moottori ja laadukas metallivaihteisto<br \/>\nErgonomisesti muotoiltu kahva mukavaan ty\u00f6skentelyyn<br \/>\nLED-valo ty\u00f6kohteen valaisuun<br \/>\nK\u00e4yt\u00e4nn\u00f6llinen vy\u00f6klipsi<br \/>\nAkku ja latauslaite erikseen saatavissa<br \/>\nTekniset tiedot<br \/>\nVaihteet: 2<br \/>\nTyhj\u00e4k\u00e4yntikierrosluku (vaihde I\/II) 0-400\/0-1400 min-1<br \/>\nMaksimiv\u00e4\u00e4nt\u00f6momentti 47 Nm<br \/>\nMomentit 9<br \/>\nIstukka 13 mm, yksiholkkinen<\/p>\n","protected":false},"excerpt":{"rendered":"<p>Einhell akkuporakoneessa TE-CD 18 Li E Solo on tehokas moottori laadukkaalla metallivaihteistolla, kaksi vaihdetta, elektroninen v\u00e4\u00e4nt\u00f6momentins\u00e4\u00e4t\u00f6 ja 13 mm pikaistukka. Kaikki Einhell Power X-Change -tuoteperheen akut ja latauslaitteet k\u00e4yv\u00e4t.<\/p>\n","protected":false},"featured_media":2683,"comment_status":"closed","ping_status":"closed","template":"","meta":[],"product_brand":[],"product_cat":[208],"product_tag":[],"class_list":{"0":"post-2682","1":"product","2":"type-product","3":"status-publish","4":"has-post-thumbnail","6":"product_cat-akkutyokalut","8":"first","9":"outofstock","10":"taxable","11":"shipping-taxable","12":"purchasable","13":"product-type-simple"},"_links":{"self":[{"href":"https:\/\/www.ksttukku.fi\/kauppa\/wp-json\/wp\/v2\/product\/2682","targetHints":{"allow":["GET"]}}],"collection":[{"href":"https:\/\/www.ksttukku.fi\/kauppa\/wp-json\/wp\/v2\/product"}],"about":[{"href":"https:\/\/www.ksttukku.fi\/kauppa\/wp-json\/wp\/v2\/types\/product"}],"replies":[{"embeddable":true,"href":"https:\/\/www.ksttukku.fi\/kauppa\/wp-json\/wp\/v2\/comments?post=2682"}],"wp:featuredmedia":[{"embeddable":true,"href":"https:\/\/www.ksttukku.fi\/kauppa\/wp-json\/wp\/v2\/media\/2683"}],"wp:attachment":[{"href":"https:\/\/www.ksttukku.fi\/kauppa\/wp-json\/wp\/v2\/media?parent=2682"}],"wp:term":[{"taxonomy":"product_brand","embeddable":true,"href":"https:\/\/www.ksttukku.fi\/kauppa\/wp-json\/wp\/v2\/product_brand?post=2682"},{"taxonomy":"product_cat","embeddable":true,"href":"https:\/\/www.ksttukku.fi\/kauppa\/wp-json\/wp\/v2\/product_cat?post=2682"},{"taxonomy":"product_tag","embeddable":true,"href":"https:\/\/www.ksttukku.fi\/kauppa\/wp-json\/wp\/v2\/product_tag?post=2682"}],"curies":[{"name":"wp","href":"https:\/\/api.w.org\/{rel}","templated":true}]}}