{"id":2684,"date":"2019-03-09T13:53:27","date_gmt":"2019-03-09T11:53:27","guid":{"rendered":"http:\/\/www.ksttukku.fi\/kauppa\/?post_type=product&#038;p=2684"},"modified":"2024-05-06T14:23:45","modified_gmt":"2024-05-06T11:23:45","slug":"iskeva-akkuruuvivaannin-te-ci-18-li-solo","status":"publish","type":"product","link":"https:\/\/www.ksttukku.fi\/kauppa\/tuote\/iskeva-akkuruuvivaannin-te-ci-18-li-solo\/","title":{"rendered":"Iskev\u00e4 akkuruuviv\u00e4\u00e4nnin TE-CI 18 Li Solo"},"content":{"rendered":"<p>Lyhyen, kevyen rakenteen ja ergonomisten pehmustettujen osien my\u00f6t\u00e4 iskev\u00e4 akkuruuvinv\u00e4\u00e4nnin TE-CI LI BL istuu hyvin k\u00e4teen.<br \/>\nHiiliharjattoman moottorin ansiosta tehoa on entist\u00e4 enemm\u00e4n ja akunkesto entist\u00e4 parempi. Elektronisen kierrosnopeuden s\u00e4\u00e4d\u00f6n avulla v\u00e4\u00e4nnin on helppo optimoida kulloisenkin teht\u00e4v\u00e4n haasteisiin. Kolme led-valoa antavat valoa ty\u00f6kohteeseen. Iskuv\u00e4\u00e4nnin on kest\u00e4v\u00e4ss\u00e4 alumiinikuoressa ja kumiosilla suojattu. K\u00e4yt\u00e4nn\u00f6llinen vy\u00f6lenkki mahdollistaa tehokkaan ja turvallisen ty\u00f6skentelyn.<br \/>\nKone toimitetaan ilman akkua ja latauslaitetta. Ne ovat saatavana erikseen. Muiden Einhell Power-X-Change-akkutuoteperheen koneiden akut ja laturit sopivat my\u00f6s t\u00e4h\u00e4n koneeseen.<br \/>\nOminaisuudet:<br \/>\nHiiliharjaton moottori<br \/>\nkest\u00e4v\u00e4 metallivaihteisto<br \/>\npehmustettu kahva<br \/>\nvy\u00f6lenkki<br \/>\nLED-valo<br \/>\nelektroninen kierrosnopeuden s\u00e4\u00e4t\u00f6<br \/>\n\u00bc tuumaa (6,35 mm) istukka<br \/>\nTekniset tiedot:<br \/>\nJoutok\u00e4ynti: 0 &#8211; 2900 kierrosta\/min<br \/>\nV\u00e4\u00e4nt\u00f6momentti: 180 Nm<br \/>\nLatausaika: noin 30 min<br \/>\nPaino: 1,07 kg (ilman akkua)<\/p>\n","protected":false},"excerpt":{"rendered":"<p>Einhell Power X-Change tuoteperheen iskev\u00e4 akkuruuvinv\u00e4\u00e4nnin TE-CI 18 Li Brushless hiiliharjattomalla moottorilla on vahva 180 Nm v\u00e4\u00e4nnin, jolla my\u00f6s isot ja pitk\u00e4t ruuvit kiertyv\u00e4t vaivatta. Kone vakuuttaa voimalla, nopeudella ja teholla.<\/p>\n","protected":false},"featured_media":2685,"comment_status":"closed","ping_status":"closed","template":"","meta":[],"product_brand":[],"product_cat":[208],"product_tag":[],"class_list":{"0":"post-2684","1":"product","2":"type-product","3":"status-publish","4":"has-post-thumbnail","6":"product_cat-akkutyokalut","8":"first","9":"outofstock","10":"taxable","11":"shipping-taxable","12":"purchasable","13":"product-type-simple"},"_links":{"self":[{"href":"https:\/\/www.ksttukku.fi\/kauppa\/wp-json\/wp\/v2\/product\/2684","targetHints":{"allow":["GET"]}}],"collection":[{"href":"https:\/\/www.ksttukku.fi\/kauppa\/wp-json\/wp\/v2\/product"}],"about":[{"href":"https:\/\/www.ksttukku.fi\/kauppa\/wp-json\/wp\/v2\/types\/product"}],"replies":[{"embeddable":true,"href":"https:\/\/www.ksttukku.fi\/kauppa\/wp-json\/wp\/v2\/comments?post=2684"}],"wp:featuredmedia":[{"embeddable":true,"href":"https:\/\/www.ksttukku.fi\/kauppa\/wp-json\/wp\/v2\/media\/2685"}],"wp:attachment":[{"href":"https:\/\/www.ksttukku.fi\/kauppa\/wp-json\/wp\/v2\/media?parent=2684"}],"wp:term":[{"taxonomy":"product_brand","embeddable":true,"href":"https:\/\/www.ksttukku.fi\/kauppa\/wp-json\/wp\/v2\/product_brand?post=2684"},{"taxonomy":"product_cat","embeddable":true,"href":"https:\/\/www.ksttukku.fi\/kauppa\/wp-json\/wp\/v2\/product_cat?post=2684"},{"taxonomy":"product_tag","embeddable":true,"href":"https:\/\/www.ksttukku.fi\/kauppa\/wp-json\/wp\/v2\/product_tag?post=2684"}],"curies":[{"name":"wp","href":"https:\/\/api.w.org\/{rel}","templated":true}]}}