{"id":2686,"date":"2019-03-09T14:01:49","date_gmt":"2019-03-09T12:01:49","guid":{"rendered":"http:\/\/www.ksttukku.fi\/kauppa\/?post_type=product&#038;p=2686"},"modified":"2020-03-02T17:18:14","modified_gmt":"2020-03-02T15:18:14","slug":"akkuiskuporakone-te-cd-18-2-li-i-solo","status":"publish","type":"product","link":"https:\/\/www.ksttukku.fi\/kauppa\/tuote\/akkuiskuporakone-te-cd-18-2-li-i-solo\/","title":{"rendered":"Akkuiskuporakone TE-CD 18-2 Li-i Solo"},"content":{"rendered":"<p>Kest\u00e4v\u00e4, 2-nopeuksinen metallivaihteisto ja tehokas moottori tuottavat korkean v\u00e4\u00e4nn\u00f6n ja mahdollistavat vahvan ruuvauksen ja nopean porauksen. TE-CD 18-2 Li-i Solo on varustettu 13 mm pikaistukalla, pikapys\u00e4ytyksell\u00e4 ja automaattisella karalukituksella. Poranterien vaihto sujuu n\u00e4in salamannopeasti ilman ty\u00f6kaluja. Kone toimitetaan ilman akkua ja latauslaitetta. Muiden Einhell Power-X-Change-akkutuoteperheen koneiden akut ja laturit sopivat my\u00f6s t\u00e4h\u00e4n koneeseen.<br \/>\nOminaisuudet:<br \/>\niskuporaustoiminto<br \/>\npikaistukka (13 mm)<br \/>\n25-portainen v\u00e4\u00e4nt\u00f6momentin s\u00e4\u00e4t\u00f6<br \/>\nvahva metallivaihteisto<br \/>\nkest\u00e4v\u00e4 2-vaihteinen metallivaihteisto<br \/>\npy\u00f6rint\u00e4suunnann\u00e4ytt\u00f6<br \/>\nv\u00e4\u00e4nt\u00f6vahva Johnson-moottori<br \/>\npehmustettu kahva<br \/>\nirrotettava vy\u00f6koukku<br \/>\nLED-valo<br \/>\nelektroninen kierrosnopeudens\u00e4\u00e4t\u00f6<br \/>\npikapys\u00e4ytys ja automaattinen karalukitus<br \/>\nlis\u00e4kahva<br \/>\nmetallinen syvyydenrajoitin<br \/>\nTekniset tiedot:<br \/>\nKierrokset I vaihde: 0 &#8211; 320 kierrosta\/min<br \/>\nKierrokset II vaihde: 0 &#8211; 1350 kierrosta\/min<br \/>\nMomentti: 23+1+1<br \/>\nV\u00e4\u00e4nt\u00f6momentti: 48 Nm<br \/>\nIstukka: 13 mm<\/p>\n","protected":false},"excerpt":{"rendered":"<p>Einhell Power-X-Change tuoteperheen akkuiskuporakone TE-CD 18-2 Li-i Solo on vahva, kest\u00e4v\u00e4 ja monik\u00e4ytt\u00f6inen laite, joka t\u00e4ytt\u00e4\u00e4 vaativammankin k\u00e4ytt\u00e4j\u00e4n ruuvaus-, poraus- ja iskuporaustarpeet kotona, verstaalla ja autotallissa.<\/p>\n","protected":false},"featured_media":2687,"comment_status":"closed","ping_status":"closed","template":"","meta":[],"product_brand":[],"product_cat":[208],"product_tag":[],"class_list":{"0":"post-2686","1":"product","2":"type-product","3":"status-publish","4":"has-post-thumbnail","6":"product_cat-akkutyokalut","8":"first","9":"outofstock","10":"taxable","11":"shipping-taxable","12":"purchasable","13":"product-type-simple"},"_links":{"self":[{"href":"https:\/\/www.ksttukku.fi\/kauppa\/wp-json\/wp\/v2\/product\/2686","targetHints":{"allow":["GET"]}}],"collection":[{"href":"https:\/\/www.ksttukku.fi\/kauppa\/wp-json\/wp\/v2\/product"}],"about":[{"href":"https:\/\/www.ksttukku.fi\/kauppa\/wp-json\/wp\/v2\/types\/product"}],"replies":[{"embeddable":true,"href":"https:\/\/www.ksttukku.fi\/kauppa\/wp-json\/wp\/v2\/comments?post=2686"}],"wp:featuredmedia":[{"embeddable":true,"href":"https:\/\/www.ksttukku.fi\/kauppa\/wp-json\/wp\/v2\/media\/2687"}],"wp:attachment":[{"href":"https:\/\/www.ksttukku.fi\/kauppa\/wp-json\/wp\/v2\/media?parent=2686"}],"wp:term":[{"taxonomy":"product_brand","embeddable":true,"href":"https:\/\/www.ksttukku.fi\/kauppa\/wp-json\/wp\/v2\/product_brand?post=2686"},{"taxonomy":"product_cat","embeddable":true,"href":"https:\/\/www.ksttukku.fi\/kauppa\/wp-json\/wp\/v2\/product_cat?post=2686"},{"taxonomy":"product_tag","embeddable":true,"href":"https:\/\/www.ksttukku.fi\/kauppa\/wp-json\/wp\/v2\/product_tag?post=2686"}],"curies":[{"name":"wp","href":"https:\/\/api.w.org\/{rel}","templated":true}]}}