{"id":2701,"date":"2019-03-11T13:38:16","date_gmt":"2019-03-11T11:38:16","guid":{"rendered":"http:\/\/www.ksttukku.fi\/kauppa\/?post_type=product&#038;p=2701"},"modified":"2022-04-04T12:27:44","modified_gmt":"2022-04-04T09:27:44","slug":"paviljonki-hoogeven-ecru","status":"publish","type":"product","link":"https:\/\/www.ksttukku.fi\/kauppa\/tuote\/paviljonki-hoogeven-ecru\/","title":{"rendered":"Paviljonki Hoogeven beige"},"content":{"rendered":"<p>Mitat: 380 x 265 x 380 cm.<br \/>\nSateenpit\u00e4v\u00e4, ter\u00e4srunkoinen paviljonki mustilla hyttysverkoilla.<br \/>\nKate UV-suojattua ja PVC-pinnoitettua 300g\/m\u00b2 polyesteri\u00e4, katteessa vesirei\u00e4t 1kpl\/lape. 8-ruoteinen kattorakenne 15 x 30 mm ja 20 x 20 mm, sein\u00e4m\u00e4vahvuus 0,5 mm. Pystytolpat 50 x 50 mm, sivuaidat 15 x 30 mm.<\/p>\n","protected":false},"excerpt":{"rendered":"<p>Mitat: 380 x 265 x 380 cm. Sateenpit\u00e4v\u00e4, ter\u00e4srunkoinen paviljonki mustilla hyttysverkoilla. Kate UV-suojattua ja PVC-pinnoitettua 300g\/m\u00b2 polyesteri\u00e4, katteessa vesirei\u00e4t 1kpl\/lape. 8-ruoteinen kattorakenne 15 x 30 mm ja 20 x 20 mm, sein\u00e4m\u00e4vahvuus 0,5 mm. Pystytolpat 50 x 50 mm, sivuaidat 15 x 30 mm.<\/p>\n","protected":false},"featured_media":2702,"comment_status":"closed","ping_status":"closed","template":"","meta":[],"product_brand":[],"product_cat":[119,130],"product_tag":[],"class_list":{"0":"post-2701","1":"product","2":"type-product","3":"status-publish","4":"has-post-thumbnail","6":"product_cat-kesakalusteet","7":"product_cat-puutarhakatokset","9":"first","10":"outofstock","11":"taxable","12":"shipping-taxable","13":"purchasable","14":"product-type-simple"},"_links":{"self":[{"href":"https:\/\/www.ksttukku.fi\/kauppa\/wp-json\/wp\/v2\/product\/2701","targetHints":{"allow":["GET"]}}],"collection":[{"href":"https:\/\/www.ksttukku.fi\/kauppa\/wp-json\/wp\/v2\/product"}],"about":[{"href":"https:\/\/www.ksttukku.fi\/kauppa\/wp-json\/wp\/v2\/types\/product"}],"replies":[{"embeddable":true,"href":"https:\/\/www.ksttukku.fi\/kauppa\/wp-json\/wp\/v2\/comments?post=2701"}],"wp:featuredmedia":[{"embeddable":true,"href":"https:\/\/www.ksttukku.fi\/kauppa\/wp-json\/wp\/v2\/media\/2702"}],"wp:attachment":[{"href":"https:\/\/www.ksttukku.fi\/kauppa\/wp-json\/wp\/v2\/media?parent=2701"}],"wp:term":[{"taxonomy":"product_brand","embeddable":true,"href":"https:\/\/www.ksttukku.fi\/kauppa\/wp-json\/wp\/v2\/product_brand?post=2701"},{"taxonomy":"product_cat","embeddable":true,"href":"https:\/\/www.ksttukku.fi\/kauppa\/wp-json\/wp\/v2\/product_cat?post=2701"},{"taxonomy":"product_tag","embeddable":true,"href":"https:\/\/www.ksttukku.fi\/kauppa\/wp-json\/wp\/v2\/product_tag?post=2701"}],"curies":[{"name":"wp","href":"https:\/\/api.w.org\/{rel}","templated":true}]}}