{"id":2709,"date":"2019-03-11T15:53:18","date_gmt":"2019-03-11T13:53:18","guid":{"rendered":"http:\/\/www.ksttukku.fi\/kauppa\/?post_type=product&#038;p=2709"},"modified":"2019-09-01T00:00:55","modified_gmt":"2019-08-31T21:00:55","slug":"4living-poyta-2kpl-setti","status":"publish","type":"product","link":"https:\/\/www.ksttukku.fi\/kauppa\/tuote\/4living-poyta-2kpl-setti\/","title":{"rendered":"4Living p\u00f6yt\u00e4 2kpl\/setti"},"content":{"rendered":"<p>Harmaa.<br \/>\nTer\u00e4srunko ja jalat.<br \/>\nPolywood-pinta.<br \/>\nMaksimikantavuus 100 kg.<br \/>\nKauniit ja kest\u00e4v\u00e4t polywood-kalusteet terassille.<\/p>\n<p>Settiin kuuluu 2 kpl p\u00f6yti\u00e4 (45 x 45 x 40 cm ja 65 x 65 x 45 cm)<\/p>\n","protected":false},"excerpt":{"rendered":"<p>Harmaa. Ter\u00e4srunko ja jalat. Polywood-pinta. Maksimikantavuus 100 kg. Kauniit ja kest\u00e4v\u00e4t polywood-kalusteet terassille. Settiin kuuluu 2 kpl p\u00f6yti\u00e4 (45 x 45 x 40 cm ja 65 x 65 x 45 cm)<\/p>\n","protected":false},"featured_media":2710,"comment_status":"closed","ping_status":"closed","template":"","meta":[],"product_brand":[],"product_cat":[119,121],"product_tag":[],"class_list":{"0":"post-2709","1":"product","2":"type-product","3":"status-publish","4":"has-post-thumbnail","6":"product_cat-kesakalusteet","7":"product_cat-parvekeryhmat","9":"first","10":"instock","11":"taxable","12":"shipping-taxable","13":"purchasable","14":"product-type-simple"},"_links":{"self":[{"href":"https:\/\/www.ksttukku.fi\/kauppa\/wp-json\/wp\/v2\/product\/2709","targetHints":{"allow":["GET"]}}],"collection":[{"href":"https:\/\/www.ksttukku.fi\/kauppa\/wp-json\/wp\/v2\/product"}],"about":[{"href":"https:\/\/www.ksttukku.fi\/kauppa\/wp-json\/wp\/v2\/types\/product"}],"replies":[{"embeddable":true,"href":"https:\/\/www.ksttukku.fi\/kauppa\/wp-json\/wp\/v2\/comments?post=2709"}],"wp:featuredmedia":[{"embeddable":true,"href":"https:\/\/www.ksttukku.fi\/kauppa\/wp-json\/wp\/v2\/media\/2710"}],"wp:attachment":[{"href":"https:\/\/www.ksttukku.fi\/kauppa\/wp-json\/wp\/v2\/media?parent=2709"}],"wp:term":[{"taxonomy":"product_brand","embeddable":true,"href":"https:\/\/www.ksttukku.fi\/kauppa\/wp-json\/wp\/v2\/product_brand?post=2709"},{"taxonomy":"product_cat","embeddable":true,"href":"https:\/\/www.ksttukku.fi\/kauppa\/wp-json\/wp\/v2\/product_cat?post=2709"},{"taxonomy":"product_tag","embeddable":true,"href":"https:\/\/www.ksttukku.fi\/kauppa\/wp-json\/wp\/v2\/product_tag?post=2709"}],"curies":[{"name":"wp","href":"https:\/\/api.w.org\/{rel}","templated":true}]}}