{"id":2715,"date":"2019-03-12T17:15:25","date_gmt":"2019-03-12T15:15:25","guid":{"rendered":"http:\/\/www.ksttukku.fi\/kauppa\/?post_type=product&#038;p=2715"},"modified":"2020-03-30T01:00:15","modified_gmt":"2020-03-29T22:00:15","slug":"akkukulmahiomakone-te-ag-18-115-li-kit","status":"publish","type":"product","link":"https:\/\/www.ksttukku.fi\/kauppa\/tuote\/akkukulmahiomakone-te-ag-18-115-li-kit\/","title":{"rendered":"Akkukulmahiomakone TE-AG 18\/115 Li Kit"},"content":{"rendered":"<p>Kulmahiomakone Einhelli TE-AG 18\/115 Li Kit on kest\u00e4v\u00e4ll\u00e4 alumiinisella vaihteistokopalla varustettu. Pehme\u00e4n k\u00e4ynnistyksen ja uudelleenk\u00e4ynnistyssuojan ansiosta kulmahiomakone k\u00e4y rauhallisesti ja on eritt\u00e4in turvallinen k\u00e4ytt\u00e4\u00e4. Hiomakoneen kapea muoto, ergonominen pehmustettu kahva ja kolmeen asentoon joustavasti asennettava lis\u00e4kahva saavat koneen tuntumaan mukavalta k\u00e4dess\u00e4. J\u00e4\u00e4hdytys on optimoitu. Laikansuojuksen pikas\u00e4\u00e4d\u00f6n avulla laite mukautuu k\u00e4denk\u00e4\u00e4nteess\u00e4 erilaisiin teht\u00e4viin. Ylikuormitussuoja tuo turvallisuutta.<\/p>\n<p>Varustus:<br \/>\nPower X-Change akku 3 Ah ja pikalaturi, jotka sopivat my\u00f6s muihin tuoteperheen akkukoneisiin<br \/>\nPehme\u00e4 k\u00e4ynnistys ja uudelleenk\u00e4ynnistymissuoja<br \/>\nYlikuormitussuoja<br \/>\nParempi j\u00e4\u00e4hdytys ja siten pidempi k\u00e4ytt\u00f6ik\u00e4<br \/>\nRauhallinen k\u00e4ynti<br \/>\nLaikansuojus pikas\u00e4\u00e4d\u00f6ill\u00e4<br \/>\nKest\u00e4v\u00e4 alumiininen vaihdekoppa<br \/>\nKapea muoto ja ergonominen kahva<br \/>\nLis\u00e4kahva asennettavissa kolmeen eri asentoon<br \/>\nSalkku<br \/>\nLaikka ei sis\u00e4lly toimitukseen<\/p>\n<p>Tekniset tiedot:<br \/>\nAkku 18 V 3000 mAh Li-Ion<br \/>\nLatausaika 1h<br \/>\nLatauslaite 200-260 V 50-60 Hz<br \/>\nLaikka \u00d8 115 mm<br \/>\nTyhj\u00e4k\u00e4yntikierrosluku 8500 min-1<br \/>\nMaksimileikkuusyvyys 28 mm<\/p>\n","protected":false},"excerpt":{"rendered":"<p>Akkuk\u00e4ytt\u00f6isell\u00e4 Einhell Power X-Change -kulmahiomakoneella hiot ja katkaiset metallia ja kive\u00e4. Settiin sis\u00e4ltyy PXC-sarjan muiden akkukoneiden kanssa yhteensopiva 18 V\/ 3,0 Ah PXC-akku ja pikalaturi sek\u00e4 Einhell-salkku. Laikan halkaisija 115 mm.<\/p>\n","protected":false},"featured_media":4602,"comment_status":"closed","ping_status":"closed","template":"","meta":[],"product_brand":[],"product_cat":[208],"product_tag":[],"class_list":{"0":"post-2715","1":"product","2":"type-product","3":"status-publish","4":"has-post-thumbnail","6":"product_cat-akkutyokalut","8":"first","9":"instock","10":"taxable","11":"shipping-taxable","12":"purchasable","13":"product-type-simple"},"_links":{"self":[{"href":"https:\/\/www.ksttukku.fi\/kauppa\/wp-json\/wp\/v2\/product\/2715","targetHints":{"allow":["GET"]}}],"collection":[{"href":"https:\/\/www.ksttukku.fi\/kauppa\/wp-json\/wp\/v2\/product"}],"about":[{"href":"https:\/\/www.ksttukku.fi\/kauppa\/wp-json\/wp\/v2\/types\/product"}],"replies":[{"embeddable":true,"href":"https:\/\/www.ksttukku.fi\/kauppa\/wp-json\/wp\/v2\/comments?post=2715"}],"wp:featuredmedia":[{"embeddable":true,"href":"https:\/\/www.ksttukku.fi\/kauppa\/wp-json\/wp\/v2\/media\/4602"}],"wp:attachment":[{"href":"https:\/\/www.ksttukku.fi\/kauppa\/wp-json\/wp\/v2\/media?parent=2715"}],"wp:term":[{"taxonomy":"product_brand","embeddable":true,"href":"https:\/\/www.ksttukku.fi\/kauppa\/wp-json\/wp\/v2\/product_brand?post=2715"},{"taxonomy":"product_cat","embeddable":true,"href":"https:\/\/www.ksttukku.fi\/kauppa\/wp-json\/wp\/v2\/product_cat?post=2715"},{"taxonomy":"product_tag","embeddable":true,"href":"https:\/\/www.ksttukku.fi\/kauppa\/wp-json\/wp\/v2\/product_tag?post=2715"}],"curies":[{"name":"wp","href":"https:\/\/api.w.org\/{rel}","templated":true}]}}