{"id":2727,"date":"2019-03-16T12:14:22","date_gmt":"2019-03-16T10:14:22","guid":{"rendered":"http:\/\/www.ksttukku.fi\/kauppa\/?post_type=product&#038;p=2727"},"modified":"2024-05-06T14:54:50","modified_gmt":"2024-05-06T11:54:50","slug":"akkupistosaha-te-js-18-li","status":"publish","type":"product","link":"https:\/\/www.ksttukku.fi\/kauppa\/tuote\/akkupistosaha-te-js-18-li\/","title":{"rendered":"Akkupistosaha TE-JS 18 Li"},"content":{"rendered":"<p>Akkupistosaha Einhell TE-JS 18 Li Solo sai parhaimmat pisteet Meid\u00e4n Talo -lehden (12\/2015) akkuk\u00e4ytt\u00f6isten pistosahojen testiss\u00e4. Kehuja tuli mm. hyv\u00e4st\u00e4 sahausj\u00e4ljest\u00e4, nopeudesta, pohjalevyn kallistuksesta pikalukolla ja ty\u00f6valosta. Akkupistosaha Einhell TE-JS 18 Li Solo kuuluu Einhell Power-X-Change akkuperheeseen. Akkutuoteperheen litiumioniakut ovat eritt\u00e4in pitk\u00e4ik\u00e4isi\u00e4 ja k\u00e4yv\u00e4t muihin tuoteperheen ty\u00f6kaluihin ja puutarhakoneisiin. Pistosaha toimitetaan ilman akkua ja laturia.<br \/>\nAkkupistosahan ominaisuudet:<br \/>\nPower X-Change tuoteperheen kone<br \/>\nrauhallinen k\u00e4ynti<br \/>\n4-portainen heiluri-isku, jonka voi my\u00f6s kytke\u00e4 pois<br \/>\nty\u00f6kaluton ter\u00e4n vaihto<br \/>\npurunpoistotoiminto n\u00e4kyvyyden parantamiseksi<br \/>\nLED-valo leikkuualueen valaisuun<br \/>\nmuovinen ohjain arkojen ty\u00f6kappaleiden suojaamiseksi<br \/>\nleikkuulinjann\u00e4ytt\u00f6 tarkkoihin sahauksiin<br \/>\nsuojus, joka suojaa sahaajaa ty\u00f6stett\u00e4v\u00e4st\u00e4 materiaalista irtovilta lastuilta\/paloilta<br \/>\nalumiininen sahakenk\u00e4, k\u00e4\u00e4nnett\u00e4viss\u00e4 ty\u00f6kaluttomasti 47\u00b0 vasemmalle ja oikealle<br \/>\npehmustettu kahva<br \/>\nsuuntaisvaste<br \/>\nPistosahaan sopivat T- ja U-vartiset ter\u00e4t.<br \/>\nTekniset tiedot:<br \/>\nIskuluku: 0 &#8211; 2400 iskua\/min<br \/>\nIskun pituus: 25,4 mm<br \/>\nMaksimisahaussyvyydet:<br \/>\n80 mm puu<br \/>\n10 mm metalli<br \/>\n12 mm muovi<br \/>\nJiirileikkaukset: 47\u00b0<br \/>\nPaino: 1,82 kg<\/p>\n","protected":false},"excerpt":{"rendered":"<p>Akkupistosaha Einhell TE-JS 18 Li Solo on valittu saksalaisessa Heimwerker Praxis-lehdess\u00e4 vuoden 2018 ty\u00f6kaluksi akkupistosahakategoriassa. Pistosahan tarkka sahausj\u00e4lki ja ty\u00f6kaluton ter\u00e4n vaihto vakuuttavat kokeneemmankin k\u00e4ytt\u00e4j\u00e4n.<\/p>\n","protected":false},"featured_media":2728,"comment_status":"closed","ping_status":"closed","template":"","meta":[],"product_brand":[],"product_cat":[208],"product_tag":[],"class_list":{"0":"post-2727","1":"product","2":"type-product","3":"status-publish","4":"has-post-thumbnail","6":"product_cat-akkutyokalut","8":"first","9":"outofstock","10":"taxable","11":"shipping-taxable","12":"purchasable","13":"product-type-simple"},"_links":{"self":[{"href":"https:\/\/www.ksttukku.fi\/kauppa\/wp-json\/wp\/v2\/product\/2727","targetHints":{"allow":["GET"]}}],"collection":[{"href":"https:\/\/www.ksttukku.fi\/kauppa\/wp-json\/wp\/v2\/product"}],"about":[{"href":"https:\/\/www.ksttukku.fi\/kauppa\/wp-json\/wp\/v2\/types\/product"}],"replies":[{"embeddable":true,"href":"https:\/\/www.ksttukku.fi\/kauppa\/wp-json\/wp\/v2\/comments?post=2727"}],"wp:featuredmedia":[{"embeddable":true,"href":"https:\/\/www.ksttukku.fi\/kauppa\/wp-json\/wp\/v2\/media\/2728"}],"wp:attachment":[{"href":"https:\/\/www.ksttukku.fi\/kauppa\/wp-json\/wp\/v2\/media?parent=2727"}],"wp:term":[{"taxonomy":"product_brand","embeddable":true,"href":"https:\/\/www.ksttukku.fi\/kauppa\/wp-json\/wp\/v2\/product_brand?post=2727"},{"taxonomy":"product_cat","embeddable":true,"href":"https:\/\/www.ksttukku.fi\/kauppa\/wp-json\/wp\/v2\/product_cat?post=2727"},{"taxonomy":"product_tag","embeddable":true,"href":"https:\/\/www.ksttukku.fi\/kauppa\/wp-json\/wp\/v2\/product_tag?post=2727"}],"curies":[{"name":"wp","href":"https:\/\/api.w.org\/{rel}","templated":true}]}}