{"id":2729,"date":"2019-03-16T12:24:10","date_gmt":"2019-03-16T10:24:10","guid":{"rendered":"http:\/\/www.ksttukku.fi\/kauppa\/?post_type=product&#038;p=2729"},"modified":"2024-05-06T14:59:35","modified_gmt":"2024-05-06T11:59:35","slug":"akkupuukkosaha-te-ap-18-li-solo","status":"publish","type":"product","link":"https:\/\/www.ksttukku.fi\/kauppa\/tuote\/akkupuukkosaha-te-ap-18-li-solo\/","title":{"rendered":"Akkupuukkosaha TE-AP 18 Li Solo"},"content":{"rendered":"<p>Akkupuukkosaha on ergonomisella pehmustetulla kahvalla varustettu ja pysyy siksi turvallisesti k\u00e4dess\u00e4. Koneen kuori on suojattu kumiosilla. Puukkosaha toimitetaan ilman akkua ja latauslaitetta. Ne ovat saatavana erikseen.Yksi ter\u00e4 sis\u00e4ltyy varustukseen.<br \/>\nOminaisuudet:<br \/>\nty\u00f6kaluton ter\u00e4n vaihto<br \/>\nty\u00f6kaluton sahakeng\u00e4n s\u00e4\u00e4t\u00f6<br \/>\nluokkansa lyhin puukkosaha<br \/>\nkevyt ja k\u00e4tev\u00e4 ainutlaatuinen triatlonmoottori (vahva, nopea ja tehokas)<br \/>\nTekniset tiedot:<br \/>\nIskuluku: 0 &#8211; 2600 iskua\/min<br \/>\nIskun pituus: 22 mm<br \/>\nLeikkuusyvyys: puu 100 mm, metalli 6 mm<br \/>\nTer\u00e4n paksuus: 0,8 &#8211; 1,6 mm<br \/>\nPaino: 1,6 kg (ilman akkua)<\/p>\n","protected":false},"excerpt":{"rendered":"<p>Kevyt ja k\u00e4tev\u00e4 akkupuukkosaha TE-AP 18 Li Solo kuuluu Einhellin uuteen Power-X-Change akkutuoteperheeseen. Sahakeng\u00e4n s\u00e4\u00e4t\u00f6 sujuu ilman ty\u00f6kaluja, samoin sahanter\u00e4n vaihto.<\/p>\n","protected":false},"featured_media":2730,"comment_status":"closed","ping_status":"closed","template":"","meta":[],"product_brand":[],"product_cat":[208],"product_tag":[],"class_list":{"0":"post-2729","1":"product","2":"type-product","3":"status-publish","4":"has-post-thumbnail","6":"product_cat-akkutyokalut","8":"first","9":"outofstock","10":"taxable","11":"shipping-taxable","12":"purchasable","13":"product-type-simple"},"_links":{"self":[{"href":"https:\/\/www.ksttukku.fi\/kauppa\/wp-json\/wp\/v2\/product\/2729","targetHints":{"allow":["GET"]}}],"collection":[{"href":"https:\/\/www.ksttukku.fi\/kauppa\/wp-json\/wp\/v2\/product"}],"about":[{"href":"https:\/\/www.ksttukku.fi\/kauppa\/wp-json\/wp\/v2\/types\/product"}],"replies":[{"embeddable":true,"href":"https:\/\/www.ksttukku.fi\/kauppa\/wp-json\/wp\/v2\/comments?post=2729"}],"wp:featuredmedia":[{"embeddable":true,"href":"https:\/\/www.ksttukku.fi\/kauppa\/wp-json\/wp\/v2\/media\/2730"}],"wp:attachment":[{"href":"https:\/\/www.ksttukku.fi\/kauppa\/wp-json\/wp\/v2\/media?parent=2729"}],"wp:term":[{"taxonomy":"product_brand","embeddable":true,"href":"https:\/\/www.ksttukku.fi\/kauppa\/wp-json\/wp\/v2\/product_brand?post=2729"},{"taxonomy":"product_cat","embeddable":true,"href":"https:\/\/www.ksttukku.fi\/kauppa\/wp-json\/wp\/v2\/product_cat?post=2729"},{"taxonomy":"product_tag","embeddable":true,"href":"https:\/\/www.ksttukku.fi\/kauppa\/wp-json\/wp\/v2\/product_tag?post=2729"}],"curies":[{"name":"wp","href":"https:\/\/api.w.org\/{rel}","templated":true}]}}