{"id":2731,"date":"2019-03-16T13:30:10","date_gmt":"2019-03-16T11:30:10","guid":{"rendered":"http:\/\/www.ksttukku.fi\/kauppa\/?post_type=product&#038;p=2731"},"modified":"2024-05-06T14:27:26","modified_gmt":"2024-05-06T11:27:26","slug":"akkuporavasara-te-hd-18-li-solo","status":"publish","type":"product","link":"https:\/\/www.ksttukku.fi\/kauppa\/tuote\/akkuporavasara-te-hd-18-li-solo\/","title":{"rendered":"Akkuporavasara TE-HD 18 Li Solo"},"content":{"rendered":"<p>Ergonomisen pehmustetun kahvan ansiosta kone tuntuu koko ajan k\u00e4teen mukavalta ja turvalliselta. Toimitus ilman akkua ja latauslaitetta, joten voit s\u00e4\u00e4st\u00e4\u00e4 &amp; hy\u00f6dynt\u00e4\u00e4 jo olemassa olevien Einhell Power-X-Change akkutuoteperheen tarvikkeita.<br \/>\nVarustus:<br \/>\n&#8211; 3 toimintoa: ruuvaus, poraus ja vasaraporaus betoniin<br \/>\n&#8211; pneumaattinen isku<br \/>\n&#8211; tehokas moottori ja metallinen vaihteisto<br \/>\n&#8211; universaali SDS-plus-ty\u00f6kalukiinnitys puoliautomatiikalla<br \/>\n&#8211; elektroninen kierrosluvun s\u00e4\u00e4t\u00f6<br \/>\n&#8211; ergonominen pehmustettu kahva<br \/>\n&#8211; led-valo ty\u00f6kohteen valaisuun<br \/>\n&#8211; toimitus ilman akkua ja latauslaitetta (saatavissa erikseen)<\/p>\n<p>Tekniset tiedot:<br \/>\n&#8211; tyhj\u00e4k\u00e4yntikierrosluku (vaihe 1): 0-1100 min-1<br \/>\n&#8211; iskuluku (vaihe 1): 0-5700 min-1<br \/>\n&#8211; iskuvoima: 1,2 J<br \/>\n&#8211; v\u00e4\u00e4nt\u00f6momentti maks.: 9,9 Nm<br \/>\n&#8211; porausteho betoniin: 12 mm<br \/>\n&#8211; akku: 18 V Li-Ion<\/p>\n","protected":false},"excerpt":{"rendered":"<p>Einhell Power X-Change akkuporavasara TE-HD 18 Li Solo on kest\u00e4v\u00e4 ja monipuolinen ty\u00f6kone ruuvaukseen, poraukseen ja vasaraporaukseen verkkovirrasta riippumatta. Pneumaattisella iskulla saadaan eritt\u00e4in hyv\u00e4 ty\u00f6nt\u00f6voima betoniin.<\/p>\n","protected":false},"featured_media":2732,"comment_status":"closed","ping_status":"closed","template":"","meta":[],"product_brand":[],"product_cat":[208],"product_tag":[],"class_list":{"0":"post-2731","1":"product","2":"type-product","3":"status-publish","4":"has-post-thumbnail","6":"product_cat-akkutyokalut","8":"first","9":"outofstock","10":"taxable","11":"shipping-taxable","12":"purchasable","13":"product-type-simple"},"_links":{"self":[{"href":"https:\/\/www.ksttukku.fi\/kauppa\/wp-json\/wp\/v2\/product\/2731","targetHints":{"allow":["GET"]}}],"collection":[{"href":"https:\/\/www.ksttukku.fi\/kauppa\/wp-json\/wp\/v2\/product"}],"about":[{"href":"https:\/\/www.ksttukku.fi\/kauppa\/wp-json\/wp\/v2\/types\/product"}],"replies":[{"embeddable":true,"href":"https:\/\/www.ksttukku.fi\/kauppa\/wp-json\/wp\/v2\/comments?post=2731"}],"wp:featuredmedia":[{"embeddable":true,"href":"https:\/\/www.ksttukku.fi\/kauppa\/wp-json\/wp\/v2\/media\/2732"}],"wp:attachment":[{"href":"https:\/\/www.ksttukku.fi\/kauppa\/wp-json\/wp\/v2\/media?parent=2731"}],"wp:term":[{"taxonomy":"product_brand","embeddable":true,"href":"https:\/\/www.ksttukku.fi\/kauppa\/wp-json\/wp\/v2\/product_brand?post=2731"},{"taxonomy":"product_cat","embeddable":true,"href":"https:\/\/www.ksttukku.fi\/kauppa\/wp-json\/wp\/v2\/product_cat?post=2731"},{"taxonomy":"product_tag","embeddable":true,"href":"https:\/\/www.ksttukku.fi\/kauppa\/wp-json\/wp\/v2\/product_tag?post=2731"}],"curies":[{"name":"wp","href":"https:\/\/api.w.org\/{rel}","templated":true}]}}