{"id":2733,"date":"2019-03-16T13:43:53","date_gmt":"2019-03-16T11:43:53","guid":{"rendered":"http:\/\/www.ksttukku.fi\/kauppa\/?post_type=product&#038;p=2733"},"modified":"2024-05-06T14:58:16","modified_gmt":"2024-05-06T11:58:16","slug":"akkukasisirkkeli-te-cs-18-li-solo","status":"publish","type":"product","link":"https:\/\/www.ksttukku.fi\/kauppa\/tuote\/akkukasisirkkeli-te-cs-18-li-solo\/","title":{"rendered":"Akkuk\u00e4sisirkkeli TE-CS 18 Li-Solo"},"content":{"rendered":"<p>Laadukkaat led-valot valaisevat ty\u00f6kohteen ja purunpoistoliittimen avulla sahausalue on mahdollista pit\u00e4\u00e4 puhtaana. Toimitus ilman akkua ja latauslaitetta.<br \/>\nOminaisuudet\/varustus:<br \/>\nEinhell Power-X-Change akkutuoteperheen j\u00e4sen<br \/>\npieni, kevyt ja k\u00e4tev\u00e4 k\u00e4ytt\u00e4\u00e4<br \/>\ns\u00e4\u00e4d\u00f6t helposti ja ilman ty\u00f6kaluja (sahaussyvyys, kallistuskulma)<br \/>\nsahanpurujen poistoimuliitin<br \/>\nhelppo sahanter\u00e4nvaihto karalukituksen ansiosta<br \/>\nled-valot sahauskohteen valaisuun<br \/>\nyhteensopiva Einhell ohjauskiskojen kanssa<br \/>\nlaadukas sahap\u00f6yt\u00e4 alumiinia<br \/>\nsek\u00e4 10 mm ett\u00e4 16 mm sahanter\u00e4n k\u00e4ytt\u00f6 mahdollista<br \/>\nakku ja latauslaite erikseen saatavissa<br \/>\nTekniset tiedot:<br \/>\nkierrosluku: 4200 min-1<br \/>\nsahanter\u00e4 \u00d8 150 x \u00d8 10 mm, hampaita 24<br \/>\nsahaussyvyys 90\u00b0: 48 mm<br \/>\nsahaussyvyys 45\u00b0: 32 mm<\/p>\n","protected":false},"excerpt":{"rendered":"<p>Einhell Power X-Change -perheen akkuk\u00e4ytt\u00f6inen k\u00e4sipy\u00f6r\u00f6saha TE-CS 18 Li Solo on pieni, kevyt ja k\u00e4tev\u00e4. Sahaussyvyys ja kallistuskulma s\u00e4\u00e4tyv\u00e4t ilman ty\u00f6kaluja ja sahanterien vaihto 10 mm:st\u00e4 16 mm istukalliseen on helppoa karalukituksen ansiosta.<\/p>\n","protected":false},"featured_media":2734,"comment_status":"closed","ping_status":"closed","template":"","meta":[],"product_brand":[],"product_cat":[208],"product_tag":[],"class_list":{"0":"post-2733","1":"product","2":"type-product","3":"status-publish","4":"has-post-thumbnail","6":"product_cat-akkutyokalut","8":"first","9":"outofstock","10":"taxable","11":"shipping-taxable","12":"purchasable","13":"product-type-simple"},"_links":{"self":[{"href":"https:\/\/www.ksttukku.fi\/kauppa\/wp-json\/wp\/v2\/product\/2733","targetHints":{"allow":["GET"]}}],"collection":[{"href":"https:\/\/www.ksttukku.fi\/kauppa\/wp-json\/wp\/v2\/product"}],"about":[{"href":"https:\/\/www.ksttukku.fi\/kauppa\/wp-json\/wp\/v2\/types\/product"}],"replies":[{"embeddable":true,"href":"https:\/\/www.ksttukku.fi\/kauppa\/wp-json\/wp\/v2\/comments?post=2733"}],"wp:featuredmedia":[{"embeddable":true,"href":"https:\/\/www.ksttukku.fi\/kauppa\/wp-json\/wp\/v2\/media\/2734"}],"wp:attachment":[{"href":"https:\/\/www.ksttukku.fi\/kauppa\/wp-json\/wp\/v2\/media?parent=2733"}],"wp:term":[{"taxonomy":"product_brand","embeddable":true,"href":"https:\/\/www.ksttukku.fi\/kauppa\/wp-json\/wp\/v2\/product_brand?post=2733"},{"taxonomy":"product_cat","embeddable":true,"href":"https:\/\/www.ksttukku.fi\/kauppa\/wp-json\/wp\/v2\/product_cat?post=2733"},{"taxonomy":"product_tag","embeddable":true,"href":"https:\/\/www.ksttukku.fi\/kauppa\/wp-json\/wp\/v2\/product_tag?post=2733"}],"curies":[{"name":"wp","href":"https:\/\/api.w.org\/{rel}","templated":true}]}}