{"id":2739,"date":"2019-03-19T16:43:26","date_gmt":"2019-03-19T14:43:26","guid":{"rendered":"http:\/\/www.ksttukku.fi\/kauppa\/?post_type=product&#038;p=2739"},"modified":"2021-10-26T16:37:24","modified_gmt":"2021-10-26T13:37:24","slug":"akkuledvalaisin-te-cd-18-li-h-solo","status":"publish","type":"product","link":"https:\/\/www.ksttukku.fi\/kauppa\/tuote\/akkuledvalaisin-te-cd-18-li-h-solo\/","title":{"rendered":"Akkuledvalaisin TE-CD 18 Li H Solo"},"content":{"rendered":"<p>Akkuvalo TE-CL 18 Li H on varustettu laadukkaalla CREE-korkeateholedill\u00e4, joka antaa eritt\u00e4in kirkkaan 280 lm valon. Matalan virrankulutuksen ansiosta valaisuaika on pitk\u00e4. K\u00e4\u00e4ntyv\u00e4 p\u00e4\u00e4 parantaa valaisumahdollisuuksia. Tukeva jalusta ja pehmustettu kahva helpottavat valaisimen k\u00e4sittely\u00e4. K\u00e4yt\u00e4nn\u00f6llisest\u00e4 metallikoukusta valo on nopea ja helppo ripustaa paikkaan kuin paikkaan.Akku ja latauslaite eiv\u00e4t kuulu toimitukseen, mutta kaikki Einhell Power X-Change tuoteperheen akut ja laturit sopivat my\u00f6s t\u00e4h\u00e4n tuotteeseen.<br \/>\nLedien m\u00e4\u00e4r\u00e4: 1<br \/>\nValoteho: 280 lumenia<br \/>\nLaitteen paino: 0,624 kg<\/p>\n","protected":false},"excerpt":{"rendered":"<p>Einhell LED-akkuvalo TE-CL 18 Li H Solo on tehokas apu ty\u00f6skennelt\u00e4ess\u00e4 pimeiss\u00e4 tai huonosti valaistuissa kohteissa. T\u00e4m\u00e4 k\u00e4\u00e4ntyv\u00e4 akkuvalo on Einhell Power X-Change -akkutuoteperheen j\u00e4sen, joten kaikki akkuperheen akut sopivat.<\/p>\n<p>&nbsp;<\/p>\n","protected":false},"featured_media":2740,"comment_status":"closed","ping_status":"closed","template":"","meta":[],"product_brand":[],"product_cat":[208],"product_tag":[],"class_list":{"0":"post-2739","1":"product","2":"type-product","3":"status-publish","4":"has-post-thumbnail","6":"product_cat-akkutyokalut","8":"first","9":"outofstock","10":"taxable","11":"shipping-taxable","12":"purchasable","13":"product-type-simple"},"_links":{"self":[{"href":"https:\/\/www.ksttukku.fi\/kauppa\/wp-json\/wp\/v2\/product\/2739","targetHints":{"allow":["GET"]}}],"collection":[{"href":"https:\/\/www.ksttukku.fi\/kauppa\/wp-json\/wp\/v2\/product"}],"about":[{"href":"https:\/\/www.ksttukku.fi\/kauppa\/wp-json\/wp\/v2\/types\/product"}],"replies":[{"embeddable":true,"href":"https:\/\/www.ksttukku.fi\/kauppa\/wp-json\/wp\/v2\/comments?post=2739"}],"wp:featuredmedia":[{"embeddable":true,"href":"https:\/\/www.ksttukku.fi\/kauppa\/wp-json\/wp\/v2\/media\/2740"}],"wp:attachment":[{"href":"https:\/\/www.ksttukku.fi\/kauppa\/wp-json\/wp\/v2\/media?parent=2739"}],"wp:term":[{"taxonomy":"product_brand","embeddable":true,"href":"https:\/\/www.ksttukku.fi\/kauppa\/wp-json\/wp\/v2\/product_brand?post=2739"},{"taxonomy":"product_cat","embeddable":true,"href":"https:\/\/www.ksttukku.fi\/kauppa\/wp-json\/wp\/v2\/product_cat?post=2739"},{"taxonomy":"product_tag","embeddable":true,"href":"https:\/\/www.ksttukku.fi\/kauppa\/wp-json\/wp\/v2\/product_tag?post=2739"}],"curies":[{"name":"wp","href":"https:\/\/api.w.org\/{rel}","templated":true}]}}