{"id":2741,"date":"2019-03-19T16:55:16","date_gmt":"2019-03-19T14:55:16","guid":{"rendered":"http:\/\/www.ksttukku.fi\/kauppa\/?post_type=product&#038;p=2741"},"modified":"2024-05-06T15:07:06","modified_gmt":"2024-05-06T12:07:06","slug":"akkuradio-te-cr-18-li-solo","status":"publish","type":"product","link":"https:\/\/www.ksttukku.fi\/kauppa\/tuote\/akkuradio-te-cr-18-li-solo\/","title":{"rendered":"Akkuradio TE-CR 18 Li-Solo"},"content":{"rendered":"<p>Akkuradion TE-CR 18 Li Solo LCD-n\u00e4yt\u00f6st\u00e4 on helppo tarkistaa kanava ja kellonaika. Laadukas kova\u00e4\u00e4ninen ja kest\u00e4v\u00e4 muovikuori antavat hyv\u00e4laatuisen \u00e4\u00e4nen. Lis\u00e4ksi aux-liitosjohdon avulla on mahdollista soittaa musiikkia k\u00e4nnyk\u00e4st\u00e4 tai MP3-soittimesta. Liitosjohto sis\u00e4ltyy toimitukseen, mutta akku ja latauslaite ei, sill\u00e4 voit hy\u00f6dynt\u00e4\u00e4 jo olemassa olevien Einhell Power-X-Change akkutuoteperheen tarvikkeita.<\/p>\n<p>Varustus:<br \/>\n10 radiokanavalle tallennuspaikat<br \/>\nkova\u00e4\u00e4ninen \u00d8 90 mm<br \/>\nlaadukas LCD-n\u00e4ytt\u00f6 kellolla varustettuna<br \/>\nantenni ja AUX-tulo<br \/>\nk\u00e4yt\u00e4nn\u00f6llinen kantokahva ja mahdollisuus sein\u00e4kiinnitykseen<br \/>\ntakana s\u00e4ilytyspaikka k\u00e4nnyk\u00e4lle, MP3-soittimelle jne.<br \/>\nliitoskaapeli k\u00e4nnyk\u00e4lle, MP3-soittimelle jne.<br \/>\ntoimitus ilman akkua ja latauslaitetta (saatavana erikseen)<\/p>\n<p>Tekniset tiedot<br \/>\nakku: 18 V Li-Ion<br \/>\nradiotaajuusalue AM: 522 &#8211; 1620 kHz<br \/>\nradiotaajuusalue FM: 87,5 &#8211; 108 MHz<br \/>\ntallennusmahdollisuudet (AM\/FM): 10\/10<\/p>\n","protected":false},"excerpt":{"rendered":"<p>Einhell Power X-Change akkuradio TE-CR 18 Li Solo k\u00e4yt\u00e4nn\u00f6llinen ja kest\u00e4v\u00e4 ty\u00f6maaradio. Radio k\u00e4y samoilla 18 V akuilla kuin muutkin Einhell Power X-Change akkutuoteperheen laitteet. Integroitu antenni ja mahdollisuus tallentaa 10 radiokanavaa.<\/p>\n","protected":false},"featured_media":2742,"comment_status":"closed","ping_status":"closed","template":"","meta":[],"product_brand":[],"product_cat":[208],"product_tag":[],"class_list":{"0":"post-2741","1":"product","2":"type-product","3":"status-publish","4":"has-post-thumbnail","6":"product_cat-akkutyokalut","8":"first","9":"outofstock","10":"taxable","11":"shipping-taxable","12":"purchasable","13":"product-type-simple"},"_links":{"self":[{"href":"https:\/\/www.ksttukku.fi\/kauppa\/wp-json\/wp\/v2\/product\/2741","targetHints":{"allow":["GET"]}}],"collection":[{"href":"https:\/\/www.ksttukku.fi\/kauppa\/wp-json\/wp\/v2\/product"}],"about":[{"href":"https:\/\/www.ksttukku.fi\/kauppa\/wp-json\/wp\/v2\/types\/product"}],"replies":[{"embeddable":true,"href":"https:\/\/www.ksttukku.fi\/kauppa\/wp-json\/wp\/v2\/comments?post=2741"}],"wp:featuredmedia":[{"embeddable":true,"href":"https:\/\/www.ksttukku.fi\/kauppa\/wp-json\/wp\/v2\/media\/2742"}],"wp:attachment":[{"href":"https:\/\/www.ksttukku.fi\/kauppa\/wp-json\/wp\/v2\/media?parent=2741"}],"wp:term":[{"taxonomy":"product_brand","embeddable":true,"href":"https:\/\/www.ksttukku.fi\/kauppa\/wp-json\/wp\/v2\/product_brand?post=2741"},{"taxonomy":"product_cat","embeddable":true,"href":"https:\/\/www.ksttukku.fi\/kauppa\/wp-json\/wp\/v2\/product_cat?post=2741"},{"taxonomy":"product_tag","embeddable":true,"href":"https:\/\/www.ksttukku.fi\/kauppa\/wp-json\/wp\/v2\/product_tag?post=2741"}],"curies":[{"name":"wp","href":"https:\/\/api.w.org\/{rel}","templated":true}]}}