{"id":2743,"date":"2019-03-20T17:03:40","date_gmt":"2019-03-20T15:03:40","guid":{"rendered":"http:\/\/www.ksttukku.fi\/kauppa\/?post_type=product&#038;p=2743"},"modified":"2025-05-26T11:02:00","modified_gmt":"2025-05-26T08:02:00","slug":"akkukiillotuskone-ce-cb-18-254-li-solo","status":"publish","type":"product","link":"https:\/\/www.ksttukku.fi\/kauppa\/tuote\/akkukiillotuskone-ce-cb-18-254-li-solo\/","title":{"rendered":"Akkukiillotuskone CE-CB 18\/254 Li Solo"},"content":{"rendered":"<p>Kiillotuskone on kest\u00e4v\u00e4 ja k\u00e4tev\u00e4 k\u00e4ytt\u00e4\u00e4. Pehmustetussa kahvassa ote pit\u00e4\u00e4 hyvin ja p\u00e4\u00e4lle\/pois kytkin on sijoitettu helposti k\u00e4sitelt\u00e4v\u00e4sti laitteeseen. Ylikuormitussuoja tuo turvallisuutta koneen k\u00e4ytt\u00f6\u00f6n. Kankainen liina kiillotusaineen levitt\u00e4miseen ja synteettinen liina kiillottamiseen sis\u00e4ltyv\u00e4t varustukseen. Akku ja laturi hankittavaissa erikseen. Ne k\u00e4yv\u00e4t my\u00f6s kaikkiin muihinkin Power X-Change tuoteperheen koneisiin.<br \/>\nJ\u00e4nnite: 18 V<br \/>\nKierrokset: 2500 min-1<br \/>\nKiillotuspinnan halkaisija: 254 mm<br \/>\nVarustus: katkaisija, ylikuormitussuoja, ergonominen pehmustettu kahva, kankainen kiillotusliina ja synteettinen kiillotusliina.<\/p>\n","protected":false},"excerpt":{"rendered":"<p>Einhell Power X-Change akkukiillotuskoneella CE-CB 18\/254 Li Solo kiillotat autosi k\u00e4tev\u00e4sti litiumioniakun voimalla ilman h\u00e4iritsevi\u00e4 johtoja. Nopeus 2500 kierrosta\/min ja kiillotusala \u00d8 254 mm takaavat tehokkaan kiillotuksen.<\/p>\n","protected":false},"featured_media":2744,"comment_status":"closed","ping_status":"closed","template":"","meta":[],"product_brand":[],"product_cat":[208],"product_tag":[],"class_list":{"0":"post-2743","1":"product","2":"type-product","3":"status-publish","4":"has-post-thumbnail","6":"product_cat-akkutyokalut","8":"first","9":"outofstock","10":"taxable","11":"shipping-taxable","12":"purchasable","13":"product-type-simple"},"_links":{"self":[{"href":"https:\/\/www.ksttukku.fi\/kauppa\/wp-json\/wp\/v2\/product\/2743","targetHints":{"allow":["GET"]}}],"collection":[{"href":"https:\/\/www.ksttukku.fi\/kauppa\/wp-json\/wp\/v2\/product"}],"about":[{"href":"https:\/\/www.ksttukku.fi\/kauppa\/wp-json\/wp\/v2\/types\/product"}],"replies":[{"embeddable":true,"href":"https:\/\/www.ksttukku.fi\/kauppa\/wp-json\/wp\/v2\/comments?post=2743"}],"wp:featuredmedia":[{"embeddable":true,"href":"https:\/\/www.ksttukku.fi\/kauppa\/wp-json\/wp\/v2\/media\/2744"}],"wp:attachment":[{"href":"https:\/\/www.ksttukku.fi\/kauppa\/wp-json\/wp\/v2\/media?parent=2743"}],"wp:term":[{"taxonomy":"product_brand","embeddable":true,"href":"https:\/\/www.ksttukku.fi\/kauppa\/wp-json\/wp\/v2\/product_brand?post=2743"},{"taxonomy":"product_cat","embeddable":true,"href":"https:\/\/www.ksttukku.fi\/kauppa\/wp-json\/wp\/v2\/product_cat?post=2743"},{"taxonomy":"product_tag","embeddable":true,"href":"https:\/\/www.ksttukku.fi\/kauppa\/wp-json\/wp\/v2\/product_tag?post=2743"}],"curies":[{"name":"wp","href":"https:\/\/api.w.org\/{rel}","templated":true}]}}