{"id":2745,"date":"2019-03-20T17:22:55","date_gmt":"2019-03-20T15:22:55","guid":{"rendered":"http:\/\/www.ksttukku.fi\/kauppa\/?post_type=product&#038;p=2745"},"modified":"2024-05-06T12:50:55","modified_gmt":"2024-05-06T09:50:55","slug":"akkumutterinvaannin-te-cw-18-li-bl-solo","status":"publish","type":"product","link":"https:\/\/www.ksttukku.fi\/kauppa\/tuote\/akkumutterinvaannin-te-cw-18-li-bl-solo\/","title":{"rendered":"Akkumutterinv\u00e4\u00e4nnin TE-CW 18 Li BL Solo"},"content":{"rendered":"<p>Iskev\u00e4 akkumutterinv\u00e4\u00e4nnin on yhteensopiva kaikkien Einhell Power X-Change -perheen akkujen kanssa. Korkean 215 Nm v\u00e4\u00e4nt\u00f6momentin koneessa on riitt\u00e4v\u00e4sti tehoa my\u00f6s tiukasti kiinniolevien renkaan muttereiden irrottamiseen. Suorituskyvyst\u00e4\u00e4n huolimatta TE-CW 18 Li BL Solo on kevyt ja k\u00e4teen mukavantuntuinen. V\u00e4\u00e4ntimess\u00e4 on \u00bd&#8221; ulkonelikantaistukka ja k\u00e4rkiadapteri ruuvaukseen. LED-valo valaisee ty\u00f6kohteen.<\/p>\n<p>Ominaisuudet\/varustus:<br \/>\nEinhell Power-X-Change akkutuoteperheen j\u00e4sen<br \/>\nhiiliharjaton moottori &#8211; enemm\u00e4n tehoa ja pitempi k\u00e4ytt\u00f6aika<br \/>\ntehokas iskev\u00e4 akkumutterinv\u00e4\u00e4nnin, jossa korkea v\u00e4\u00e4nt\u00f6momentti<br \/>\npieni ja kevyt &#8211; mukava k\u00e4ytt\u00e4\u00e4<br \/>\n\u00bd&#8221; ulkonelikantaistukka<br \/>\nLED-valo ty\u00f6kohteen valaisuun<br \/>\nk\u00e4rkiadapteri (HEX) ruuvaukseen<br \/>\nakku ja latauslaite saatavana erikseen<br \/>\nTekniset tiedot:<br \/>\ntyhj\u00e4k\u00e4yntikierrosluku: 0 &#8211; 2900 min-1<br \/>\nty\u00f6kaluistukka (nelikanta): \u00bd&#8221;<br \/>\nv\u00e4\u00e4nt\u00f6momentti maks. (kova): 215 Nm<br \/>\nKoneen paino: 1,1 kg<\/p>\n","protected":false},"excerpt":{"rendered":"<p>Nyt renkaiden vaihtoon Einhell PXC-tuoteperheen 18 V iskev\u00e4 akkupulttipyssy, jossa on hiiliharjaton moottori ja 215 Nm v\u00e4\u00e4nt\u00f6. V\u00e4\u00e4nnin on kevyt ja mukava k\u00e4dess\u00e4 &#8211; ja johdottomana k\u00e4ytett\u00e4viss\u00e4 miss\u00e4 vain! LED-valo. Toimitus ilman akkua ja laturia.<\/p>\n<div class=\"clearfix\"><\/div>\n","protected":false},"featured_media":2746,"comment_status":"closed","ping_status":"closed","template":"","meta":[],"product_brand":[],"product_cat":[208],"product_tag":[],"class_list":{"0":"post-2745","1":"product","2":"type-product","3":"status-publish","4":"has-post-thumbnail","6":"product_cat-akkutyokalut","8":"first","9":"outofstock","10":"taxable","11":"shipping-taxable","12":"purchasable","13":"product-type-simple"},"_links":{"self":[{"href":"https:\/\/www.ksttukku.fi\/kauppa\/wp-json\/wp\/v2\/product\/2745","targetHints":{"allow":["GET"]}}],"collection":[{"href":"https:\/\/www.ksttukku.fi\/kauppa\/wp-json\/wp\/v2\/product"}],"about":[{"href":"https:\/\/www.ksttukku.fi\/kauppa\/wp-json\/wp\/v2\/types\/product"}],"replies":[{"embeddable":true,"href":"https:\/\/www.ksttukku.fi\/kauppa\/wp-json\/wp\/v2\/comments?post=2745"}],"wp:featuredmedia":[{"embeddable":true,"href":"https:\/\/www.ksttukku.fi\/kauppa\/wp-json\/wp\/v2\/media\/2746"}],"wp:attachment":[{"href":"https:\/\/www.ksttukku.fi\/kauppa\/wp-json\/wp\/v2\/media?parent=2745"}],"wp:term":[{"taxonomy":"product_brand","embeddable":true,"href":"https:\/\/www.ksttukku.fi\/kauppa\/wp-json\/wp\/v2\/product_brand?post=2745"},{"taxonomy":"product_cat","embeddable":true,"href":"https:\/\/www.ksttukku.fi\/kauppa\/wp-json\/wp\/v2\/product_cat?post=2745"},{"taxonomy":"product_tag","embeddable":true,"href":"https:\/\/www.ksttukku.fi\/kauppa\/wp-json\/wp\/v2\/product_tag?post=2745"}],"curies":[{"name":"wp","href":"https:\/\/api.w.org\/{rel}","templated":true}]}}