{"id":2749,"date":"2019-03-21T17:53:04","date_gmt":"2019-03-21T15:53:04","guid":{"rendered":"http:\/\/www.ksttukku.fi\/kauppa\/?post_type=product&#038;p=2749"},"modified":"2022-10-27T16:05:44","modified_gmt":"2022-10-27T13:05:44","slug":"usb-latausasema-te-cp-18-li-usb-solo","status":"publish","type":"product","link":"https:\/\/www.ksttukku.fi\/kauppa\/tuote\/usb-latausasema-te-cp-18-li-usb-solo\/","title":{"rendered":"USB-latausasema TE-CP 18 Li USB-Solo"},"content":{"rendered":"<p>Samanaikaisesti voidaan ladata kahta eri laitetta. Toinen USB-porteista sy\u00f6tt\u00e4\u00e4 vahvaa 2,1A pikalataukseen. Latausaika vaihtelee ladattavan laitteen akun tehon mukaan.<\/p>\n<p>Tekniset tiedot:<br \/>\nj\u00e4nnite 18 V<br \/>\nUSB-portti 1: 5 V\/1 A<br \/>\nUSB-portti 2: 5 V\/2,1 A<br \/>\nLED-merkkivalo<br \/>\nTuotteen paino: 0,06 kg<\/p>\n","protected":false},"excerpt":{"rendered":"<div class=\"col-xs-12\">\n<p>Einhell Power X-Change akkutuoteperheeseen kuuluva USB-latausasema TE-CP 18 Li USB-Solo on k\u00e4yt\u00e4nn\u00f6llinen ulkoinen virranl\u00e4hde k\u00e4nnyk\u00f6iden, tablettien, MP3-soittimien ja muiden mobiililaitteiden lataamiseen. Toimitus ilman akkua ja laturia.<\/p>\n<\/div>\n<div class=\"clearfix\"><\/div>\n","protected":false},"featured_media":2750,"comment_status":"closed","ping_status":"closed","template":"","meta":[],"product_brand":[],"product_cat":[208],"product_tag":[],"class_list":{"0":"post-2749","1":"product","2":"type-product","3":"status-publish","4":"has-post-thumbnail","6":"product_cat-akkutyokalut","8":"first","9":"outofstock","10":"taxable","11":"shipping-taxable","12":"purchasable","13":"product-type-simple"},"_links":{"self":[{"href":"https:\/\/www.ksttukku.fi\/kauppa\/wp-json\/wp\/v2\/product\/2749","targetHints":{"allow":["GET"]}}],"collection":[{"href":"https:\/\/www.ksttukku.fi\/kauppa\/wp-json\/wp\/v2\/product"}],"about":[{"href":"https:\/\/www.ksttukku.fi\/kauppa\/wp-json\/wp\/v2\/types\/product"}],"replies":[{"embeddable":true,"href":"https:\/\/www.ksttukku.fi\/kauppa\/wp-json\/wp\/v2\/comments?post=2749"}],"wp:featuredmedia":[{"embeddable":true,"href":"https:\/\/www.ksttukku.fi\/kauppa\/wp-json\/wp\/v2\/media\/2750"}],"wp:attachment":[{"href":"https:\/\/www.ksttukku.fi\/kauppa\/wp-json\/wp\/v2\/media?parent=2749"}],"wp:term":[{"taxonomy":"product_brand","embeddable":true,"href":"https:\/\/www.ksttukku.fi\/kauppa\/wp-json\/wp\/v2\/product_brand?post=2749"},{"taxonomy":"product_cat","embeddable":true,"href":"https:\/\/www.ksttukku.fi\/kauppa\/wp-json\/wp\/v2\/product_cat?post=2749"},{"taxonomy":"product_tag","embeddable":true,"href":"https:\/\/www.ksttukku.fi\/kauppa\/wp-json\/wp\/v2\/product_tag?post=2749"}],"curies":[{"name":"wp","href":"https:\/\/api.w.org\/{rel}","templated":true}]}}