{"id":2755,"date":"2019-03-23T13:14:13","date_gmt":"2019-03-23T11:14:13","guid":{"rendered":"http:\/\/www.ksttukku.fi\/kauppa\/?post_type=product&#038;p=2755"},"modified":"2024-05-06T12:31:19","modified_gmt":"2024-05-06T09:31:19","slug":"starttipakkaus-akku-18v-3ah-laturi","status":"publish","type":"product","link":"https:\/\/www.ksttukku.fi\/kauppa\/tuote\/starttipakkaus-akku-18v-3ah-laturi\/","title":{"rendered":"Starttipakkaus akku 18V\/3Ah + laturi"},"content":{"rendered":"<p>AKKU: 18 V 3000 mAh Li-Ion<br \/>\nLATAUSLAITE:<br \/>\nJ\u00e4nnite 200 &#8211; 260 V 50 &#8211; 60 Hz<br \/>\nUlostuloj\u00e4nnite 21 V<br \/>\nLatausaika 30 min (1,5 Ah akku), 60 min (3,0 Ah akku), 130 min (5,2 Ah akku)<br \/>\nAKKU:<br \/>\nEinhell ABS-j\u00e4rjestelm\u00e4n \u00e4lyk\u00e4s 7-in-1-akku, joka k\u00e4y kaikkiin Einhell Power X Change -tuoteperheen akkutuotteisiin. (ABS = Active Battery Management System)<br \/>\n3-portainen akun lataustilan n\u00e4ytt\u00f6<br \/>\nModerneinta tekniikkaa: mikroprosessori ohjaa ja vahtii toimintoja jatkuvasti<br \/>\nSyv\u00e4purkautumissuoja ja sit\u00e4 kautta pidempi elinkaari<br \/>\nKorkealaatuiset litiumioniakkukennot<br \/>\nKoko ajan ladattavissa<br \/>\nKumitettu kotelointi suojaa iskuilta ja pit\u00e4\u00e4 hyvin liukkaallakin pinnalla<br \/>\nErgonominen k\u00e4sitell\u00e4<br \/>\nLATAUSLAITE:<br \/>\n6-portainen lataustilan n\u00e4ytt\u00f6<br \/>\nsein\u00e4asennusmahdollisuus<br \/>\n\u00c4lyk\u00e4s latausj\u00e4rjestelm\u00e4, joka pident\u00e4\u00e4 akkujen elinkaarta<br \/>\nJatkuva akun tilan valvonta ja sen mukainen lataus<br \/>\nSyv\u00e4purkautumissuoja ja sit\u00e4 kautta pidempi elinkaari<\/p>\n","protected":false},"excerpt":{"rendered":"<p>Einhell Power X-Change akkutuoteperheen kaikkiin tuotteisiin sopiva starttipaketti, jossa laadukkaat 18 V 3 Ah akku ja pikalatauslaite.<\/p>\n","protected":false},"featured_media":2756,"comment_status":"closed","ping_status":"closed","template":"","meta":[],"product_brand":[],"product_cat":[209],"product_tag":[],"class_list":{"0":"post-2755","1":"product","2":"type-product","3":"status-publish","4":"has-post-thumbnail","6":"product_cat-akkutyokalujen-akut","8":"first","9":"outofstock","10":"taxable","11":"shipping-taxable","12":"purchasable","13":"product-type-simple"},"_links":{"self":[{"href":"https:\/\/www.ksttukku.fi\/kauppa\/wp-json\/wp\/v2\/product\/2755","targetHints":{"allow":["GET"]}}],"collection":[{"href":"https:\/\/www.ksttukku.fi\/kauppa\/wp-json\/wp\/v2\/product"}],"about":[{"href":"https:\/\/www.ksttukku.fi\/kauppa\/wp-json\/wp\/v2\/types\/product"}],"replies":[{"embeddable":true,"href":"https:\/\/www.ksttukku.fi\/kauppa\/wp-json\/wp\/v2\/comments?post=2755"}],"wp:featuredmedia":[{"embeddable":true,"href":"https:\/\/www.ksttukku.fi\/kauppa\/wp-json\/wp\/v2\/media\/2756"}],"wp:attachment":[{"href":"https:\/\/www.ksttukku.fi\/kauppa\/wp-json\/wp\/v2\/media?parent=2755"}],"wp:term":[{"taxonomy":"product_brand","embeddable":true,"href":"https:\/\/www.ksttukku.fi\/kauppa\/wp-json\/wp\/v2\/product_brand?post=2755"},{"taxonomy":"product_cat","embeddable":true,"href":"https:\/\/www.ksttukku.fi\/kauppa\/wp-json\/wp\/v2\/product_cat?post=2755"},{"taxonomy":"product_tag","embeddable":true,"href":"https:\/\/www.ksttukku.fi\/kauppa\/wp-json\/wp\/v2\/product_tag?post=2755"}],"curies":[{"name":"wp","href":"https:\/\/api.w.org\/{rel}","templated":true}]}}