{"id":2761,"date":"2019-03-23T14:34:04","date_gmt":"2019-03-23T12:34:04","guid":{"rendered":"http:\/\/www.ksttukku.fi\/kauppa\/?post_type=product&#038;p=2761"},"modified":"2024-05-06T12:39:06","modified_gmt":"2024-05-06T09:39:06","slug":"akku-18v-40ah","status":"publish","type":"product","link":"https:\/\/www.ksttukku.fi\/kauppa\/tuote\/akku-18v-40ah\/","title":{"rendered":"Akku 18V\/4,0Ah"},"content":{"rendered":"<p>Einhell ABS-j\u00e4rjestelm\u00e4n* \u00e4lyk\u00e4s 7-in-1-akku, joka k\u00e4y kaikkiin Einhell Power X Change \u00e2\u20ac\u201ctuoteperheen akkutuotteisiin.<br \/>\nOminaisuudet:<br \/>\n&#8211; 3-portainen akun lataustilan n\u00e4ytt\u00f6<br \/>\n&#8211; moderneinta tekniikkaa: mikroprosessori ohjaa ja vahtii jatkuvasti akun l\u00e4mp\u00f6tilaa, j\u00e4nnitett\u00e4 jne.<br \/>\n&#8211; syv\u00e4lataussuoja ja sit\u00e4 kautta pidempi elinkaari<br \/>\n&#8211; korkealaatuiset litiumioniakkukennot<br \/>\n&#8211; kokoajan ladattavissa<br \/>\n&#8211; kumitettu kotelointi suojaa iskuilta ja pit\u00e4\u00e4 hyvin<br \/>\n&#8211; ergonominen k\u00e4sitell\u00e4<br \/>\n* ABS = Active Battery Management System<br \/>\nTekniset tiedot:<br \/>\nAkkutyyppi: litiumioni<br \/>\nAkkuj\u00e4nnite: 18 V<br \/>\nAkkukapasiteetti: 4000 mAh<\/p>\n","protected":false},"excerpt":{"rendered":"<p>Einhell Power X-Change akkutuoteperheen tuotteisiin sopiva \u00e4lyk\u00e4s 18 V\/4,0 Ah litiumioniakku.<\/p>\n","protected":false},"featured_media":2762,"comment_status":"closed","ping_status":"closed","template":"","meta":[],"product_brand":[],"product_cat":[209],"product_tag":[],"class_list":{"0":"post-2761","1":"product","2":"type-product","3":"status-publish","4":"has-post-thumbnail","6":"product_cat-akkutyokalujen-akut","8":"first","9":"outofstock","10":"taxable","11":"shipping-taxable","12":"purchasable","13":"product-type-simple"},"_links":{"self":[{"href":"https:\/\/www.ksttukku.fi\/kauppa\/wp-json\/wp\/v2\/product\/2761","targetHints":{"allow":["GET"]}}],"collection":[{"href":"https:\/\/www.ksttukku.fi\/kauppa\/wp-json\/wp\/v2\/product"}],"about":[{"href":"https:\/\/www.ksttukku.fi\/kauppa\/wp-json\/wp\/v2\/types\/product"}],"replies":[{"embeddable":true,"href":"https:\/\/www.ksttukku.fi\/kauppa\/wp-json\/wp\/v2\/comments?post=2761"}],"wp:featuredmedia":[{"embeddable":true,"href":"https:\/\/www.ksttukku.fi\/kauppa\/wp-json\/wp\/v2\/media\/2762"}],"wp:attachment":[{"href":"https:\/\/www.ksttukku.fi\/kauppa\/wp-json\/wp\/v2\/media?parent=2761"}],"wp:term":[{"taxonomy":"product_brand","embeddable":true,"href":"https:\/\/www.ksttukku.fi\/kauppa\/wp-json\/wp\/v2\/product_brand?post=2761"},{"taxonomy":"product_cat","embeddable":true,"href":"https:\/\/www.ksttukku.fi\/kauppa\/wp-json\/wp\/v2\/product_cat?post=2761"},{"taxonomy":"product_tag","embeddable":true,"href":"https:\/\/www.ksttukku.fi\/kauppa\/wp-json\/wp\/v2\/product_tag?post=2761"}],"curies":[{"name":"wp","href":"https:\/\/api.w.org\/{rel}","templated":true}]}}