{"id":2765,"date":"2019-03-25T16:56:38","date_gmt":"2019-03-25T14:56:38","guid":{"rendered":"http:\/\/www.ksttukku.fi\/kauppa\/?post_type=product&#038;p=2765"},"modified":"2024-05-06T11:29:10","modified_gmt":"2024-05-06T08:29:10","slug":"akku-18v-52ah-plus","status":"publish","type":"product","link":"https:\/\/www.ksttukku.fi\/kauppa\/tuote\/akku-18v-52ah-plus\/","title":{"rendered":"Akku 18V\/5,2Ah Plus"},"content":{"rendered":"<p>Power X-Change Plus akkuj\u00e4rjestelm\u00e4n edut:<br \/>\n+ VIEL\u00c4 PITEMM\u00c4T K\u00c4YNTIAJAT<br \/>\nAkun kuoressa on l\u00e4mp\u00f6\u00e4 johtavat muodot, jotka optimoivat j\u00e4\u00e4hdytyksen. Viile\u00e4mpi akku pident\u00e4\u00e4 laitteen k\u00e4ytt\u00f6ik\u00e4\u00e4. Modernit paremmalla suorituskyvyll\u00e4 varustetut kennot pident\u00e4v\u00e4t k\u00e4yntiaikaa my\u00f6s.<br \/>\n+ VIEL\u00c4 PITEMPI K\u00c4YTT\u00d6IK\u00c4<br \/>\nAkun kuorirakenne ilman ilmastointiaukkoja suojaa akun sis\u00e4elimist\u00f6\u00e4 p\u00f6lylt\u00e4 ja korroosiolta. Akkujen k\u00e4ytt\u00f6ik\u00e4 pitenee sen my\u00f6t\u00e4.<br \/>\n+ VIEL\u00c4 ENEMM\u00c4N TEHOA<br \/>\nTuplam\u00e4\u00e4r\u00e4 korkeatehoisia kondensaattoreita antaa korkeammat purkausvirrat ja tuottaa siten enemm\u00e4n tehoa kulloinseenkin k\u00e4ytt\u00f6tarkoitukseen.<br \/>\n+ VIEL\u00c4 PAREMMAT MATERIAALIT<br \/>\nModernien, entist\u00e4 parempien materiaalien k\u00e4ytt\u00f6 optimoi uusien akkujen kapasiteettia monessa suhteessa. Suorituskyky kasvaa ja akuista tulee kest\u00e4v\u00e4mpi\u00e4 ja turvallisempia.<\/p>\n<p>Litiumioniakun 18 V\/5,2 Ah ominaisuudet:<br \/>\n&#8211; 3-portainen akun lataustilan n\u00e4ytt\u00f6<br \/>\n&#8211; jatkuva ohjaus ja kontrolli koskien akun l\u00e4mp\u00f6tilaa, j\u00e4nnitett\u00e4 jne.<br \/>\n&#8211; pehme\u00e4 lataus syv\u00e4purkautumisen yhteydess\u00e4 ja siksi pidempi elinkaari<br \/>\n&#8211; korkealaatuiset litiumioniakkukennot eiv\u00e4t juurikaan purkaannu itsest\u00e4\u00e4n<br \/>\n&#8211; koko ajan ladattavissa<br \/>\n&#8211; kumitettu kotelointi suojaa iskuilta ja pit\u00e4\u00e4 hyvin liukkaallakin pinnalla<br \/>\n&#8211; ergonominen k\u00e4sitell\u00e4.<\/p>\n","protected":false},"excerpt":{"rendered":"<p>Einhell Power X-Change akkuj\u00e4rjestelm\u00e4n tehokkain akku. T\u00e4m\u00e4 18 V\/5,2 Ah Plus -akku kuuluu Einhellin uusimpiaan litiumioniakkujen sukupolveen, joka tarjoaa viel\u00e4 enemm\u00e4n hy\u00f6tyj\u00e4 kuin jo laadukkaiksi todistetut Power X-Change akut.<\/p>\n","protected":false},"featured_media":2766,"comment_status":"closed","ping_status":"closed","template":"","meta":[],"product_brand":[],"product_cat":[209,328],"product_tag":[],"class_list":{"0":"post-2765","1":"product","2":"type-product","3":"status-publish","4":"has-post-thumbnail","6":"product_cat-akkutyokalujen-akut","7":"product_cat-robottiruohonleikkurit","9":"first","10":"outofstock","11":"taxable","12":"shipping-taxable","13":"purchasable","14":"product-type-simple"},"_links":{"self":[{"href":"https:\/\/www.ksttukku.fi\/kauppa\/wp-json\/wp\/v2\/product\/2765","targetHints":{"allow":["GET"]}}],"collection":[{"href":"https:\/\/www.ksttukku.fi\/kauppa\/wp-json\/wp\/v2\/product"}],"about":[{"href":"https:\/\/www.ksttukku.fi\/kauppa\/wp-json\/wp\/v2\/types\/product"}],"replies":[{"embeddable":true,"href":"https:\/\/www.ksttukku.fi\/kauppa\/wp-json\/wp\/v2\/comments?post=2765"}],"wp:featuredmedia":[{"embeddable":true,"href":"https:\/\/www.ksttukku.fi\/kauppa\/wp-json\/wp\/v2\/media\/2766"}],"wp:attachment":[{"href":"https:\/\/www.ksttukku.fi\/kauppa\/wp-json\/wp\/v2\/media?parent=2765"}],"wp:term":[{"taxonomy":"product_brand","embeddable":true,"href":"https:\/\/www.ksttukku.fi\/kauppa\/wp-json\/wp\/v2\/product_brand?post=2765"},{"taxonomy":"product_cat","embeddable":true,"href":"https:\/\/www.ksttukku.fi\/kauppa\/wp-json\/wp\/v2\/product_cat?post=2765"},{"taxonomy":"product_tag","embeddable":true,"href":"https:\/\/www.ksttukku.fi\/kauppa\/wp-json\/wp\/v2\/product_tag?post=2765"}],"curies":[{"name":"wp","href":"https:\/\/api.w.org\/{rel}","templated":true}]}}