{"id":2767,"date":"2019-03-25T17:10:04","date_gmt":"2019-03-25T15:10:04","guid":{"rendered":"http:\/\/www.ksttukku.fi\/kauppa\/?post_type=product&#038;p=2767"},"modified":"2024-05-06T11:30:53","modified_gmt":"2024-05-06T08:30:53","slug":"laturi-18v","status":"publish","type":"product","link":"https:\/\/www.ksttukku.fi\/kauppa\/tuote\/laturi-18v\/","title":{"rendered":"Laturi Einhell Power X-Change 18V"},"content":{"rendered":"<p>Ominaisuudet:<br \/>\n6-portainen lataustilan n\u00e4ytt\u00f6<br \/>\nsein\u00e4asennus mahdollinen<br \/>\n\u00e4lyk\u00e4s Einhell ABS-latausj\u00e4rjestelm\u00e4, joka pident\u00e4\u00e4 akkujen elinkaarta<br \/>\n(ABS = Active Battery Management System)<br \/>\nTekniset tiedot:<br \/>\nJ\u00e4nnite: 200 &#8211; 260 V ~ 50 &#8211; 60 Hz<br \/>\nUlostuloj\u00e4nnite: 21 V<br \/>\nLatausaika:<br \/>\n30 min (1,5 Ah akku)<br \/>\n60 min (3,0 Ah akku)<br \/>\n130 min (5,2 Ah akku)<\/p>\n","protected":false},"excerpt":{"rendered":"<p>Einhell Power-X-Change-akkuperheen tuotteisiin sopiva laturi<\/p>\n","protected":false},"featured_media":2768,"comment_status":"closed","ping_status":"closed","template":"","meta":[],"product_brand":[],"product_cat":[209,328],"product_tag":[],"class_list":{"0":"post-2767","1":"product","2":"type-product","3":"status-publish","4":"has-post-thumbnail","6":"product_cat-akkutyokalujen-akut","7":"product_cat-robottiruohonleikkurit","9":"first","10":"outofstock","11":"taxable","12":"shipping-taxable","13":"purchasable","14":"product-type-simple"},"_links":{"self":[{"href":"https:\/\/www.ksttukku.fi\/kauppa\/wp-json\/wp\/v2\/product\/2767","targetHints":{"allow":["GET"]}}],"collection":[{"href":"https:\/\/www.ksttukku.fi\/kauppa\/wp-json\/wp\/v2\/product"}],"about":[{"href":"https:\/\/www.ksttukku.fi\/kauppa\/wp-json\/wp\/v2\/types\/product"}],"replies":[{"embeddable":true,"href":"https:\/\/www.ksttukku.fi\/kauppa\/wp-json\/wp\/v2\/comments?post=2767"}],"wp:featuredmedia":[{"embeddable":true,"href":"https:\/\/www.ksttukku.fi\/kauppa\/wp-json\/wp\/v2\/media\/2768"}],"wp:attachment":[{"href":"https:\/\/www.ksttukku.fi\/kauppa\/wp-json\/wp\/v2\/media?parent=2767"}],"wp:term":[{"taxonomy":"product_brand","embeddable":true,"href":"https:\/\/www.ksttukku.fi\/kauppa\/wp-json\/wp\/v2\/product_brand?post=2767"},{"taxonomy":"product_cat","embeddable":true,"href":"https:\/\/www.ksttukku.fi\/kauppa\/wp-json\/wp\/v2\/product_cat?post=2767"},{"taxonomy":"product_tag","embeddable":true,"href":"https:\/\/www.ksttukku.fi\/kauppa\/wp-json\/wp\/v2\/product_tag?post=2767"}],"curies":[{"name":"wp","href":"https:\/\/api.w.org\/{rel}","templated":true}]}}