{"id":2769,"date":"2019-03-25T17:17:32","date_gmt":"2019-03-25T15:17:32","guid":{"rendered":"http:\/\/www.ksttukku.fi\/kauppa\/?post_type=product&#038;p=2769"},"modified":"2024-05-06T12:42:07","modified_gmt":"2024-05-06T09:42:07","slug":"tuplalaturi-18v","status":"publish","type":"product","link":"https:\/\/www.ksttukku.fi\/kauppa\/tuote\/tuplalaturi-18v\/","title":{"rendered":"Tuplalaturi 18V"},"content":{"rendered":"<p>Ominaisuudet:<br \/>\nLataa molempia akkuja samaan aikaa yht\u00e4 tehokkaasti<br \/>\n6-portainen lataustilan n\u00e4ytt\u00f6<br \/>\nsein\u00e4asennus mahdollinen<br \/>\n\u00e4lyk\u00e4s Einhell ABS-latausj\u00e4rjestelm\u00e4, joka pident\u00e4\u00e4 akkujen elinkaarta<br \/>\n(ABS = Active Battery Management System)<br \/>\nTekniset tiedot:<br \/>\nJ\u00e4nnite: 220 &#8211; 240 V ~ 50 &#8211; 60 Hz<br \/>\nUlostuloj\u00e4nnite: 18 V<br \/>\nMolemmissa ulostulo: 3 A<br \/>\nLatausaika:<br \/>\n30 min (1,5 Ah akku)<br \/>\n40 min (2.0 Ah akku)<br \/>\n60 min (3,0 Ah akku)<br \/>\n75 min (4.0 Ah akku)<br \/>\n120 min (5,2 Ah akku)<br \/>\n55 min (2,6+ Ah akku)<br \/>\n100 min (5,2+ Ah akku<\/p>\n","protected":false},"excerpt":{"rendered":"<p>Einhell Power-X-Change-akkuperheen tuotteisiin sopivalla tuplalaturilla voit ladata kahta akkua yht\u00e4 aikaa yht\u00e4 tehokkaasti. Einhellin \u00e4lykk\u00e4\u00e4n ABS-latausj\u00e4rjestelm\u00e4n ansiosta akkujen elinkaari on pidempi.<\/p>\n","protected":false},"featured_media":2770,"comment_status":"closed","ping_status":"closed","template":"","meta":[],"product_brand":[],"product_cat":[209],"product_tag":[],"class_list":{"0":"post-2769","1":"product","2":"type-product","3":"status-publish","4":"has-post-thumbnail","6":"product_cat-akkutyokalujen-akut","8":"first","9":"outofstock","10":"taxable","11":"shipping-taxable","12":"purchasable","13":"product-type-simple"},"_links":{"self":[{"href":"https:\/\/www.ksttukku.fi\/kauppa\/wp-json\/wp\/v2\/product\/2769","targetHints":{"allow":["GET"]}}],"collection":[{"href":"https:\/\/www.ksttukku.fi\/kauppa\/wp-json\/wp\/v2\/product"}],"about":[{"href":"https:\/\/www.ksttukku.fi\/kauppa\/wp-json\/wp\/v2\/types\/product"}],"replies":[{"embeddable":true,"href":"https:\/\/www.ksttukku.fi\/kauppa\/wp-json\/wp\/v2\/comments?post=2769"}],"wp:featuredmedia":[{"embeddable":true,"href":"https:\/\/www.ksttukku.fi\/kauppa\/wp-json\/wp\/v2\/media\/2770"}],"wp:attachment":[{"href":"https:\/\/www.ksttukku.fi\/kauppa\/wp-json\/wp\/v2\/media?parent=2769"}],"wp:term":[{"taxonomy":"product_brand","embeddable":true,"href":"https:\/\/www.ksttukku.fi\/kauppa\/wp-json\/wp\/v2\/product_brand?post=2769"},{"taxonomy":"product_cat","embeddable":true,"href":"https:\/\/www.ksttukku.fi\/kauppa\/wp-json\/wp\/v2\/product_cat?post=2769"},{"taxonomy":"product_tag","embeddable":true,"href":"https:\/\/www.ksttukku.fi\/kauppa\/wp-json\/wp\/v2\/product_tag?post=2769"}],"curies":[{"name":"wp","href":"https:\/\/api.w.org\/{rel}","templated":true}]}}