{"id":2793,"date":"2019-03-29T11:47:30","date_gmt":"2019-03-29T09:47:30","guid":{"rendered":"http:\/\/www.ksttukku.fi\/kauppa\/?post_type=product&#038;p=2793"},"modified":"2026-01-27T12:34:19","modified_gmt":"2026-01-27T10:34:19","slug":"aada-matto-latte","status":"publish","type":"product","link":"https:\/\/www.ksttukku.fi\/kauppa\/tuote\/aada-matto-latte\/","title":{"rendered":"Aada matto latte"},"content":{"rendered":"<p>Maton ominaisuudet:<br \/>\n\u2013 Reunakantattu<br \/>\n\u2013 Tuftattu<br \/>\n\u2013 Vesipesun ja lattial\u00e4mmityksen kest\u00e4v\u00e4<br \/>\nPohja: Erikoiskumilateksi pohja<br \/>\nMateriaali: 100% Polyamidi<br \/>\nHoito: Vesipesu 40 astetta<\/p>\n<p>V\u00e4ri: Latte<\/p>\n","protected":false},"excerpt":{"rendered":"<p>Maton ominaisuudet: \u2013 Reunakantattu \u2013 Tuftattu \u2013 Vesipesun ja lattial\u00e4mmityksen kest\u00e4v\u00e4 Pohja: Erikoiskumilateksi pohja Materiaali: 100% Polyamidi Hoito: Vesipesu 40 astetta V\u00e4ri: Latte<\/p>\n","protected":false},"featured_media":2773,"comment_status":"closed","ping_status":"closed","template":"","meta":[],"product_brand":[],"product_cat":[84,23,22],"product_tag":[],"class_list":{"0":"post-2793","1":"product","2":"type-product","3":"status-publish","4":"has-post-thumbnail","6":"product_cat-aada","7":"product_cat-kaytava-ja-yleismatot","8":"product_cat-matot","10":"first","11":"instock","12":"taxable","13":"shipping-taxable","14":"purchasable","15":"product-type-variable"},"_links":{"self":[{"href":"https:\/\/www.ksttukku.fi\/kauppa\/wp-json\/wp\/v2\/product\/2793","targetHints":{"allow":["GET"]}}],"collection":[{"href":"https:\/\/www.ksttukku.fi\/kauppa\/wp-json\/wp\/v2\/product"}],"about":[{"href":"https:\/\/www.ksttukku.fi\/kauppa\/wp-json\/wp\/v2\/types\/product"}],"replies":[{"embeddable":true,"href":"https:\/\/www.ksttukku.fi\/kauppa\/wp-json\/wp\/v2\/comments?post=2793"}],"wp:featuredmedia":[{"embeddable":true,"href":"https:\/\/www.ksttukku.fi\/kauppa\/wp-json\/wp\/v2\/media\/2773"}],"wp:attachment":[{"href":"https:\/\/www.ksttukku.fi\/kauppa\/wp-json\/wp\/v2\/media?parent=2793"}],"wp:term":[{"taxonomy":"product_brand","embeddable":true,"href":"https:\/\/www.ksttukku.fi\/kauppa\/wp-json\/wp\/v2\/product_brand?post=2793"},{"taxonomy":"product_cat","embeddable":true,"href":"https:\/\/www.ksttukku.fi\/kauppa\/wp-json\/wp\/v2\/product_cat?post=2793"},{"taxonomy":"product_tag","embeddable":true,"href":"https:\/\/www.ksttukku.fi\/kauppa\/wp-json\/wp\/v2\/product_tag?post=2793"}],"curies":[{"name":"wp","href":"https:\/\/api.w.org\/{rel}","templated":true}]}}