{"id":2812,"date":"2019-03-29T13:33:36","date_gmt":"2019-03-29T11:33:36","guid":{"rendered":"http:\/\/www.ksttukku.fi\/kauppa\/?post_type=product&#038;p=2812"},"modified":"2024-05-06T12:43:57","modified_gmt":"2024-05-06T09:43:57","slug":"boost-teholaturi-6-a","status":"publish","type":"product","link":"https:\/\/www.ksttukku.fi\/kauppa\/tuote\/boost-teholaturi-6-a\/","title":{"rendered":"Boost-teholaturi 6 A"},"content":{"rendered":"<p>Ominaisuudet:<br \/>\n6-portainen lataustilan n\u00e4ytt\u00f6<br \/>\nSein\u00e4asennus mahdollinen<br \/>\n\u00c4lyk\u00e4s Einhell ABS-latausj\u00e4rjestelm\u00e4, joka pident\u00e4\u00e4 akkujen elinkaarta<br \/>\n(ABS = Active Battery Management System)<br \/>\nBoost-toiminto, jolla nopeutat entisest\u00e4\u00e4n akkujen latautumista<br \/>\nTekniset tiedot:<br \/>\nJ\u00e4nnite: 200 &#8211; 260 V ~ 50 &#8211; 60 Hz<br \/>\nUlostuloj\u00e4nnite: 18 V<br \/>\nUlostulo: 3A &amp; 6A (boost)<br \/>\nLatausajat:<br \/>\nNormaali:<br \/>\n1,5 Ah 30 min<br \/>\n2,0 Ah 40 min<br \/>\n3,0 Ah 60 min<br \/>\n4,0 Ah 75 min<br \/>\n2,6 Ah + 55 min<br \/>\n5,2 Ah + 100 min<br \/>\nBoost -teholataus<br \/>\n1,5 Ah 24 min<br \/>\n2,0 Ah 30 min<br \/>\n3,0 Ah 32 min<br \/>\n4,0 Ah 40 min<br \/>\n2,6 Ah + 30 min<br \/>\n5,2 Ah + 50 min<\/p>\n","protected":false},"excerpt":{"rendered":"<p>Einhell Power-X-Change Boost- teholaturi 6 A:n avulla lataat PXC-akut nopeammin kuin koskaan. Teholaturissa on kaksi eri lataustoimintoa. Boost-toiminto v\u00e4hent\u00e4\u00e4 akkujen latausaikaa merkitt\u00e4v\u00e4sti.<\/p>\n","protected":false},"featured_media":2813,"comment_status":"closed","ping_status":"closed","template":"","meta":[],"product_brand":[],"product_cat":[209],"product_tag":[],"class_list":{"0":"post-2812","1":"product","2":"type-product","3":"status-publish","4":"has-post-thumbnail","6":"product_cat-akkutyokalujen-akut","8":"first","9":"outofstock","10":"taxable","11":"shipping-taxable","12":"purchasable","13":"product-type-simple"},"_links":{"self":[{"href":"https:\/\/www.ksttukku.fi\/kauppa\/wp-json\/wp\/v2\/product\/2812","targetHints":{"allow":["GET"]}}],"collection":[{"href":"https:\/\/www.ksttukku.fi\/kauppa\/wp-json\/wp\/v2\/product"}],"about":[{"href":"https:\/\/www.ksttukku.fi\/kauppa\/wp-json\/wp\/v2\/types\/product"}],"replies":[{"embeddable":true,"href":"https:\/\/www.ksttukku.fi\/kauppa\/wp-json\/wp\/v2\/comments?post=2812"}],"wp:featuredmedia":[{"embeddable":true,"href":"https:\/\/www.ksttukku.fi\/kauppa\/wp-json\/wp\/v2\/media\/2813"}],"wp:attachment":[{"href":"https:\/\/www.ksttukku.fi\/kauppa\/wp-json\/wp\/v2\/media?parent=2812"}],"wp:term":[{"taxonomy":"product_brand","embeddable":true,"href":"https:\/\/www.ksttukku.fi\/kauppa\/wp-json\/wp\/v2\/product_brand?post=2812"},{"taxonomy":"product_cat","embeddable":true,"href":"https:\/\/www.ksttukku.fi\/kauppa\/wp-json\/wp\/v2\/product_cat?post=2812"},{"taxonomy":"product_tag","embeddable":true,"href":"https:\/\/www.ksttukku.fi\/kauppa\/wp-json\/wp\/v2\/product_tag?post=2812"}],"curies":[{"name":"wp","href":"https:\/\/api.w.org\/{rel}","templated":true}]}}