{"id":2874,"date":"2019-04-01T13:44:45","date_gmt":"2019-04-01T10:44:45","guid":{"rendered":"http:\/\/www.ksttukku.fi\/kauppa\/?post_type=product&#038;p=2874"},"modified":"2024-05-06T12:35:56","modified_gmt":"2024-05-06T09:35:56","slug":"starttipakkaus-pxc-twin","status":"publish","type":"product","link":"https:\/\/www.ksttukku.fi\/kauppa\/tuote\/starttipakkaus-pxc-twin\/","title":{"rendered":"Starttipakkaus PXC Twin"},"content":{"rendered":"<p>Lataa molempia akkuja samaan aikaa yht\u00e4 tehokkaasti<br \/>\n6-portainen lataustilan n\u00e4ytt\u00f6<br \/>\nsein\u00e4asennus mahdollinen<br \/>\n\u00e4lyk\u00e4s Einhell ABS-latausj\u00e4rjestelm\u00e4, joka pident\u00e4\u00e4 akkujen elinkaarta<br \/>\nLatausaika: 1 tunti<\/p>\n","protected":false},"excerpt":{"rendered":"<p>Einhell PXC starttipakkaus: Kaikki mit\u00e4 tarvitset p\u00e4\u00e4st\u00e4ksesi alkuun. Sis\u00e4lt\u00e4\u00e4 kaksi 18 V 3.0 Ah akkua ja tuplalaturin.<\/p>\n","protected":false},"featured_media":2875,"comment_status":"closed","ping_status":"closed","template":"","meta":[],"product_brand":[],"product_cat":[209],"product_tag":[],"class_list":{"0":"post-2874","1":"product","2":"type-product","3":"status-publish","4":"has-post-thumbnail","6":"product_cat-akkutyokalujen-akut","8":"first","9":"outofstock","10":"taxable","11":"shipping-taxable","12":"purchasable","13":"product-type-simple"},"_links":{"self":[{"href":"https:\/\/www.ksttukku.fi\/kauppa\/wp-json\/wp\/v2\/product\/2874","targetHints":{"allow":["GET"]}}],"collection":[{"href":"https:\/\/www.ksttukku.fi\/kauppa\/wp-json\/wp\/v2\/product"}],"about":[{"href":"https:\/\/www.ksttukku.fi\/kauppa\/wp-json\/wp\/v2\/types\/product"}],"replies":[{"embeddable":true,"href":"https:\/\/www.ksttukku.fi\/kauppa\/wp-json\/wp\/v2\/comments?post=2874"}],"wp:featuredmedia":[{"embeddable":true,"href":"https:\/\/www.ksttukku.fi\/kauppa\/wp-json\/wp\/v2\/media\/2875"}],"wp:attachment":[{"href":"https:\/\/www.ksttukku.fi\/kauppa\/wp-json\/wp\/v2\/media?parent=2874"}],"wp:term":[{"taxonomy":"product_brand","embeddable":true,"href":"https:\/\/www.ksttukku.fi\/kauppa\/wp-json\/wp\/v2\/product_brand?post=2874"},{"taxonomy":"product_cat","embeddable":true,"href":"https:\/\/www.ksttukku.fi\/kauppa\/wp-json\/wp\/v2\/product_cat?post=2874"},{"taxonomy":"product_tag","embeddable":true,"href":"https:\/\/www.ksttukku.fi\/kauppa\/wp-json\/wp\/v2\/product_tag?post=2874"}],"curies":[{"name":"wp","href":"https:\/\/api.w.org\/{rel}","templated":true}]}}