{"id":2888,"date":"2019-04-01T17:08:02","date_gmt":"2019-04-01T14:08:02","guid":{"rendered":"http:\/\/www.ksttukku.fi\/kauppa\/?post_type=product&#038;p=2888"},"modified":"2024-05-15T16:29:57","modified_gmt":"2024-05-15T13:29:57","slug":"aggrekaatti-tc-pg-3500","status":"publish","type":"product","link":"https:\/\/www.ksttukku.fi\/kauppa\/tuote\/aggrekaatti-tc-pg-3500\/","title":{"rendered":"Einhell aggregaatti TC-PG 3500"},"content":{"rendered":"<p>Ominaisuudet:<br \/>\n&#8211; 2 x 230 V pistorasiaa<br \/>\n&#8211; automaattinen j\u00e4nnitteens\u00e4\u00e4t\u00f6 (AVR)<br \/>\n&#8211; ylikuormituskatkaisija<br \/>\n&#8211; volttimittari<br \/>\n&#8211; \u00f6ljypinnanvahti<br \/>\n&#8211; laakeroitu kampiakseli<br \/>\n&#8211; py\u00f6r\u00e4t ja ty\u00f6nt\u00f6tanko<br \/>\nTekniset tiedot:<br \/>\n&#8211; generaattori: synkronoitu<br \/>\n&#8211; moottori: 1-sylinterinen, 4-tahti, ilmaj\u00e4\u00e4hdytys<br \/>\n&#8211; iskutilavuus: 208 cm3<br \/>\n&#8211; jatkuva teho (S1): 2,6 kW<br \/>\n&#8211; maksimiteho (S2 2 min): 3,1 kW<br \/>\n&#8211; nimellisj\u00e4nnite: 2 x 230 V<br \/>\n&#8211; taajuus: 50 Hz<br \/>\n&#8211; moottorin maksimiteho: 4,1 kW (5,6 hv)<br \/>\n&#8211; polttoaine: bensiini<br \/>\n&#8211; polttoaines\u00e4ili\u00f6n tilavuus: 15 litraa<br \/>\n&#8211; k\u00e4yntiaika 2\/3 kuormituksella: noin 10,7 tuntia<br \/>\n&#8211; \u00e4\u00e4nen tehotaso: 96 dB (A)<\/p>\n","protected":false},"excerpt":{"rendered":"<p>Tehokas nelitahtiaggregaatti Einhell TC-PG 3500 huolehtii virrantuotosta luotettavasti, kun s\u00e4hk\u00f6verkko puuttuu tai s\u00e4hk\u00f6t katkeavat. Kaksi pistorasiaa ja automaattinen j\u00e4nnitteens\u00e4\u00e4t\u00f6. Maksimiteho 3,1 kW ja jatkuva teho 2,6 kW. Tankki 15 l.<\/p>\n<p>Tilap\u00e4isesti loppu<\/p>\n","protected":false},"featured_media":2889,"comment_status":"closed","ping_status":"closed","template":"","meta":[],"product_brand":[],"product_cat":[226],"product_tag":[],"class_list":{"0":"post-2888","1":"product","2":"type-product","3":"status-publish","4":"has-post-thumbnail","6":"product_cat-aggrekaatit","8":"first","9":"outofstock","10":"taxable","11":"shipping-taxable","12":"purchasable","13":"product-type-simple"},"_links":{"self":[{"href":"https:\/\/www.ksttukku.fi\/kauppa\/wp-json\/wp\/v2\/product\/2888","targetHints":{"allow":["GET"]}}],"collection":[{"href":"https:\/\/www.ksttukku.fi\/kauppa\/wp-json\/wp\/v2\/product"}],"about":[{"href":"https:\/\/www.ksttukku.fi\/kauppa\/wp-json\/wp\/v2\/types\/product"}],"replies":[{"embeddable":true,"href":"https:\/\/www.ksttukku.fi\/kauppa\/wp-json\/wp\/v2\/comments?post=2888"}],"wp:featuredmedia":[{"embeddable":true,"href":"https:\/\/www.ksttukku.fi\/kauppa\/wp-json\/wp\/v2\/media\/2889"}],"wp:attachment":[{"href":"https:\/\/www.ksttukku.fi\/kauppa\/wp-json\/wp\/v2\/media?parent=2888"}],"wp:term":[{"taxonomy":"product_brand","embeddable":true,"href":"https:\/\/www.ksttukku.fi\/kauppa\/wp-json\/wp\/v2\/product_brand?post=2888"},{"taxonomy":"product_cat","embeddable":true,"href":"https:\/\/www.ksttukku.fi\/kauppa\/wp-json\/wp\/v2\/product_cat?post=2888"},{"taxonomy":"product_tag","embeddable":true,"href":"https:\/\/www.ksttukku.fi\/kauppa\/wp-json\/wp\/v2\/product_tag?post=2888"}],"curies":[{"name":"wp","href":"https:\/\/api.w.org\/{rel}","templated":true}]}}