{"id":2935,"date":"2019-04-06T12:12:59","date_gmt":"2019-04-06T09:12:59","guid":{"rendered":"http:\/\/www.ksttukku.fi\/kauppa\/?post_type=product&#038;p=2935"},"modified":"2022-09-05T18:51:36","modified_gmt":"2022-09-05T15:51:36","slug":"konsta-matto-harmaa","status":"publish","type":"product","link":"https:\/\/www.ksttukku.fi\/kauppa\/tuote\/konsta-matto-harmaa\/","title":{"rendered":"Konsta matto harmaa"},"content":{"rendered":"<p>Reunakantattu, kudottu, yleisk\u00e4ytt\u00f6inen matto.<\/p>\n<p>Materiaali: 100 % polypropyleeni , kumilateksi pohja<br \/>\nLis\u00e4tietoa: kokonaispaino 1470 g \/ m2 , nukkapaino 420 g \/ m2<\/p>\n","protected":false},"excerpt":{"rendered":"<p>Reunakantattu, kudottu, yleisk\u00e4ytt\u00f6inen matto. Materiaali: 100 % polypropyleeni , kumilateksi pohja Lis\u00e4tietoa: kokonaispaino 1470 g \/ m2 , nukkapaino 420 g \/ m2<\/p>\n","protected":false},"featured_media":2908,"comment_status":"closed","ping_status":"closed","template":"","meta":[],"product_brand":[],"product_cat":[228,23,22],"product_tag":[],"class_list":{"0":"post-2935","1":"product","2":"type-product","3":"status-publish","4":"has-post-thumbnail","6":"product_cat-konsta","7":"product_cat-kaytava-ja-yleismatot","8":"product_cat-matot","10":"first","11":"outofstock","12":"taxable","13":"shipping-taxable","14":"purchasable","15":"product-type-variable"},"_links":{"self":[{"href":"https:\/\/www.ksttukku.fi\/kauppa\/wp-json\/wp\/v2\/product\/2935","targetHints":{"allow":["GET"]}}],"collection":[{"href":"https:\/\/www.ksttukku.fi\/kauppa\/wp-json\/wp\/v2\/product"}],"about":[{"href":"https:\/\/www.ksttukku.fi\/kauppa\/wp-json\/wp\/v2\/types\/product"}],"replies":[{"embeddable":true,"href":"https:\/\/www.ksttukku.fi\/kauppa\/wp-json\/wp\/v2\/comments?post=2935"}],"wp:featuredmedia":[{"embeddable":true,"href":"https:\/\/www.ksttukku.fi\/kauppa\/wp-json\/wp\/v2\/media\/2908"}],"wp:attachment":[{"href":"https:\/\/www.ksttukku.fi\/kauppa\/wp-json\/wp\/v2\/media?parent=2935"}],"wp:term":[{"taxonomy":"product_brand","embeddable":true,"href":"https:\/\/www.ksttukku.fi\/kauppa\/wp-json\/wp\/v2\/product_brand?post=2935"},{"taxonomy":"product_cat","embeddable":true,"href":"https:\/\/www.ksttukku.fi\/kauppa\/wp-json\/wp\/v2\/product_cat?post=2935"},{"taxonomy":"product_tag","embeddable":true,"href":"https:\/\/www.ksttukku.fi\/kauppa\/wp-json\/wp\/v2\/product_tag?post=2935"}],"curies":[{"name":"wp","href":"https:\/\/api.w.org\/{rel}","templated":true}]}}