{"id":2948,"date":"2019-04-06T12:38:27","date_gmt":"2019-04-06T09:38:27","guid":{"rendered":"http:\/\/www.ksttukku.fi\/kauppa\/?post_type=product&#038;p=2948"},"modified":"2024-05-06T11:58:02","modified_gmt":"2024-05-06T08:58:02","slug":"kompressori-te-ac-270-24-10","status":"publish","type":"product","link":"https:\/\/www.ksttukku.fi\/kauppa\/tuote\/kompressori-te-ac-270-24-10\/","title":{"rendered":"Einhell kompressori TE-AC 270\/24\/10"},"content":{"rendered":"<p>Varustus:kuljetuskahva, painekytkin, turvaventtiili, imusuodatin, \u00f6ljyn tarkistusikkuna, s\u00e4ili\u00f6n tyhjennysventtiili, isot py\u00f6r\u00e4t helppoa kuljetusta varten, painemittari ja pikaliitin s\u00e4\u00e4dett\u00e4v\u00e4lle ty\u00f6paineelle; paineenalennin, painemittari ja pikaliitin s\u00e4\u00e4t\u00e4m\u00e4t\u00f6nt\u00e4 tankin painetta varten, takaiskuventtiili, \u00f6ljyll\u00e4 voideltu pumppu, t\u00e4rin\u00e4vaimennettu tassu. S\u00e4ili\u00f6ll\u00e4 10 vuoden puhkiruostumattomuustakuu.<br \/>\nJ\u00e4nnite: 230 V ~ 50 Hz\\nTeho: 1,8 kW \\nKierrokset: 2850 kierrosta\\nLaskettu imutuotto: 270 l\/min\\nTodellinen tuotto:\\n0 bar: 140 l\/min\\n4 bar: 127 l\/min\\n7 bar: 100 l\/min\\nK\u00e4ytt\u00f6paine max: 10 bar\\nSylinteriluku: 1\\nS\u00e4ili\u00f6: 24 l\\nPaino: 24,8 kg<\/p>\n","protected":false},"excerpt":{"rendered":"<p>Varustus:kuljetuskahva, painekytkin, turvaventtiili, imusuodatin, \u00f6ljyn tarkistusikkuna, s\u00e4ili\u00f6n tyhjennysventtiili, isot py\u00f6r\u00e4t helppoa kuljetusta varten, painemittari ja pikaliitin s\u00e4\u00e4dett\u00e4v\u00e4lle ty\u00f6paineelle; paineenalennin, painemittari ja pikaliitin s\u00e4\u00e4t\u00e4m\u00e4t\u00f6nt\u00e4 tankin painetta varten, takaiskuventtiili, \u00f6ljyll\u00e4 voideltu pumppu, t\u00e4rin\u00e4vaimennettu tassu. S\u00e4ili\u00f6ll\u00e4 10 vuoden puhkiruostumattomuustakuu. J\u00e4nnite: 230 V ~ 50 Hz\\nTeho: 1,8 kW \\nKierrokset: 2850 kierrosta\\nLaskettu imutuotto: 270 l\/min\\nTodellinen tuotto:\\n0 bar: 140 l\/min\\n4 bar: [&hellip;]<\/p>\n","protected":false},"featured_media":2949,"comment_status":"closed","ping_status":"closed","template":"","meta":[],"product_brand":[],"product_cat":[225],"product_tag":[],"class_list":{"0":"post-2948","1":"product","2":"type-product","3":"status-publish","4":"has-post-thumbnail","6":"product_cat-kompressorit","8":"first","9":"outofstock","10":"taxable","11":"shipping-taxable","12":"purchasable","13":"product-type-simple"},"_links":{"self":[{"href":"https:\/\/www.ksttukku.fi\/kauppa\/wp-json\/wp\/v2\/product\/2948","targetHints":{"allow":["GET"]}}],"collection":[{"href":"https:\/\/www.ksttukku.fi\/kauppa\/wp-json\/wp\/v2\/product"}],"about":[{"href":"https:\/\/www.ksttukku.fi\/kauppa\/wp-json\/wp\/v2\/types\/product"}],"replies":[{"embeddable":true,"href":"https:\/\/www.ksttukku.fi\/kauppa\/wp-json\/wp\/v2\/comments?post=2948"}],"wp:featuredmedia":[{"embeddable":true,"href":"https:\/\/www.ksttukku.fi\/kauppa\/wp-json\/wp\/v2\/media\/2949"}],"wp:attachment":[{"href":"https:\/\/www.ksttukku.fi\/kauppa\/wp-json\/wp\/v2\/media?parent=2948"}],"wp:term":[{"taxonomy":"product_brand","embeddable":true,"href":"https:\/\/www.ksttukku.fi\/kauppa\/wp-json\/wp\/v2\/product_brand?post=2948"},{"taxonomy":"product_cat","embeddable":true,"href":"https:\/\/www.ksttukku.fi\/kauppa\/wp-json\/wp\/v2\/product_cat?post=2948"},{"taxonomy":"product_tag","embeddable":true,"href":"https:\/\/www.ksttukku.fi\/kauppa\/wp-json\/wp\/v2\/product_tag?post=2948"}],"curies":[{"name":"wp","href":"https:\/\/api.w.org\/{rel}","templated":true}]}}