{"id":2952,"date":"2019-04-06T13:31:12","date_gmt":"2019-04-06T10:31:12","guid":{"rendered":"http:\/\/www.ksttukku.fi\/kauppa\/?post_type=product&#038;p=2952"},"modified":"2020-03-31T16:57:30","modified_gmt":"2020-03-31T13:57:30","slug":"kompressori-th-ac-190-kit","status":"publish","type":"product","link":"https:\/\/www.ksttukku.fi\/kauppa\/tuote\/kompressori-th-ac-190-kit\/","title":{"rendered":"Einhell kompressori TH-AC 190 Kit"},"content":{"rendered":"<p>Ominaisuudet:<br \/>\nkevyt ja kompakti, tilaa s\u00e4\u00e4st\u00e4v\u00e4 muotoilu ergonominen kahva helpottaa kuljetusta \u00f6ljyvapaa &#8211; huoltovapaa katkaisija paineletku pikaliittimell\u00e4 lokero tarvikkeiden s\u00e4ilytykseen puhalluspistooli painemittarillaletku renkaiden t\u00e4ytt\u00f6\u00f6n nokka puhallukseenadapterisetti<br \/>\nJ\u00e4nnite: 230 V ~ 50 Hz<br \/>\nTeho: 1,1 kW S3 15 %<br \/>\nKierrokset: 3450 kierrosta<\/p>\n","protected":false},"excerpt":{"rendered":"<p>Kevyt ja kompakti 1,1 kW kompressori, jonka mukana paineletku pikaliittimell\u00e4, puhalluspistooli painemittarilla, letku renkaiden t\u00e4ytt\u00f6\u00f6n, nokka puhallukseen, adapterisetti ja lokero tarvikkeille. Imutuotto 190 l\/min.<\/p>\n","protected":false},"featured_media":2953,"comment_status":"closed","ping_status":"closed","template":"","meta":[],"product_brand":[],"product_cat":[225],"product_tag":[],"class_list":{"0":"post-2952","1":"product","2":"type-product","3":"status-publish","4":"has-post-thumbnail","6":"product_cat-kompressorit","8":"first","9":"instock","10":"taxable","11":"shipping-taxable","12":"purchasable","13":"product-type-simple"},"_links":{"self":[{"href":"https:\/\/www.ksttukku.fi\/kauppa\/wp-json\/wp\/v2\/product\/2952","targetHints":{"allow":["GET"]}}],"collection":[{"href":"https:\/\/www.ksttukku.fi\/kauppa\/wp-json\/wp\/v2\/product"}],"about":[{"href":"https:\/\/www.ksttukku.fi\/kauppa\/wp-json\/wp\/v2\/types\/product"}],"replies":[{"embeddable":true,"href":"https:\/\/www.ksttukku.fi\/kauppa\/wp-json\/wp\/v2\/comments?post=2952"}],"wp:featuredmedia":[{"embeddable":true,"href":"https:\/\/www.ksttukku.fi\/kauppa\/wp-json\/wp\/v2\/media\/2953"}],"wp:attachment":[{"href":"https:\/\/www.ksttukku.fi\/kauppa\/wp-json\/wp\/v2\/media?parent=2952"}],"wp:term":[{"taxonomy":"product_brand","embeddable":true,"href":"https:\/\/www.ksttukku.fi\/kauppa\/wp-json\/wp\/v2\/product_brand?post=2952"},{"taxonomy":"product_cat","embeddable":true,"href":"https:\/\/www.ksttukku.fi\/kauppa\/wp-json\/wp\/v2\/product_cat?post=2952"},{"taxonomy":"product_tag","embeddable":true,"href":"https:\/\/www.ksttukku.fi\/kauppa\/wp-json\/wp\/v2\/product_tag?post=2952"}],"curies":[{"name":"wp","href":"https:\/\/api.w.org\/{rel}","templated":true}]}}