{"id":2972,"date":"2019-04-08T17:14:19","date_gmt":"2019-04-08T14:14:19","guid":{"rendered":"http:\/\/www.ksttukku.fi\/kauppa\/?post_type=product&#038;p=2972"},"modified":"2019-04-08T17:16:08","modified_gmt":"2019-04-08T14:16:08","slug":"mega-stop-liukuesteverkko-60cm","status":"publish","type":"product","link":"https:\/\/www.ksttukku.fi\/kauppa\/tuote\/mega-stop-liukuesteverkko-60cm\/","title":{"rendered":"Mega stop liukuestematto 60cm 6,50\u20ac\/m"},"content":{"rendered":"<p>Liukuesteverkko est\u00e4\u00e4 mattoa liukumasta. Liukueste asennetaan maton alle. Liukuestematto on huomaamaton, mutta tuo lis\u00e4\u00e4 turvallisuutta arkip\u00e4iv\u00e4iseen el\u00e4miseen. Liukueste maton alla helpottaa my\u00f6s imurointia, pit\u00e4en maton napakasti lattiassa kiinni. Halutessasi voit leikata liukuesteverkon haluamasi kokoiseksi. Verkkomaisen rakenteensa ansiosta siit\u00e4 on helppo leikata juuri sellainen pala, kuin itse haluat.<\/p>\n<p>Leveys: 60 cm<\/p>\n","protected":false},"excerpt":{"rendered":"<p>Pit\u00e4v\u00e4 ja kest\u00e4v\u00e4 liukuesteverkko<\/p>\n","protected":false},"featured_media":2973,"comment_status":"closed","ping_status":"closed","template":"","meta":[],"product_brand":[],"product_cat":[22,29],"product_tag":[],"class_list":{"0":"post-2972","1":"product","2":"type-product","3":"status-publish","4":"has-post-thumbnail","6":"product_cat-matot","7":"product_cat-muut-tuotteet","9":"first","10":"instock","11":"taxable","12":"shipping-taxable","13":"purchasable","14":"product-type-simple"},"_links":{"self":[{"href":"https:\/\/www.ksttukku.fi\/kauppa\/wp-json\/wp\/v2\/product\/2972","targetHints":{"allow":["GET"]}}],"collection":[{"href":"https:\/\/www.ksttukku.fi\/kauppa\/wp-json\/wp\/v2\/product"}],"about":[{"href":"https:\/\/www.ksttukku.fi\/kauppa\/wp-json\/wp\/v2\/types\/product"}],"replies":[{"embeddable":true,"href":"https:\/\/www.ksttukku.fi\/kauppa\/wp-json\/wp\/v2\/comments?post=2972"}],"wp:featuredmedia":[{"embeddable":true,"href":"https:\/\/www.ksttukku.fi\/kauppa\/wp-json\/wp\/v2\/media\/2973"}],"wp:attachment":[{"href":"https:\/\/www.ksttukku.fi\/kauppa\/wp-json\/wp\/v2\/media?parent=2972"}],"wp:term":[{"taxonomy":"product_brand","embeddable":true,"href":"https:\/\/www.ksttukku.fi\/kauppa\/wp-json\/wp\/v2\/product_brand?post=2972"},{"taxonomy":"product_cat","embeddable":true,"href":"https:\/\/www.ksttukku.fi\/kauppa\/wp-json\/wp\/v2\/product_cat?post=2972"},{"taxonomy":"product_tag","embeddable":true,"href":"https:\/\/www.ksttukku.fi\/kauppa\/wp-json\/wp\/v2\/product_tag?post=2972"}],"curies":[{"name":"wp","href":"https:\/\/api.w.org\/{rel}","templated":true}]}}