{"id":302,"date":"2018-01-29T16:59:40","date_gmt":"2018-01-29T14:59:40","guid":{"rendered":"http:\/\/www.ksttukku.fi\/kauppa\/?post_type=product&#038;p=302"},"modified":"2024-05-04T14:06:27","modified_gmt":"2024-05-04T11:06:27","slug":"spa-ancona-600s-led-7w-500lm-ip44","status":"publish","type":"product","link":"https:\/\/www.ksttukku.fi\/kauppa\/tuote\/spa-ancona-600s-led-7w-500lm-ip44\/","title":{"rendered":"Spa Ancona 600S led 7W, 500lm, IP44"},"content":{"rendered":"<p>Led kylpyhuonevalaisin pistorasialla<\/p>\n<p>Airamin Spa Ancona on kapea ja 600 mm pitk\u00e4 led-sein\u00e4valaisin.<br \/>\nVoit asentaa sen esim. peilin yl\u00e4puolelle. Kromipintainen me-<br \/>\ntallirunko ja selke\u00e4 muotoilu sopivat moneen sisustustyyliin.<br \/>\nPehme\u00e4sti valaiseva, puhtaan valkoinen led-valo on huoltovapaa<br \/>\nja syttyy heti. Rungossa on l\u00e4p\u00e4n alle piilotettu, maadoitettu<br \/>\npistorasia. IP44-suojattuun<\/p>\n<p>Materiaali: runko kromattua ter\u00e4st\u00e4, kupu PMMA-akryylia<\/p>\n<p>Mitat: 600 x 89 x 64,4 mm<\/p>\n<p>Teho: 7 W<\/p>\n<p>Valovirta: 500 lm<\/p>\n<p>V\u00e4ril\u00e4mp\u00f6tila: 3000 K<\/p>\n","protected":false},"excerpt":{"rendered":"<p>Led kylpyhuonevalaisin pistorasialla Airamin Spa Ancona on kapea ja 600 mm pitk\u00e4 led-sein\u00e4valaisin. Voit asentaa sen esim. peilin yl\u00e4puolelle. Kromipintainen me- tallirunko ja selke\u00e4 muotoilu sopivat moneen sisustustyyliin. Pehme\u00e4sti valaiseva, puhtaan valkoinen led-valo on huoltovapaa ja syttyy heti. Rungossa on l\u00e4p\u00e4n alle piilotettu, maadoitettu pistorasia. IP44-suojattuun Materiaali: runko kromattua ter\u00e4st\u00e4, kupu PMMA-akryylia Mitat: 600 x [&hellip;]<\/p>\n","protected":false},"featured_media":303,"comment_status":"closed","ping_status":"closed","template":"","meta":[],"product_brand":[],"product_cat":[48,35,34],"product_tag":[],"class_list":{"0":"post-302","1":"product","2":"type-product","3":"status-publish","4":"has-post-thumbnail","6":"product_cat-kosteantilanvalaisimet","7":"product_cat-sisavalaisimet","8":"product_cat-valaisimet","10":"first","11":"instock","12":"sale","13":"taxable","14":"shipping-taxable","15":"purchasable","16":"product-type-simple"},"_links":{"self":[{"href":"https:\/\/www.ksttukku.fi\/kauppa\/wp-json\/wp\/v2\/product\/302","targetHints":{"allow":["GET"]}}],"collection":[{"href":"https:\/\/www.ksttukku.fi\/kauppa\/wp-json\/wp\/v2\/product"}],"about":[{"href":"https:\/\/www.ksttukku.fi\/kauppa\/wp-json\/wp\/v2\/types\/product"}],"replies":[{"embeddable":true,"href":"https:\/\/www.ksttukku.fi\/kauppa\/wp-json\/wp\/v2\/comments?post=302"}],"wp:featuredmedia":[{"embeddable":true,"href":"https:\/\/www.ksttukku.fi\/kauppa\/wp-json\/wp\/v2\/media\/303"}],"wp:attachment":[{"href":"https:\/\/www.ksttukku.fi\/kauppa\/wp-json\/wp\/v2\/media?parent=302"}],"wp:term":[{"taxonomy":"product_brand","embeddable":true,"href":"https:\/\/www.ksttukku.fi\/kauppa\/wp-json\/wp\/v2\/product_brand?post=302"},{"taxonomy":"product_cat","embeddable":true,"href":"https:\/\/www.ksttukku.fi\/kauppa\/wp-json\/wp\/v2\/product_cat?post=302"},{"taxonomy":"product_tag","embeddable":true,"href":"https:\/\/www.ksttukku.fi\/kauppa\/wp-json\/wp\/v2\/product_tag?post=302"}],"curies":[{"name":"wp","href":"https:\/\/api.w.org\/{rel}","templated":true}]}}