{"id":3037,"date":"2019-04-12T12:22:20","date_gmt":"2019-04-12T09:22:20","guid":{"rendered":"http:\/\/www.ksttukku.fi\/kauppa\/?post_type=product&#038;p=3037"},"modified":"2022-12-20T18:50:32","modified_gmt":"2022-12-20T16:50:32","slug":"skye-led-alasvalo-5w-450lm-ip20-ip23-valkoinen","status":"publish","type":"product","link":"https:\/\/www.ksttukku.fi\/kauppa\/tuote\/skye-led-alasvalo-5w-450lm-ip20-ip23-valkoinen\/","title":{"rendered":"Airam Skye Tilt led-alasvalo 5W 450lm IP20 valkoinen"},"content":{"rendered":"<p>SKYE 90 led-alasvalot sopivat yleisvalaisimeksi ja kohdevalaisuun alle 4 m korkeissa kodin kuivissa huonetiloissa. Asennat helposti py\u00f6re\u00e4n muovirungon, jonka korkeus on vain 25 mm ja halkaisija 90 mm. Voit tarvittaessa suunnata kapean valokeilan +\/-28\u00b0. Led-valo ei h\u00e4ik\u00e4ise, valitse puhdas 3000 K tai kirkas 4000 K valkoinen valo. Valon m\u00e4\u00e4r\u00e4 on hyv\u00e4. Erikseen myyt\u00e4v\u00e4 kytkent\u00e4kotelo helpottaa ketjutusta ja asennusta. Mallistoon kuuluu my\u00f6s alumiinirunkoinen SKYE 80.<\/p>\n<p>Runko muovia (PC), kupu kirkasta muovia.<br \/>\nV\u00e4ri valkoinen tai hopea.<br \/>\nUppoasennus kattoon. Asennuskorkeus maks. 4 m.<br \/>\nValon v\u00e4ril\u00e4mp\u00f6tila 3000K tai 4000K.<br \/>\nV\u00e4rintoistoindeksi 80-89 (CRI\u226580).<br \/>\nKotelointiluokka IP20\/IP23.<br \/>\nKiinte\u00e4 led 5,5W 450LM.<br \/>\nAvauskulma 36\u00b0.<br \/>\nValo suunnattavissa +\/- 28\u00b0.<br \/>\nK\u00e4ytt\u00f6ymp\u00e4rist\u00f6n l\u00e4mp\u00f6tila -20 \u00b0C &#8230; 40 \u00b0C.<br \/>\nElinik\u00e4\/k\u00e4ytt\u00f6ik\u00e4 L70B50 25000H.<\/p>\n<ul class=\"data-list itemcard-data-list\">\n<li class=\"data-list__item\"><span class=\"data-list__item__label\">Rakenne<\/span> <span class=\"data-list__item__value\">RUNKO POLYKARBONAATTIA<\/span><\/li>\n<li class=\"data-list__item\"><span class=\"data-list__item__label\">V\u00e4ri<\/span> <span class=\"data-list__item__value\">hopea\/valkoinen<\/span><\/li>\n<li class=\"data-list__item\"><span class=\"data-list__item__label\">Lampputyyppi<\/span> <span class=\"data-list__item__value\">LED kiinte\u00e4<\/span><\/li>\n<li class=\"data-list__item\"><span class=\"data-list__item__label\">V\u00e4ril\u00e4mp\u00f6tila<\/span> <span class=\"data-list__item__value\">3000-4000<\/span><\/li>\n<li class=\"data-list__item\"><span class=\"data-list__item__label\">V\u00e4rintoistoindeksi<\/span> <span class=\"data-list__item__value\">80-89<\/span><\/li>\n<li class=\"data-list__item\"><span class=\"data-list__item__label\">Asennus<\/span> <span class=\"data-list__item__value\">UPPOASENNUS<\/span><\/li>\n<li class=\"data-list__item\"><span class=\"data-list__item__label\">Kytkent\u00e4<\/span> <span class=\"data-list__item__value\">ULKOISESSA RASIASSA<\/span><\/li>\n<li class=\"data-list__item\"><span class=\"data-list__item__label\">Ohjaus<\/span> <span class=\"data-list__item__value\">Ei himmennett\u00e4v\u00e4<\/span><\/li>\n<\/ul>\n","protected":false},"excerpt":{"rendered":"<p>SKYE 90 led-alasvalot sopivat yleisvalaisimeksi ja kohdevalaisuun alle 4 m korkeissa kodin kuivissa huonetiloissa. Asennat helposti py\u00f6re\u00e4n muovirungon, jonka korkeus on vain 25 mm ja halkaisija 90 mm. Voit tarvittaessa suunnata kapean valokeilan +\/-28\u00b0. Led-valo ei h\u00e4ik\u00e4ise, valitse puhdas 3000 K tai kirkas 4000 K valkoinen valo. Valon m\u00e4\u00e4r\u00e4 on hyv\u00e4. Erikseen myyt\u00e4v\u00e4 kytkent\u00e4kotelo helpottaa [&hellip;]<\/p>\n","protected":false},"featured_media":3040,"comment_status":"closed","ping_status":"closed","template":"","meta":[],"product_brand":[],"product_cat":[46,35,52,34],"product_tag":[],"class_list":{"0":"post-3037","1":"product","2":"type-product","3":"status-publish","4":"has-post-thumbnail","6":"product_cat-alasvalot","7":"product_cat-sisavalaisimet","8":"product_cat-upotettavat","9":"product_cat-valaisimet","11":"first","12":"instock","13":"taxable","14":"shipping-taxable","15":"purchasable","16":"product-type-variable"},"_links":{"self":[{"href":"https:\/\/www.ksttukku.fi\/kauppa\/wp-json\/wp\/v2\/product\/3037","targetHints":{"allow":["GET"]}}],"collection":[{"href":"https:\/\/www.ksttukku.fi\/kauppa\/wp-json\/wp\/v2\/product"}],"about":[{"href":"https:\/\/www.ksttukku.fi\/kauppa\/wp-json\/wp\/v2\/types\/product"}],"replies":[{"embeddable":true,"href":"https:\/\/www.ksttukku.fi\/kauppa\/wp-json\/wp\/v2\/comments?post=3037"}],"wp:featuredmedia":[{"embeddable":true,"href":"https:\/\/www.ksttukku.fi\/kauppa\/wp-json\/wp\/v2\/media\/3040"}],"wp:attachment":[{"href":"https:\/\/www.ksttukku.fi\/kauppa\/wp-json\/wp\/v2\/media?parent=3037"}],"wp:term":[{"taxonomy":"product_brand","embeddable":true,"href":"https:\/\/www.ksttukku.fi\/kauppa\/wp-json\/wp\/v2\/product_brand?post=3037"},{"taxonomy":"product_cat","embeddable":true,"href":"https:\/\/www.ksttukku.fi\/kauppa\/wp-json\/wp\/v2\/product_cat?post=3037"},{"taxonomy":"product_tag","embeddable":true,"href":"https:\/\/www.ksttukku.fi\/kauppa\/wp-json\/wp\/v2\/product_tag?post=3037"}],"curies":[{"name":"wp","href":"https:\/\/api.w.org\/{rel}","templated":true}]}}