{"id":304,"date":"2018-01-29T17:10:24","date_gmt":"2018-01-29T15:10:24","guid":{"rendered":"http:\/\/www.ksttukku.fi\/kauppa\/?post_type=product&#038;p=304"},"modified":"2018-01-29T17:10:24","modified_gmt":"2018-01-29T15:10:24","slug":"spa-avella-duo-led-7w-430lm-ip44","status":"publish","type":"product","link":"https:\/\/www.ksttukku.fi\/kauppa\/tuote\/spa-avella-duo-led-7w-430lm-ip44\/","title":{"rendered":"Spa Avella Duo led 7W, 430lm, IP44"},"content":{"rendered":"<p>Led kylpyhuonevalaisin<\/p>\n<p>Materiaali: runko kromattua ter\u00e4st\u00e4, kupu lasia<\/p>\n<p>Mitat: 303 x 144 x 100 mm<\/p>\n<p>Teho: 2 x 3,5 W<\/p>\n<p>Valovirta: 2 x 215 lm<\/p>\n<p>V\u00e4ril\u00e4mp\u00f6tila: 3000 K<\/p>\n","protected":false},"excerpt":{"rendered":"<p>Led kylpyhuonevalaisin Materiaali: runko kromattua ter\u00e4st\u00e4, kupu lasia Mitat: 303 x 144 x 100 mm Teho: 2 x 3,5 W Valovirta: 2 x 215 lm V\u00e4ril\u00e4mp\u00f6tila: 3000 K<\/p>\n","protected":false},"featured_media":305,"comment_status":"closed","ping_status":"closed","template":"","meta":[],"product_brand":[],"product_cat":[48,35,34],"product_tag":[],"class_list":{"0":"post-304","1":"product","2":"type-product","3":"status-publish","4":"has-post-thumbnail","6":"product_cat-kosteantilanvalaisimet","7":"product_cat-sisavalaisimet","8":"product_cat-valaisimet","10":"first","11":"instock","12":"taxable","13":"shipping-taxable","14":"purchasable","15":"product-type-simple"},"_links":{"self":[{"href":"https:\/\/www.ksttukku.fi\/kauppa\/wp-json\/wp\/v2\/product\/304","targetHints":{"allow":["GET"]}}],"collection":[{"href":"https:\/\/www.ksttukku.fi\/kauppa\/wp-json\/wp\/v2\/product"}],"about":[{"href":"https:\/\/www.ksttukku.fi\/kauppa\/wp-json\/wp\/v2\/types\/product"}],"replies":[{"embeddable":true,"href":"https:\/\/www.ksttukku.fi\/kauppa\/wp-json\/wp\/v2\/comments?post=304"}],"wp:featuredmedia":[{"embeddable":true,"href":"https:\/\/www.ksttukku.fi\/kauppa\/wp-json\/wp\/v2\/media\/305"}],"wp:attachment":[{"href":"https:\/\/www.ksttukku.fi\/kauppa\/wp-json\/wp\/v2\/media?parent=304"}],"wp:term":[{"taxonomy":"product_brand","embeddable":true,"href":"https:\/\/www.ksttukku.fi\/kauppa\/wp-json\/wp\/v2\/product_brand?post=304"},{"taxonomy":"product_cat","embeddable":true,"href":"https:\/\/www.ksttukku.fi\/kauppa\/wp-json\/wp\/v2\/product_cat?post=304"},{"taxonomy":"product_tag","embeddable":true,"href":"https:\/\/www.ksttukku.fi\/kauppa\/wp-json\/wp\/v2\/product_tag?post=304"}],"curies":[{"name":"wp","href":"https:\/\/api.w.org\/{rel}","templated":true}]}}