{"id":3060,"date":"2019-04-15T13:10:20","date_gmt":"2019-04-15T10:10:20","guid":{"rendered":"http:\/\/www.ksttukku.fi\/kauppa\/?post_type=product&#038;p=3060"},"modified":"2019-04-15T16:24:20","modified_gmt":"2019-04-15T13:24:20","slug":"valopeili-led-delux-600x900mm","status":"publish","type":"product","link":"https:\/\/www.ksttukku.fi\/kauppa\/tuote\/valopeili-led-delux-600x900mm\/","title":{"rendered":"Valopeili led delux 600x900mm"},"content":{"rendered":"<p>Uusi Delux led-valopeili 600x900x60mm (28W) pistorasialla<br \/>\nsek\u00e4 himmenninkytkimell\u00e4. Peilikehyksess\u00e4 on ep\u00e4suoraa<br \/>\nvaloa tuottava lednauha linssiprofiilin alla. Peilin kehys<br \/>\non valkoiseksi maalattua alumiinia. Peilikehyksen sivuun<br \/>\non upotettu himmenninkytkin on\/off toiminnolla.<br \/>\nHimmennins\u00e4\u00e4t\u00f6 on 10-100%, muistitoiminnolla. Peili<br \/>\nvoidaan asentaa joko pysty -tai vaaka-asentoon. Peiliin on<br \/>\nasennettu pistorasia IP44 kannella. Valonl\u00e4hde on Osram<br \/>\nteknologiaa; lednauhana Shortpich 1200lm\/m, Osram<br \/>\nmuuntajalla. Tausta on koteloitu IP44, asennus 220-240V.<br \/>\nMukana toimitetaan lukitushelat kiinte\u00e4\u00e4 asennusta varten<br \/>\nsek\u00e4 sein\u00e4kannatin. Valon v\u00e4ril\u00e4mp\u00f6tila 4000K, 16,6W. Ei<br \/>\nsis\u00e4ll\u00e4 vikavirtakytkint\u00e4. Kehykseen on mahdollista<br \/>\nkiinnitt\u00e4\u00e4 Ebir kylpyhuonevalaisin, esim. Esther, Pandora<br \/>\ntai Nikita. Takana tilaa Ebir muuntajalle<\/p>\n","protected":false},"excerpt":{"rendered":"<p>Ilmainen toimitus<\/p>\n","protected":false},"featured_media":3061,"comment_status":"closed","ping_status":"closed","template":"","meta":[],"product_brand":[],"product_cat":[150,237],"product_tag":[],"class_list":{"0":"post-3060","1":"product","2":"type-product","3":"status-publish","4":"has-post-thumbnail","6":"product_cat-kylpyhuone","7":"product_cat-valopeilit","9":"first","10":"instock","11":"taxable","12":"shipping-taxable","13":"purchasable","14":"product-type-simple"},"_links":{"self":[{"href":"https:\/\/www.ksttukku.fi\/kauppa\/wp-json\/wp\/v2\/product\/3060","targetHints":{"allow":["GET"]}}],"collection":[{"href":"https:\/\/www.ksttukku.fi\/kauppa\/wp-json\/wp\/v2\/product"}],"about":[{"href":"https:\/\/www.ksttukku.fi\/kauppa\/wp-json\/wp\/v2\/types\/product"}],"replies":[{"embeddable":true,"href":"https:\/\/www.ksttukku.fi\/kauppa\/wp-json\/wp\/v2\/comments?post=3060"}],"wp:featuredmedia":[{"embeddable":true,"href":"https:\/\/www.ksttukku.fi\/kauppa\/wp-json\/wp\/v2\/media\/3061"}],"wp:attachment":[{"href":"https:\/\/www.ksttukku.fi\/kauppa\/wp-json\/wp\/v2\/media?parent=3060"}],"wp:term":[{"taxonomy":"product_brand","embeddable":true,"href":"https:\/\/www.ksttukku.fi\/kauppa\/wp-json\/wp\/v2\/product_brand?post=3060"},{"taxonomy":"product_cat","embeddable":true,"href":"https:\/\/www.ksttukku.fi\/kauppa\/wp-json\/wp\/v2\/product_cat?post=3060"},{"taxonomy":"product_tag","embeddable":true,"href":"https:\/\/www.ksttukku.fi\/kauppa\/wp-json\/wp\/v2\/product_tag?post=3060"}],"curies":[{"name":"wp","href":"https:\/\/api.w.org\/{rel}","templated":true}]}}