{"id":3076,"date":"2019-04-15T17:27:35","date_gmt":"2019-04-15T14:27:35","guid":{"rendered":"http:\/\/www.ksttukku.fi\/kauppa\/?post_type=product&#038;p=3076"},"modified":"2026-02-05T17:29:13","modified_gmt":"2026-02-05T15:29:13","slug":"valopeili-led-grand-lux-600x700mm","status":"publish","type":"product","link":"https:\/\/www.ksttukku.fi\/kauppa\/tuote\/valopeili-led-grand-lux-600x700mm\/","title":{"rendered":"Valopeili led Grand Lux 600x700mm"},"content":{"rendered":"<p>Uudistunut Grand Lux led-valopeili 600x700x60mm nyt<br \/>\nvalkoisella kehyksell\u00e4 ja tehokkaammalla lednauhalla.<br \/>\nPeiliss\u00e4 15 mm leve\u00e4 etsattu lasireunus, jonka alla<br \/>\nlednauha. Sivu on valkoiseksi maalattua alumiinia. Peili<br \/>\nvoidaan asentaa joko pysty -tai vaaka-asentoon.<br \/>\nValonl\u00e4hde on Osram teknologiaa; lednauhana Shortpich<br \/>\n800,Osram muuntajalla. Tausta on koteloitu IP44, asennus<br \/>\n220-240V. Mukana toimitetaan lukitushelat kiinte\u00e4\u00e4<br \/>\nasennusta varten (suositus) sek\u00e4 sein\u00e4kannatin. Valon<br \/>\nv\u00e4ril\u00e4mp\u00f6tila 4000K, 15,49W. Ei sis\u00e4ll\u00e4 vikavirtakytkint\u00e4.<br \/>\nKehykseen on mahdollista kiinnitt\u00e4\u00e4 Ebir<br \/>\nkylpyhuonevalaisin, esim. Esther, Pandora tai Nikita.<br \/>\nTakana tilaa Ebir muuntajalle (H-15mm). Takuu 3 vuotta.<\/p>\n","protected":false},"excerpt":{"rendered":"<p>Uudistunut Grand Lux led-valopeili 600x700x60mm nyt valkoisella kehyksell\u00e4 ja tehokkaammalla lednauhalla. Peiliss\u00e4 15 mm leve\u00e4 etsattu lasireunus, jonka alla lednauha. Sivu on valkoiseksi maalattua alumiinia. Peili voidaan asentaa joko pysty -tai vaaka-asentoon. Valonl\u00e4hde on Osram teknologiaa; lednauhana Shortpich 800,Osram muuntajalla. Tausta on koteloitu IP44, asennus 220-240V. Mukana toimitetaan lukitushelat kiinte\u00e4\u00e4 asennusta varten (suositus) sek\u00e4 sein\u00e4kannatin. [&hellip;]<\/p>\n","protected":false},"featured_media":3077,"comment_status":"closed","ping_status":"closed","template":"","meta":[],"product_brand":[],"product_cat":[150,237],"product_tag":[],"class_list":{"0":"post-3076","1":"product","2":"type-product","3":"status-publish","4":"has-post-thumbnail","6":"product_cat-kylpyhuone","7":"product_cat-valopeilit","9":"first","10":"instock","11":"taxable","12":"shipping-taxable","13":"purchasable","14":"product-type-simple"},"_links":{"self":[{"href":"https:\/\/www.ksttukku.fi\/kauppa\/wp-json\/wp\/v2\/product\/3076","targetHints":{"allow":["GET"]}}],"collection":[{"href":"https:\/\/www.ksttukku.fi\/kauppa\/wp-json\/wp\/v2\/product"}],"about":[{"href":"https:\/\/www.ksttukku.fi\/kauppa\/wp-json\/wp\/v2\/types\/product"}],"replies":[{"embeddable":true,"href":"https:\/\/www.ksttukku.fi\/kauppa\/wp-json\/wp\/v2\/comments?post=3076"}],"wp:featuredmedia":[{"embeddable":true,"href":"https:\/\/www.ksttukku.fi\/kauppa\/wp-json\/wp\/v2\/media\/3077"}],"wp:attachment":[{"href":"https:\/\/www.ksttukku.fi\/kauppa\/wp-json\/wp\/v2\/media?parent=3076"}],"wp:term":[{"taxonomy":"product_brand","embeddable":true,"href":"https:\/\/www.ksttukku.fi\/kauppa\/wp-json\/wp\/v2\/product_brand?post=3076"},{"taxonomy":"product_cat","embeddable":true,"href":"https:\/\/www.ksttukku.fi\/kauppa\/wp-json\/wp\/v2\/product_cat?post=3076"},{"taxonomy":"product_tag","embeddable":true,"href":"https:\/\/www.ksttukku.fi\/kauppa\/wp-json\/wp\/v2\/product_tag?post=3076"}],"curies":[{"name":"wp","href":"https:\/\/api.w.org\/{rel}","templated":true}]}}