{"id":3086,"date":"2019-04-16T12:25:12","date_gmt":"2019-04-16T09:25:12","guid":{"rendered":"http:\/\/www.ksttukku.fi\/kauppa\/?post_type=product&#038;p=3086"},"modified":"2026-02-05T18:09:47","modified_gmt":"2026-02-05T16:09:47","slug":"valopeili-led-frost-700x900mm","status":"publish","type":"product","link":"https:\/\/www.ksttukku.fi\/kauppa\/tuote\/valopeili-led-frost-700x900mm\/","title":{"rendered":"Valopeili led Frost 700x900mm"},"content":{"rendered":"<p>Tyylik\u00e4s Led-kehyspeili 70x90cm. Kromattuun kehykseen<br \/>\nupotettu lednauha heijastaa valoa ep\u00e4suorasti joka suuntaan.<br \/>\nPeilin taakse asennetussa Osramin muuntajassa 1,5m johto<br \/>\npistokkeella. Voidaan asentaa sek\u00e4 vaaka- ett\u00e4<br \/>\npystysuuntaan. Mukana k\u00e4yt\u00e4nn\u00f6lliset asennuspalat. 31W, 24V,<br \/>\nIP44, valon v\u00e4ril\u00e4mp\u00f6tila 4000K.<\/p>\n","protected":false},"excerpt":{"rendered":"<p>Tyylik\u00e4s Led-kehyspeili 70x90cm. Kromattuun kehykseen upotettu lednauha heijastaa valoa ep\u00e4suorasti joka suuntaan. Peilin taakse asennetussa Osramin muuntajassa 1,5m johto pistokkeella. Voidaan asentaa sek\u00e4 vaaka- ett\u00e4 pystysuuntaan. Mukana k\u00e4yt\u00e4nn\u00f6lliset asennuspalat. 31W, 24V, IP44, valon v\u00e4ril\u00e4mp\u00f6tila 4000K.<\/p>\n","protected":false},"featured_media":3087,"comment_status":"closed","ping_status":"closed","template":"","meta":[],"product_brand":[],"product_cat":[150,237],"product_tag":[],"class_list":{"0":"post-3086","1":"product","2":"type-product","3":"status-publish","4":"has-post-thumbnail","6":"product_cat-kylpyhuone","7":"product_cat-valopeilit","9":"first","10":"instock","11":"taxable","12":"shipping-taxable","13":"purchasable","14":"product-type-simple"},"_links":{"self":[{"href":"https:\/\/www.ksttukku.fi\/kauppa\/wp-json\/wp\/v2\/product\/3086","targetHints":{"allow":["GET"]}}],"collection":[{"href":"https:\/\/www.ksttukku.fi\/kauppa\/wp-json\/wp\/v2\/product"}],"about":[{"href":"https:\/\/www.ksttukku.fi\/kauppa\/wp-json\/wp\/v2\/types\/product"}],"replies":[{"embeddable":true,"href":"https:\/\/www.ksttukku.fi\/kauppa\/wp-json\/wp\/v2\/comments?post=3086"}],"wp:featuredmedia":[{"embeddable":true,"href":"https:\/\/www.ksttukku.fi\/kauppa\/wp-json\/wp\/v2\/media\/3087"}],"wp:attachment":[{"href":"https:\/\/www.ksttukku.fi\/kauppa\/wp-json\/wp\/v2\/media?parent=3086"}],"wp:term":[{"taxonomy":"product_brand","embeddable":true,"href":"https:\/\/www.ksttukku.fi\/kauppa\/wp-json\/wp\/v2\/product_brand?post=3086"},{"taxonomy":"product_cat","embeddable":true,"href":"https:\/\/www.ksttukku.fi\/kauppa\/wp-json\/wp\/v2\/product_cat?post=3086"},{"taxonomy":"product_tag","embeddable":true,"href":"https:\/\/www.ksttukku.fi\/kauppa\/wp-json\/wp\/v2\/product_tag?post=3086"}],"curies":[{"name":"wp","href":"https:\/\/api.w.org\/{rel}","templated":true}]}}