{"id":3142,"date":"2019-04-17T16:11:36","date_gmt":"2019-04-17T13:11:36","guid":{"rendered":"http:\/\/www.ksttukku.fi\/kauppa\/?post_type=product&#038;p=3142"},"modified":"2023-06-06T15:24:50","modified_gmt":"2023-06-06T12:24:50","slug":"valopeili-maul-800x650mm-pistorasialla","status":"publish","type":"product","link":"https:\/\/www.ksttukku.fi\/kauppa\/tuote\/valopeili-maul-800x650mm-pistorasialla\/","title":{"rendered":"Valopeili Maul 800x650mm pistorasialla"},"content":{"rendered":"<p>Uusi Maul led-valopeili pistorasialla 800(L)x650(H)<br \/>\nx70(S)mm. Valonl\u00e4hteen\u00e4 sivuilla pisteett\u00f6m\u00e4t Reglette AC-<br \/>\nledvalomoduulit. Ledmoduulit voi vaihtaa (230V vaatii<br \/>\ns\u00e4hk\u00f6asentajan). Lumenit: 1200, k\u00e4ytt\u00f6ik\u00e4 36 000h,<br \/>\nCRI&gt;80Ra,IP44, 230V, 2x6W, valonv\u00e4ri 4000K. Takuu 5<br \/>\nvuotta. Peilin alareunassa pistorasia (schuko) IP44.<br \/>\nSulake max 10A. Sis\u00e4lt\u00e4\u00e4 lukitushelan kiinte\u00e4\u00e4<br \/>\nsein\u00e4kiinnityst\u00e4 varten.<\/p>\n","protected":false},"excerpt":{"rendered":"<p>Uusi Maul led-valopeili pistorasialla 800(L)x650(H) x70(S)mm. Valonl\u00e4hteen\u00e4 sivuilla pisteett\u00f6m\u00e4t Reglette AC- ledvalomoduulit. Ledmoduulit voi vaihtaa (230V vaatii s\u00e4hk\u00f6asentajan). Lumenit: 1200, k\u00e4ytt\u00f6ik\u00e4 36 000h, CRI&gt;80Ra,IP44, 230V, 2x6W, valonv\u00e4ri 4000K. Takuu 5 vuotta. Peilin alareunassa pistorasia (schuko) IP44. Sulake max 10A. Sis\u00e4lt\u00e4\u00e4 lukitushelan kiinte\u00e4\u00e4 sein\u00e4kiinnityst\u00e4 varten.<\/p>\n","protected":false},"featured_media":3143,"comment_status":"closed","ping_status":"closed","template":"","meta":[],"product_brand":[],"product_cat":[150,237],"product_tag":[],"class_list":{"0":"post-3142","1":"product","2":"type-product","3":"status-publish","4":"has-post-thumbnail","6":"product_cat-kylpyhuone","7":"product_cat-valopeilit","9":"first","10":"instock","11":"taxable","12":"shipping-taxable","13":"purchasable","14":"product-type-simple"},"_links":{"self":[{"href":"https:\/\/www.ksttukku.fi\/kauppa\/wp-json\/wp\/v2\/product\/3142","targetHints":{"allow":["GET"]}}],"collection":[{"href":"https:\/\/www.ksttukku.fi\/kauppa\/wp-json\/wp\/v2\/product"}],"about":[{"href":"https:\/\/www.ksttukku.fi\/kauppa\/wp-json\/wp\/v2\/types\/product"}],"replies":[{"embeddable":true,"href":"https:\/\/www.ksttukku.fi\/kauppa\/wp-json\/wp\/v2\/comments?post=3142"}],"wp:featuredmedia":[{"embeddable":true,"href":"https:\/\/www.ksttukku.fi\/kauppa\/wp-json\/wp\/v2\/media\/3143"}],"wp:attachment":[{"href":"https:\/\/www.ksttukku.fi\/kauppa\/wp-json\/wp\/v2\/media?parent=3142"}],"wp:term":[{"taxonomy":"product_brand","embeddable":true,"href":"https:\/\/www.ksttukku.fi\/kauppa\/wp-json\/wp\/v2\/product_brand?post=3142"},{"taxonomy":"product_cat","embeddable":true,"href":"https:\/\/www.ksttukku.fi\/kauppa\/wp-json\/wp\/v2\/product_cat?post=3142"},{"taxonomy":"product_tag","embeddable":true,"href":"https:\/\/www.ksttukku.fi\/kauppa\/wp-json\/wp\/v2\/product_tag?post=3142"}],"curies":[{"name":"wp","href":"https:\/\/api.w.org\/{rel}","templated":true}]}}