{"id":3147,"date":"2019-04-17T16:25:15","date_gmt":"2019-04-17T13:25:15","guid":{"rendered":"http:\/\/www.ksttukku.fi\/kauppa\/?post_type=product&#038;p=3147"},"modified":"2022-02-25T18:22:20","modified_gmt":"2022-02-25T16:22:20","slug":"kehyspeili-mira-700x900mm","status":"publish","type":"product","link":"https:\/\/www.ksttukku.fi\/kauppa\/tuote\/kehyspeili-mira-700x900mm\/","title":{"rendered":"Kehyspeili Mira 700x900mm"},"content":{"rendered":"<p>Tyylik\u00e4s krominv\u00e4rinen Mira kehyspeili 700x900x25mm. Kehyksen materiaali<br \/>\non kiillotettua alumiinia. Peili voidaan asentaa joko vaakaan tai pystyyn mukana toimitettavilla<br \/>\nsein\u00e4kiinnittimill\u00e4. Peilin sijaintia voi s\u00e4\u00e4t\u00e4\u00e4 sivusuunnassa ja korkeutta voi s\u00e4\u00e4t\u00e4\u00e4 kiinnittimien<br \/>\ns\u00e4\u00e4t\u00f6ruuveilla. Kehyksess\u00e4 liikuteltavat vastapalat joihin<br \/>\nsaa kiinnitetty\u00e4 esim Esther ja Pandora valaisimen, 900 mm<br \/>\nsivulla 2 vastapalaa (Esther 800mm). Peilin takana tilaa<br \/>\nmuuntajalle (max. 20mm). Asennettaessa yhdess\u00e4 valaisimen<br \/>\nkanssa suositellaan k\u00e4ytt\u00e4m\u00e4\u00e4n mukana toimitettavia<br \/>\nlukitusheloja.<\/p>\n","protected":false},"excerpt":{"rendered":"<p>Tyylik\u00e4s krominv\u00e4rinen Mira kehyspeili 700x900x25mm. Kehyksen materiaali on kiillotettua alumiinia. Peili voidaan asentaa joko vaakaan tai pystyyn mukana toimitettavilla sein\u00e4kiinnittimill\u00e4. Peilin sijaintia voi s\u00e4\u00e4t\u00e4\u00e4 sivusuunnassa ja korkeutta voi s\u00e4\u00e4t\u00e4\u00e4 kiinnittimien s\u00e4\u00e4t\u00f6ruuveilla. Kehyksess\u00e4 liikuteltavat vastapalat joihin saa kiinnitetty\u00e4 esim Esther ja Pandora valaisimen, 900 mm sivulla 2 vastapalaa (Esther 800mm). Peilin takana tilaa muuntajalle (max. 20mm). [&hellip;]<\/p>\n","protected":false},"featured_media":3148,"comment_status":"closed","ping_status":"closed","template":"","meta":[],"product_brand":[],"product_cat":[150,237],"product_tag":[],"class_list":{"0":"post-3147","1":"product","2":"type-product","3":"status-publish","4":"has-post-thumbnail","6":"product_cat-kylpyhuone","7":"product_cat-valopeilit","9":"first","10":"instock","11":"taxable","12":"shipping-taxable","13":"purchasable","14":"product-type-simple"},"_links":{"self":[{"href":"https:\/\/www.ksttukku.fi\/kauppa\/wp-json\/wp\/v2\/product\/3147","targetHints":{"allow":["GET"]}}],"collection":[{"href":"https:\/\/www.ksttukku.fi\/kauppa\/wp-json\/wp\/v2\/product"}],"about":[{"href":"https:\/\/www.ksttukku.fi\/kauppa\/wp-json\/wp\/v2\/types\/product"}],"replies":[{"embeddable":true,"href":"https:\/\/www.ksttukku.fi\/kauppa\/wp-json\/wp\/v2\/comments?post=3147"}],"wp:featuredmedia":[{"embeddable":true,"href":"https:\/\/www.ksttukku.fi\/kauppa\/wp-json\/wp\/v2\/media\/3148"}],"wp:attachment":[{"href":"https:\/\/www.ksttukku.fi\/kauppa\/wp-json\/wp\/v2\/media?parent=3147"}],"wp:term":[{"taxonomy":"product_brand","embeddable":true,"href":"https:\/\/www.ksttukku.fi\/kauppa\/wp-json\/wp\/v2\/product_brand?post=3147"},{"taxonomy":"product_cat","embeddable":true,"href":"https:\/\/www.ksttukku.fi\/kauppa\/wp-json\/wp\/v2\/product_cat?post=3147"},{"taxonomy":"product_tag","embeddable":true,"href":"https:\/\/www.ksttukku.fi\/kauppa\/wp-json\/wp\/v2\/product_tag?post=3147"}],"curies":[{"name":"wp","href":"https:\/\/api.w.org\/{rel}","templated":true}]}}