{"id":3154,"date":"2019-04-18T11:28:13","date_gmt":"2019-04-18T08:28:13","guid":{"rendered":"http:\/\/www.ksttukku.fi\/kauppa\/?post_type=product&#038;p=3154"},"modified":"2024-08-12T14:08:08","modified_gmt":"2024-08-12T11:08:08","slug":"kylpyhuonevalaisin-nikita-10w-ip44","status":"publish","type":"product","link":"https:\/\/www.ksttukku.fi\/kauppa\/tuote\/kylpyhuonevalaisin-nikita-10w-ip44\/","title":{"rendered":"Kylpyhuonevalaisin Nikita 10W IP44"},"content":{"rendered":"<p>Tyylik\u00e4s ledvalaisin, joka asennetaan suoraan<br \/>\nverkkovirtaan (AC-led) ilman erillisi\u00e4 muuntajia.<br \/>\nValkoinen runko ja rst-look kehys ledill\u00e4. Pistokkeella<br \/>\nvarustettu johto 1,5m liitettyn\u00e4 johtoliittimell\u00e4. Voidaan<br \/>\nasentaa peilin taakse tai lis\u00e4osan avulla kaapin p\u00e4\u00e4lle<br \/>\ntai suoraan max. 6mm peiliin. Teho 10W, valon v\u00e4ri 4000K,<br \/>\n36000h, 1866lm, Ra&gt;80, IP44. Takuu 5 vuotta.<\/p>\n<p>Mitat: 300 x 161 x 14 mm<\/p>\n","protected":false},"excerpt":{"rendered":"<p>Tyylik\u00e4s ledvalaisin, joka asennetaan suoraan verkkovirtaan (AC-led) ilman erillisi\u00e4 muuntajia. Valkoinen runko ja rst-look kehys ledill\u00e4. Pistokkeella varustettu johto 1,5m liitettyn\u00e4 johtoliittimell\u00e4. Voidaan asentaa peilin taakse tai lis\u00e4osan avulla kaapin p\u00e4\u00e4lle tai suoraan max. 6mm peiliin. Teho 10W, valon v\u00e4ri 4000K, 36000h, 1866lm, Ra&gt;80, IP44. Takuu 5 vuotta. Mitat: 300 x 161 x 14 mm<\/p>\n","protected":false},"featured_media":3155,"comment_status":"closed","ping_status":"closed","template":"","meta":[],"product_brand":[],"product_cat":[48,150,240],"product_tag":[],"class_list":{"0":"post-3154","1":"product","2":"type-product","3":"status-publish","4":"has-post-thumbnail","6":"product_cat-kosteantilanvalaisimet","7":"product_cat-kylpyhuone","8":"product_cat-valolipat-ja-valaisimet","10":"first","11":"instock","12":"taxable","13":"shipping-taxable","14":"purchasable","15":"product-type-simple"},"_links":{"self":[{"href":"https:\/\/www.ksttukku.fi\/kauppa\/wp-json\/wp\/v2\/product\/3154","targetHints":{"allow":["GET"]}}],"collection":[{"href":"https:\/\/www.ksttukku.fi\/kauppa\/wp-json\/wp\/v2\/product"}],"about":[{"href":"https:\/\/www.ksttukku.fi\/kauppa\/wp-json\/wp\/v2\/types\/product"}],"replies":[{"embeddable":true,"href":"https:\/\/www.ksttukku.fi\/kauppa\/wp-json\/wp\/v2\/comments?post=3154"}],"wp:featuredmedia":[{"embeddable":true,"href":"https:\/\/www.ksttukku.fi\/kauppa\/wp-json\/wp\/v2\/media\/3155"}],"wp:attachment":[{"href":"https:\/\/www.ksttukku.fi\/kauppa\/wp-json\/wp\/v2\/media?parent=3154"}],"wp:term":[{"taxonomy":"product_brand","embeddable":true,"href":"https:\/\/www.ksttukku.fi\/kauppa\/wp-json\/wp\/v2\/product_brand?post=3154"},{"taxonomy":"product_cat","embeddable":true,"href":"https:\/\/www.ksttukku.fi\/kauppa\/wp-json\/wp\/v2\/product_cat?post=3154"},{"taxonomy":"product_tag","embeddable":true,"href":"https:\/\/www.ksttukku.fi\/kauppa\/wp-json\/wp\/v2\/product_tag?post=3154"}],"curies":[{"name":"wp","href":"https:\/\/api.w.org\/{rel}","templated":true}]}}