{"id":316,"date":"2018-01-30T17:39:06","date_gmt":"2018-01-30T15:39:06","guid":{"rendered":"http:\/\/www.ksttukku.fi\/kauppa\/?post_type=product&#038;p=316"},"modified":"2020-02-19T17:45:46","modified_gmt":"2020-02-19T15:45:46","slug":"led-valonauhasarja-5m-ip44ip20","status":"publish","type":"product","link":"https:\/\/www.ksttukku.fi\/kauppa\/tuote\/led-valonauhasarja-5m-ip44ip20\/","title":{"rendered":"Led valonauhasarja 5m IP20\/IP44"},"content":{"rendered":"<p>LED-valonauha monipuoliseen kodin sisustamiseen. Sis\u00e4lt\u00e4\u00e4 5 metri\u00e4 valonauhaa, joka on mahdollista lyhent\u00e4\u00e4 saksilla 5cm v\u00e4lein. Kiinnitys tapahtuu nauhassa olevan 3M tarranauhan avulla, mukana lis\u00e4ksi 10kpl kiinnikkeit\u00e4. Helppo asentaa pienehk\u00f6\u00f6n tilaan ja antaa mielytt\u00e4v\u00e4n l\u00e4mpim\u00e4n valkoisen valaistuksen. Sis\u00e4lt\u00e4\u00e4 pistorasia-adapterin, sek\u00e4 johdon on\/off kytkimell\u00e4.<\/p>\n<p>Teho: 24 W (4,8W\/m)<\/p>\n<p>Valovirta: 1500 lm<\/p>\n<p>IP-luokitus: valonauha IP44, adapteri IP20<\/p>\n<p>V\u00e4ril\u00e4mp\u00f6: 3000 K<\/p>\n","protected":false},"excerpt":{"rendered":"<p>LED-valonauha monipuoliseen kodin sisustamiseen. Sis\u00e4lt\u00e4\u00e4 5 metri\u00e4 valonauhaa, joka on mahdollista lyhent\u00e4\u00e4 saksilla 5cm v\u00e4lein. Kiinnitys tapahtuu nauhassa olevan 3M tarranauhan avulla, mukana lis\u00e4ksi 10kpl kiinnikkeit\u00e4. Helppo asentaa pienehk\u00f6\u00f6n tilaan ja antaa mielytt\u00e4v\u00e4n l\u00e4mpim\u00e4n valkoisen valaistuksen. Sis\u00e4lt\u00e4\u00e4 pistorasia-adapterin, sek\u00e4 johdon on\/off kytkimell\u00e4. Teho: 24 W (4,8W\/m) Valovirta: 1500 lm IP-luokitus: valonauha IP44, adapteri IP20 V\u00e4ril\u00e4mp\u00f6: [&hellip;]<\/p>\n","protected":false},"featured_media":317,"comment_status":"closed","ping_status":"closed","template":"","meta":[],"product_brand":[],"product_cat":[45],"product_tag":[],"class_list":{"0":"post-316","1":"product","2":"type-product","3":"status-publish","4":"has-post-thumbnail","6":"product_cat-valonauhat","8":"first","9":"instock","10":"taxable","11":"shipping-taxable","12":"purchasable","13":"product-type-simple"},"_links":{"self":[{"href":"https:\/\/www.ksttukku.fi\/kauppa\/wp-json\/wp\/v2\/product\/316","targetHints":{"allow":["GET"]}}],"collection":[{"href":"https:\/\/www.ksttukku.fi\/kauppa\/wp-json\/wp\/v2\/product"}],"about":[{"href":"https:\/\/www.ksttukku.fi\/kauppa\/wp-json\/wp\/v2\/types\/product"}],"replies":[{"embeddable":true,"href":"https:\/\/www.ksttukku.fi\/kauppa\/wp-json\/wp\/v2\/comments?post=316"}],"wp:featuredmedia":[{"embeddable":true,"href":"https:\/\/www.ksttukku.fi\/kauppa\/wp-json\/wp\/v2\/media\/317"}],"wp:attachment":[{"href":"https:\/\/www.ksttukku.fi\/kauppa\/wp-json\/wp\/v2\/media?parent=316"}],"wp:term":[{"taxonomy":"product_brand","embeddable":true,"href":"https:\/\/www.ksttukku.fi\/kauppa\/wp-json\/wp\/v2\/product_brand?post=316"},{"taxonomy":"product_cat","embeddable":true,"href":"https:\/\/www.ksttukku.fi\/kauppa\/wp-json\/wp\/v2\/product_cat?post=316"},{"taxonomy":"product_tag","embeddable":true,"href":"https:\/\/www.ksttukku.fi\/kauppa\/wp-json\/wp\/v2\/product_tag?post=316"}],"curies":[{"name":"wp","href":"https:\/\/api.w.org\/{rel}","templated":true}]}}