{"id":3162,"date":"2019-04-18T12:15:20","date_gmt":"2019-04-18T09:15:20","guid":{"rendered":"http:\/\/www.ksttukku.fi\/kauppa\/?post_type=product&#038;p=3162"},"modified":"2024-08-12T14:46:25","modified_gmt":"2024-08-12T11:46:25","slug":"kylpyhuonevalaisin-paz-s3-6w-ip44","status":"publish","type":"product","link":"https:\/\/www.ksttukku.fi\/kauppa\/tuote\/kylpyhuonevalaisin-paz-s3-6w-ip44\/","title":{"rendered":"Kylpyhuonevalaisin Paz S3 6W IP44"},"content":{"rendered":"<p>Paz on ulkoasultaan moderni, kromattu IP44 ledvalaisin.<br \/>\nValon v\u00e4ri 4000K, teho 6W, 36 000h, valon m\u00e4\u00e4r\u00e4<br \/>\n750lm, RA&gt;80. Valaisee my\u00f6s yl\u00f6sp\u00e4in. Muuntajassa 1,5m<br \/>\nvirtajohto pistokkeella. Asennetaan peilin taakse tai<br \/>\nmukana olevan lis\u00e4osan avulla kaapin p\u00e4\u00e4lle tai max. 6mm<br \/>\npeiliin. Takuu 2 vuotta.<\/p>\n<p>Mitat: 290 x 93 x 13 mm<\/p>\n","protected":false},"excerpt":{"rendered":"<p>Paz on ulkoasultaan moderni, kromattu IP44 ledvalaisin. Valon v\u00e4ri 4000K, teho 6W, 36 000h, valon m\u00e4\u00e4r\u00e4 750lm, RA&gt;80. Valaisee my\u00f6s yl\u00f6sp\u00e4in. Muuntajassa 1,5m virtajohto pistokkeella. Asennetaan peilin taakse tai mukana olevan lis\u00e4osan avulla kaapin p\u00e4\u00e4lle tai max. 6mm peiliin. Takuu 2 vuotta. Mitat: 290 x 93 x 13 mm<\/p>\n","protected":false},"featured_media":3163,"comment_status":"closed","ping_status":"closed","template":"","meta":[],"product_brand":[],"product_cat":[48,150,240],"product_tag":[],"class_list":{"0":"post-3162","1":"product","2":"type-product","3":"status-publish","4":"has-post-thumbnail","6":"product_cat-kosteantilanvalaisimet","7":"product_cat-kylpyhuone","8":"product_cat-valolipat-ja-valaisimet","10":"first","11":"instock","12":"taxable","13":"shipping-taxable","14":"purchasable","15":"product-type-simple"},"_links":{"self":[{"href":"https:\/\/www.ksttukku.fi\/kauppa\/wp-json\/wp\/v2\/product\/3162","targetHints":{"allow":["GET"]}}],"collection":[{"href":"https:\/\/www.ksttukku.fi\/kauppa\/wp-json\/wp\/v2\/product"}],"about":[{"href":"https:\/\/www.ksttukku.fi\/kauppa\/wp-json\/wp\/v2\/types\/product"}],"replies":[{"embeddable":true,"href":"https:\/\/www.ksttukku.fi\/kauppa\/wp-json\/wp\/v2\/comments?post=3162"}],"wp:featuredmedia":[{"embeddable":true,"href":"https:\/\/www.ksttukku.fi\/kauppa\/wp-json\/wp\/v2\/media\/3163"}],"wp:attachment":[{"href":"https:\/\/www.ksttukku.fi\/kauppa\/wp-json\/wp\/v2\/media?parent=3162"}],"wp:term":[{"taxonomy":"product_brand","embeddable":true,"href":"https:\/\/www.ksttukku.fi\/kauppa\/wp-json\/wp\/v2\/product_brand?post=3162"},{"taxonomy":"product_cat","embeddable":true,"href":"https:\/\/www.ksttukku.fi\/kauppa\/wp-json\/wp\/v2\/product_cat?post=3162"},{"taxonomy":"product_tag","embeddable":true,"href":"https:\/\/www.ksttukku.fi\/kauppa\/wp-json\/wp\/v2\/product_tag?post=3162"}],"curies":[{"name":"wp","href":"https:\/\/api.w.org\/{rel}","templated":true}]}}