{"id":3185,"date":"2019-04-20T11:55:34","date_gmt":"2019-04-20T08:55:34","guid":{"rendered":"http:\/\/www.ksttukku.fi\/kauppa\/?post_type=product&#038;p=3185"},"modified":"2022-08-09T18:19:40","modified_gmt":"2022-08-09T15:19:40","slug":"kylpyhuonevalaisin-pandora-s3-8w-ip44","status":"publish","type":"product","link":"https:\/\/www.ksttukku.fi\/kauppa\/tuote\/kylpyhuonevalaisin-pandora-s3-8w-ip44\/","title":{"rendered":"Kylpyhuonevalaisin Pandora S3 8W IP44"},"content":{"rendered":"<p>Pandora 308mm on kromattu 8W S3 AC-ledvalaisin,<br \/>\njoka kytket\u00e4\u00e4n suoraan verkkovirtaan ilman erillist\u00e4<br \/>\nmuuntajaa. Voidaan asentaa kaapin p\u00e4\u00e4lle mukana tulevan<br \/>\nlis\u00e4osan avulla, peilin taakse tai max. 6mm peiliin. Mitat<br \/>\n112x308x15mm, virtajohto 1,5m europlug-pistokkeella. IP44,<br \/>\n36 000h, 770lm, 4000K. Takuu 5 vuotta.<\/p>\n","protected":false},"excerpt":{"rendered":"<p>Pandora 308mm on kromattu 8W S3 AC-ledvalaisin, joka kytket\u00e4\u00e4n suoraan verkkovirtaan ilman erillist\u00e4 muuntajaa. Voidaan asentaa kaapin p\u00e4\u00e4lle mukana tulevan lis\u00e4osan avulla, peilin taakse tai max. 6mm peiliin. Mitat 112x308x15mm, virtajohto 1,5m europlug-pistokkeella. IP44, 36 000h, 770lm, 4000K. Takuu 5 vuotta.<\/p>\n","protected":false},"featured_media":3186,"comment_status":"closed","ping_status":"closed","template":"","meta":[],"product_brand":[],"product_cat":[48,150,240],"product_tag":[],"class_list":{"0":"post-3185","1":"product","2":"type-product","3":"status-publish","4":"has-post-thumbnail","6":"product_cat-kosteantilanvalaisimet","7":"product_cat-kylpyhuone","8":"product_cat-valolipat-ja-valaisimet","10":"first","11":"instock","12":"taxable","13":"shipping-taxable","14":"purchasable","15":"product-type-simple"},"_links":{"self":[{"href":"https:\/\/www.ksttukku.fi\/kauppa\/wp-json\/wp\/v2\/product\/3185","targetHints":{"allow":["GET"]}}],"collection":[{"href":"https:\/\/www.ksttukku.fi\/kauppa\/wp-json\/wp\/v2\/product"}],"about":[{"href":"https:\/\/www.ksttukku.fi\/kauppa\/wp-json\/wp\/v2\/types\/product"}],"replies":[{"embeddable":true,"href":"https:\/\/www.ksttukku.fi\/kauppa\/wp-json\/wp\/v2\/comments?post=3185"}],"wp:featuredmedia":[{"embeddable":true,"href":"https:\/\/www.ksttukku.fi\/kauppa\/wp-json\/wp\/v2\/media\/3186"}],"wp:attachment":[{"href":"https:\/\/www.ksttukku.fi\/kauppa\/wp-json\/wp\/v2\/media?parent=3185"}],"wp:term":[{"taxonomy":"product_brand","embeddable":true,"href":"https:\/\/www.ksttukku.fi\/kauppa\/wp-json\/wp\/v2\/product_brand?post=3185"},{"taxonomy":"product_cat","embeddable":true,"href":"https:\/\/www.ksttukku.fi\/kauppa\/wp-json\/wp\/v2\/product_cat?post=3185"},{"taxonomy":"product_tag","embeddable":true,"href":"https:\/\/www.ksttukku.fi\/kauppa\/wp-json\/wp\/v2\/product_tag?post=3185"}],"curies":[{"name":"wp","href":"https:\/\/api.w.org\/{rel}","templated":true}]}}