{"id":3187,"date":"2019-04-20T12:11:53","date_gmt":"2019-04-20T09:11:53","guid":{"rendered":"http:\/\/www.ksttukku.fi\/kauppa\/?post_type=product&#038;p=3187"},"modified":"2024-02-13T17:20:58","modified_gmt":"2024-02-13T15:20:58","slug":"kylpyhuonevalaisin-pandora-s3-10w-ip44","status":"publish","type":"product","link":"https:\/\/www.ksttukku.fi\/kauppa\/tuote\/kylpyhuonevalaisin-pandora-s3-10w-ip44\/","title":{"rendered":"Kylpyhuonevalaisin Pandora S3 10W IP44"},"content":{"rendered":"<p>Pandoran kromattu 10W S3 AC-ledvalaisin 458mm, joka<br \/>\nkytket\u00e4\u00e4n suoraan verkkovirtaan ilman erillist\u00e4 muuntajaa.<br \/>\nVoidaan asentaa kaapin p\u00e4\u00e4lle mukana tulevan lis\u00e4osan<br \/>\navulla, peilin taakse tai max. 6mm peiliin. Mitat<br \/>\n112x458x15mm, virtajohto 1,5m europlug-pistokkeella. IP44,<br \/>\n36 000h, 757lm, 4000K. Takuu 5 vuotta.<\/p>\n","protected":false},"excerpt":{"rendered":"<p>Pandoran kromattu 10W S3 AC-ledvalaisin 458mm, joka kytket\u00e4\u00e4n suoraan verkkovirtaan ilman erillist\u00e4 muuntajaa. Voidaan asentaa kaapin p\u00e4\u00e4lle mukana tulevan lis\u00e4osan avulla, peilin taakse tai max. 6mm peiliin. Mitat 112x458x15mm, virtajohto 1,5m europlug-pistokkeella. IP44, 36 000h, 757lm, 4000K. Takuu 5 vuotta.<\/p>\n","protected":false},"featured_media":3188,"comment_status":"closed","ping_status":"closed","template":"","meta":[],"product_brand":[],"product_cat":[48,150,240],"product_tag":[],"class_list":{"0":"post-3187","1":"product","2":"type-product","3":"status-publish","4":"has-post-thumbnail","6":"product_cat-kosteantilanvalaisimet","7":"product_cat-kylpyhuone","8":"product_cat-valolipat-ja-valaisimet","10":"first","11":"instock","12":"taxable","13":"shipping-taxable","14":"purchasable","15":"product-type-simple"},"_links":{"self":[{"href":"https:\/\/www.ksttukku.fi\/kauppa\/wp-json\/wp\/v2\/product\/3187","targetHints":{"allow":["GET"]}}],"collection":[{"href":"https:\/\/www.ksttukku.fi\/kauppa\/wp-json\/wp\/v2\/product"}],"about":[{"href":"https:\/\/www.ksttukku.fi\/kauppa\/wp-json\/wp\/v2\/types\/product"}],"replies":[{"embeddable":true,"href":"https:\/\/www.ksttukku.fi\/kauppa\/wp-json\/wp\/v2\/comments?post=3187"}],"wp:featuredmedia":[{"embeddable":true,"href":"https:\/\/www.ksttukku.fi\/kauppa\/wp-json\/wp\/v2\/media\/3188"}],"wp:attachment":[{"href":"https:\/\/www.ksttukku.fi\/kauppa\/wp-json\/wp\/v2\/media?parent=3187"}],"wp:term":[{"taxonomy":"product_brand","embeddable":true,"href":"https:\/\/www.ksttukku.fi\/kauppa\/wp-json\/wp\/v2\/product_brand?post=3187"},{"taxonomy":"product_cat","embeddable":true,"href":"https:\/\/www.ksttukku.fi\/kauppa\/wp-json\/wp\/v2\/product_cat?post=3187"},{"taxonomy":"product_tag","embeddable":true,"href":"https:\/\/www.ksttukku.fi\/kauppa\/wp-json\/wp\/v2\/product_tag?post=3187"}],"curies":[{"name":"wp","href":"https:\/\/api.w.org\/{rel}","templated":true}]}}