{"id":3194,"date":"2019-04-20T13:18:12","date_gmt":"2019-04-20T10:18:12","guid":{"rendered":"http:\/\/www.ksttukku.fi\/kauppa\/?post_type=product&#038;p=3194"},"modified":"2024-08-12T15:05:32","modified_gmt":"2024-08-12T12:05:32","slug":"kylpyhuonevalaisin-esther-s3-10w-ip44","status":"publish","type":"product","link":"https:\/\/www.ksttukku.fi\/kauppa\/tuote\/kylpyhuonevalaisin-esther-s3-10w-ip44\/","title":{"rendered":"Kylpyhuonevalaisin Esther S3 10W IP44 800mm"},"content":{"rendered":"<p>Uudistunut AC-led versio n\u00e4ytt\u00e4v\u00e4st\u00e4 Esther valaisimesta.<br \/>\nAC-led kytket\u00e4\u00e4n suoraan verkkovirtaan, ei erillist\u00e4 muuntajaa. Kromattu S3 varrella varustettu, 800mm leve\u00e4 valaisin, jonka mukana toimitetaan uudet kiinnittimet kaapin p\u00e4\u00e4lle asennusta helpottamaan. Kiinnitett\u00e4viss\u00e4 my\u00f6s peilin taakse. Irrottamalla uuden kiinnittimen osat toisistaan voi valaisimen kiinnitt\u00e4\u00e4 my\u00f6s max. 6mm peiliin . IP44, 10W, 791 lumenia, 4000K. CRI &gt; 80, 36 000h, takuu 5 vuotta. Esiasennettu europlug johto (IP44 liittimell\u00e4).<\/p>\n","protected":false},"excerpt":{"rendered":"<p>Uudistunut AC-led versio n\u00e4ytt\u00e4v\u00e4st\u00e4 Esther valaisimesta. AC-led kytket\u00e4\u00e4n suoraan verkkovirtaan, ei erillist\u00e4 muuntajaa. Kromattu S3 varrella varustettu, 800mm leve\u00e4 valaisin, jonka mukana toimitetaan uudet kiinnittimet kaapin p\u00e4\u00e4lle asennusta helpottamaan. Kiinnitett\u00e4viss\u00e4 my\u00f6s peilin taakse. Irrottamalla uuden kiinnittimen osat toisistaan voi valaisimen kiinnitt\u00e4\u00e4 my\u00f6s max. 6mm peiliin . IP44, 10W, 791 lumenia, 4000K. CRI &gt; 80, 36 [&hellip;]<\/p>\n","protected":false},"featured_media":3195,"comment_status":"closed","ping_status":"closed","template":"","meta":[],"product_brand":[],"product_cat":[48,150,240],"product_tag":[],"class_list":{"0":"post-3194","1":"product","2":"type-product","3":"status-publish","4":"has-post-thumbnail","6":"product_cat-kosteantilanvalaisimet","7":"product_cat-kylpyhuone","8":"product_cat-valolipat-ja-valaisimet","10":"first","11":"instock","12":"taxable","13":"shipping-taxable","14":"purchasable","15":"product-type-simple"},"_links":{"self":[{"href":"https:\/\/www.ksttukku.fi\/kauppa\/wp-json\/wp\/v2\/product\/3194","targetHints":{"allow":["GET"]}}],"collection":[{"href":"https:\/\/www.ksttukku.fi\/kauppa\/wp-json\/wp\/v2\/product"}],"about":[{"href":"https:\/\/www.ksttukku.fi\/kauppa\/wp-json\/wp\/v2\/types\/product"}],"replies":[{"embeddable":true,"href":"https:\/\/www.ksttukku.fi\/kauppa\/wp-json\/wp\/v2\/comments?post=3194"}],"wp:featuredmedia":[{"embeddable":true,"href":"https:\/\/www.ksttukku.fi\/kauppa\/wp-json\/wp\/v2\/media\/3195"}],"wp:attachment":[{"href":"https:\/\/www.ksttukku.fi\/kauppa\/wp-json\/wp\/v2\/media?parent=3194"}],"wp:term":[{"taxonomy":"product_brand","embeddable":true,"href":"https:\/\/www.ksttukku.fi\/kauppa\/wp-json\/wp\/v2\/product_brand?post=3194"},{"taxonomy":"product_cat","embeddable":true,"href":"https:\/\/www.ksttukku.fi\/kauppa\/wp-json\/wp\/v2\/product_cat?post=3194"},{"taxonomy":"product_tag","embeddable":true,"href":"https:\/\/www.ksttukku.fi\/kauppa\/wp-json\/wp\/v2\/product_tag?post=3194"}],"curies":[{"name":"wp","href":"https:\/\/api.w.org\/{rel}","templated":true}]}}