{"id":323,"date":"2018-01-30T19:05:16","date_gmt":"2018-01-30T17:05:16","guid":{"rendered":"http:\/\/www.ksttukku.fi\/kauppa\/?post_type=product&#038;p=323"},"modified":"2018-01-30T19:05:16","modified_gmt":"2018-01-30T17:05:16","slug":"versailles-led-66w","status":"publish","type":"product","link":"https:\/\/www.ksttukku.fi\/kauppa\/tuote\/versailles-led-66w\/","title":{"rendered":"Versailles led 66W"},"content":{"rendered":"<p>Led-kattovalaisin kiinte\u00e4ll\u00e4 ledill\u00e4<\/p>\n<p>Teho: 66 W<\/p>\n<p>Valovirta: 3166 lm<\/p>\n<p>V\u00e4ril\u00e4mp\u00f6tila: 3000 K<\/p>\n<p>V\u00e4ri: kromi<\/p>\n<p>Valaisimen mitat: \u2205 54 cm, max korkeus 200 cm<\/p>\n","protected":false},"excerpt":{"rendered":"<p>Led-kattovalaisin kiinte\u00e4ll\u00e4 ledill\u00e4 Teho: 66 W Valovirta: 3166 lm V\u00e4ril\u00e4mp\u00f6tila: 3000 K V\u00e4ri: kromi Valaisimen mitat: \u2205 54 cm, max korkeus 200 cm<\/p>\n","protected":false},"featured_media":324,"comment_status":"closed","ping_status":"closed","template":"","meta":[],"product_brand":[],"product_cat":[49,35,34],"product_tag":[],"class_list":{"0":"post-323","1":"product","2":"type-product","3":"status-publish","4":"has-post-thumbnail","6":"product_cat-riippuvalaisimet","7":"product_cat-sisavalaisimet","8":"product_cat-valaisimet","10":"first","11":"instock","12":"taxable","13":"shipping-taxable","14":"purchasable","15":"product-type-simple"},"_links":{"self":[{"href":"https:\/\/www.ksttukku.fi\/kauppa\/wp-json\/wp\/v2\/product\/323","targetHints":{"allow":["GET"]}}],"collection":[{"href":"https:\/\/www.ksttukku.fi\/kauppa\/wp-json\/wp\/v2\/product"}],"about":[{"href":"https:\/\/www.ksttukku.fi\/kauppa\/wp-json\/wp\/v2\/types\/product"}],"replies":[{"embeddable":true,"href":"https:\/\/www.ksttukku.fi\/kauppa\/wp-json\/wp\/v2\/comments?post=323"}],"wp:featuredmedia":[{"embeddable":true,"href":"https:\/\/www.ksttukku.fi\/kauppa\/wp-json\/wp\/v2\/media\/324"}],"wp:attachment":[{"href":"https:\/\/www.ksttukku.fi\/kauppa\/wp-json\/wp\/v2\/media?parent=323"}],"wp:term":[{"taxonomy":"product_brand","embeddable":true,"href":"https:\/\/www.ksttukku.fi\/kauppa\/wp-json\/wp\/v2\/product_brand?post=323"},{"taxonomy":"product_cat","embeddable":true,"href":"https:\/\/www.ksttukku.fi\/kauppa\/wp-json\/wp\/v2\/product_cat?post=323"},{"taxonomy":"product_tag","embeddable":true,"href":"https:\/\/www.ksttukku.fi\/kauppa\/wp-json\/wp\/v2\/product_tag?post=323"}],"curies":[{"name":"wp","href":"https:\/\/api.w.org\/{rel}","templated":true}]}}