{"id":3235,"date":"2019-04-25T16:39:04","date_gmt":"2019-04-25T13:39:04","guid":{"rendered":"http:\/\/www.ksttukku.fi\/kauppa\/?post_type=product&#038;p=3235"},"modified":"2024-08-12T15:14:06","modified_gmt":"2024-08-12T12:14:06","slug":"kylpyhuonevalaisin-ruth-6w-ip44","status":"publish","type":"product","link":"https:\/\/www.ksttukku.fi\/kauppa\/tuote\/kylpyhuonevalaisin-ruth-6w-ip44\/","title":{"rendered":"Kylpyhuonevalaisin Ruth 6W IP44"},"content":{"rendered":"<p>Kromattu ledvalaisin Ruth on IP44 luokiteltu valaisin<br \/>\nkylpyhuoneeseen. Tyylikk\u00e4\u00e4n valaisimen leveys 490mm,<br \/>\nsyvyys 88mm ja korkeus 26mm. Kiinnitys peilin taakse tai mukana<br \/>\ntulevan lis\u00e4osan avulla kaapin p\u00e4\u00e4lle. Valaisimen<br \/>\nk\u00e4ytt\u00f6ik\u00e4 on 36000h, valoteho 840lm ja valon v\u00e4ri 5700K.<br \/>\nSis\u00e4lt\u00e4\u00e4 muuntajan. Takuu 2 vuotta.<\/p>\n","protected":false},"excerpt":{"rendered":"<p>Kromattu ledvalaisin Ruth on IP44 luokiteltu valaisin kylpyhuoneeseen. Tyylikk\u00e4\u00e4n valaisimen leveys 490mm, syvyys 88mm ja korkeus 26mm. Kiinnitys peilin taakse tai mukana tulevan lis\u00e4osan avulla kaapin p\u00e4\u00e4lle. Valaisimen k\u00e4ytt\u00f6ik\u00e4 on 36000h, valoteho 840lm ja valon v\u00e4ri 5700K. Sis\u00e4lt\u00e4\u00e4 muuntajan. Takuu 2 vuotta.<\/p>\n","protected":false},"featured_media":3236,"comment_status":"closed","ping_status":"closed","template":"","meta":[],"product_brand":[],"product_cat":[48,150,240],"product_tag":[],"class_list":{"0":"post-3235","1":"product","2":"type-product","3":"status-publish","4":"has-post-thumbnail","6":"product_cat-kosteantilanvalaisimet","7":"product_cat-kylpyhuone","8":"product_cat-valolipat-ja-valaisimet","10":"first","11":"outofstock","12":"taxable","13":"shipping-taxable","14":"purchasable","15":"product-type-simple"},"_links":{"self":[{"href":"https:\/\/www.ksttukku.fi\/kauppa\/wp-json\/wp\/v2\/product\/3235","targetHints":{"allow":["GET"]}}],"collection":[{"href":"https:\/\/www.ksttukku.fi\/kauppa\/wp-json\/wp\/v2\/product"}],"about":[{"href":"https:\/\/www.ksttukku.fi\/kauppa\/wp-json\/wp\/v2\/types\/product"}],"replies":[{"embeddable":true,"href":"https:\/\/www.ksttukku.fi\/kauppa\/wp-json\/wp\/v2\/comments?post=3235"}],"wp:featuredmedia":[{"embeddable":true,"href":"https:\/\/www.ksttukku.fi\/kauppa\/wp-json\/wp\/v2\/media\/3236"}],"wp:attachment":[{"href":"https:\/\/www.ksttukku.fi\/kauppa\/wp-json\/wp\/v2\/media?parent=3235"}],"wp:term":[{"taxonomy":"product_brand","embeddable":true,"href":"https:\/\/www.ksttukku.fi\/kauppa\/wp-json\/wp\/v2\/product_brand?post=3235"},{"taxonomy":"product_cat","embeddable":true,"href":"https:\/\/www.ksttukku.fi\/kauppa\/wp-json\/wp\/v2\/product_cat?post=3235"},{"taxonomy":"product_tag","embeddable":true,"href":"https:\/\/www.ksttukku.fi\/kauppa\/wp-json\/wp\/v2\/product_tag?post=3235"}],"curies":[{"name":"wp","href":"https:\/\/api.w.org\/{rel}","templated":true}]}}