{"id":3237,"date":"2019-04-25T16:48:22","date_gmt":"2019-04-25T13:48:22","guid":{"rendered":"http:\/\/www.ksttukku.fi\/kauppa\/?post_type=product&#038;p=3237"},"modified":"2021-07-20T18:04:33","modified_gmt":"2021-07-20T15:04:33","slug":"kylpyhuonevalaisin-ruth-bi-led-12w-ip44","status":"publish","type":"product","link":"https:\/\/www.ksttukku.fi\/kauppa\/tuote\/kylpyhuonevalaisin-ruth-bi-led-12w-ip44\/","title":{"rendered":"Kylpyhuonevalaisin Ruth 3light 500mm 3000\/4000\/5700K IP44 S3 8W"},"content":{"rendered":"<p>Uutuus ledvalaisin Ruth 3-light kromattuna 500mm. Valonv\u00e4ri voidaan vaihtaa mill\u00e4 tahansa on\/off -kytkimell\u00e4 (sein\u00e4kytkin tai esim. nexan pistorasiavastaanotin + kytkin) 3000K\/4000K\/5700K. Muistitoiminto kun valaisin off-asennossa v\u00e4hint\u00e4\u00e4n 15sek. Ac-led teknologiaa, kytket\u00e4\u00e4n suoraan verkkovirtaan, teho 8W. IP44. Asennettavissa kaapinp\u00e4\u00e4lle, peilin taakse tai peiliin (max. 6mm) mukana tulevalla kiinnittimell\u00e4. Valoteho 500lx\/50cm et\u00e4isyydell\u00e4. Himmennett\u00e4viss\u00e4 (LC) sein\u00e4kytkimell\u00e4 230V.<\/p>\n","protected":false},"excerpt":{"rendered":"<p>Uutuus ledvalaisin Ruth 3-light kromattuna 500mm. Valonv\u00e4ri voidaan vaihtaa mill\u00e4 tahansa on\/off -kytkimell\u00e4 (sein\u00e4kytkin tai esim. nexan pistorasiavastaanotin + kytkin) 3000K\/4000K\/5700K. Muistitoiminto kun valaisin off-asennossa v\u00e4hint\u00e4\u00e4n 15sek. Ac-led teknologiaa, kytket\u00e4\u00e4n suoraan verkkovirtaan, teho 8W. IP44. Asennettavissa kaapinp\u00e4\u00e4lle, peilin taakse tai peiliin (max. 6mm) mukana tulevalla kiinnittimell\u00e4. Valoteho 500lx\/50cm et\u00e4isyydell\u00e4. Himmennett\u00e4viss\u00e4 (LC) sein\u00e4kytkimell\u00e4 230V.<\/p>\n","protected":false},"featured_media":8023,"comment_status":"closed","ping_status":"closed","template":"","meta":[],"product_brand":[],"product_cat":[48,150,240],"product_tag":[],"class_list":{"0":"post-3237","1":"product","2":"type-product","3":"status-publish","4":"has-post-thumbnail","6":"product_cat-kosteantilanvalaisimet","7":"product_cat-kylpyhuone","8":"product_cat-valolipat-ja-valaisimet","10":"first","11":"instock","12":"taxable","13":"shipping-taxable","14":"purchasable","15":"product-type-simple"},"_links":{"self":[{"href":"https:\/\/www.ksttukku.fi\/kauppa\/wp-json\/wp\/v2\/product\/3237","targetHints":{"allow":["GET"]}}],"collection":[{"href":"https:\/\/www.ksttukku.fi\/kauppa\/wp-json\/wp\/v2\/product"}],"about":[{"href":"https:\/\/www.ksttukku.fi\/kauppa\/wp-json\/wp\/v2\/types\/product"}],"replies":[{"embeddable":true,"href":"https:\/\/www.ksttukku.fi\/kauppa\/wp-json\/wp\/v2\/comments?post=3237"}],"wp:featuredmedia":[{"embeddable":true,"href":"https:\/\/www.ksttukku.fi\/kauppa\/wp-json\/wp\/v2\/media\/8023"}],"wp:attachment":[{"href":"https:\/\/www.ksttukku.fi\/kauppa\/wp-json\/wp\/v2\/media?parent=3237"}],"wp:term":[{"taxonomy":"product_brand","embeddable":true,"href":"https:\/\/www.ksttukku.fi\/kauppa\/wp-json\/wp\/v2\/product_brand?post=3237"},{"taxonomy":"product_cat","embeddable":true,"href":"https:\/\/www.ksttukku.fi\/kauppa\/wp-json\/wp\/v2\/product_cat?post=3237"},{"taxonomy":"product_tag","embeddable":true,"href":"https:\/\/www.ksttukku.fi\/kauppa\/wp-json\/wp\/v2\/product_tag?post=3237"}],"curies":[{"name":"wp","href":"https:\/\/api.w.org\/{rel}","templated":true}]}}